{"id":4632,"date":"2024-11-16T11:52:17","date_gmt":"2024-11-16T14:52:17","guid":{"rendered":"https:\/\/amplitudmodulada.com.ar\/?page_id=4632"},"modified":"2024-11-16T12:02:56","modified_gmt":"2024-11-16T15:02:56","slug":"noticia13304","status":"publish","type":"page","link":"https:\/\/amplitudmodulada.com.ar\/index.php\/noticia13304\/","title":{"rendered":"El programa &#8220;La Venganza Ser\u00e1 Terrible&#8221; se emitir\u00e1 tambi\u00e9n por streaming"},"content":{"rendered":"\n<figure class=\"wp-block-image size-full\"><img loading=\"lazy\" decoding=\"async\" width=\"144\" height=\"75\" src=\"http:\/\/amplitudmodulada.com.ar\/wp-content\/uploads\/2024\/01\/750-e1705525955651.jpg\" alt=\"\" class=\"wp-image-348\"\/><\/figure>\n\n\n\n<p>El programa &#8220;La Venganza Ser\u00e1 Terrible&#8221;, que conduce Alejandro Dolina en LRL203 AM 750, se emitir\u00e1 tambi\u00e9n a trav\u00e9s de Blender, canal que se puede ver a trav\u00e9s de Youtube y que cuenta con Guillermo Aquino, Tom\u00e1s Rebord y Esteban Lamothe, entre sus principales figuras.<\/p>\n\n\n\n<p>En el aviso publicado en Blender, se ve a alguna de estas figuras mientras con suspenso se ven los pies de un hombre caminar entre las sombras, acerc\u00e1ndose a paso firme.<\/p>\n\n\n\n<p>De pronto, entre las sombras se reconoce la figura de Alejandro Dolina que se muestra a la luz.<\/p>\n\n\n\n<p>Por \u00faltimo, se anuncia que la transmisi\u00f3n que tendr\u00e1 Alejandro Dolina como protagonista ser\u00e1 los lunes a las 23.00 horas.<\/p>\n\n\n\n<p>&#8220;La Venganza Ser\u00e1 Terrible&#8221; sale al aire habitualmente de martes a s\u00e1bado de 0.00 a 2.00 horas.<\/p>\n\n\n\n<p>Fuente: <a href=\"http:\/\/www.cronica.com.ar\" data-type=\"link\" data-id=\"www.cronica.com.ar\" target=\"_blank\" rel=\"noreferrer noopener\">www.cronica.com.ar<\/a> | Ciudad Aut\u00f3noma de Buenos Aires | 08.08.24<\/p>\n","protected":false},"excerpt":{"rendered":"<p>El programa &#8220;La Venganza Ser\u00e1 Terrible&#8221;, que conduce Alejandro Dolina en LRL203 AM 750, se emitir\u00e1 tambi\u00e9n a trav\u00e9s de Blender, canal que se puede ver a trav\u00e9s de Youtube y que cuenta con Guillermo Aquino, Tom\u00e1s Rebord y Esteban Lamothe, entre sus principales figuras. En el aviso publicado en Blender, se ve a alguna &hellip; <a href=\"https:\/\/amplitudmodulada.com.ar\/index.php\/noticia13304\/\" class=\"more-link\">Continu\u00e1 leyendo <span class=\"screen-reader-text\">El programa &#8220;La Venganza Ser\u00e1 Terrible&#8221; se emitir\u00e1 tambi\u00e9n por streaming<\/span><\/a><\/p>\n","protected":false},"author":1,"featured_media":0,"parent":0,"menu_order":0,"comment_status":"closed","ping_status":"closed","template":"","meta":{"footnotes":""},"class_list":["post-4632","page","type-page","status-publish","hentry"],"_links":{"self":[{"href":"https:\/\/amplitudmodulada.com.ar\/index.php\/wp-json\/wp\/v2\/pages\/4632","targetHints":{"allow":["GET"]}}],"collection":[{"href":"https:\/\/amplitudmodulada.com.ar\/index.php\/wp-json\/wp\/v2\/pages"}],"about":[{"href":"https:\/\/amplitudmodulada.com.ar\/index.php\/wp-json\/wp\/v2\/types\/page"}],"author":[{"embeddable":true,"href":"https:\/\/amplitudmodulada.com.ar\/index.php\/wp-json\/wp\/v2\/users\/1"}],"replies":[{"embeddable":true,"href":"https:\/\/amplitudmodulada.com.ar\/index.php\/wp-json\/wp\/v2\/comments?post=4632"}],"version-history":[{"count":2,"href":"https:\/\/amplitudmodulada.com.ar\/index.php\/wp-json\/wp\/v2\/pages\/4632\/revisions"}],"predecessor-version":[{"id":4635,"href":"https:\/\/amplitudmodulada.com.ar\/index.php\/wp-json\/wp\/v2\/pages\/4632\/revisions\/4635"}],"wp:attachment":[{"href":"https:\/\/amplitudmodulada.com.ar\/index.php\/wp-json\/wp\/v2\/media?parent=4632"}],"curies":[{"name":"wp","href":"https:\/\/api.w.org\/{rel}","templated":true}]}}