{"id":4657,"date":"2024-11-17T12:25:14","date_gmt":"2024-11-17T15:25:14","guid":{"rendered":"https:\/\/amplitudmodulada.com.ar\/?page_id=4657"},"modified":"2024-11-17T12:26:47","modified_gmt":"2024-11-17T15:26:47","slug":"noticia13308","status":"publish","type":"page","link":"https:\/\/amplitudmodulada.com.ar\/index.php\/noticia13308\/","title":{"rendered":"Tres emisoras de Radio Nacional ser\u00e1n distinguidas por su servicio de Mensaje al Poblador"},"content":{"rendered":"\n<figure class=\"wp-block-image size-full\"><img loading=\"lazy\" decoding=\"async\" width=\"115\" height=\"115\" src=\"http:\/\/amplitudmodulada.com.ar\/wp-content\/uploads\/2024\/08\/870-e1725136537153.png\" alt=\"\" class=\"wp-image-3611\"\/><\/figure>\n\n\n\n<p>LRA9 Radio Nacional Esquel, LRA16 Radio Nacional Esquel y LV19 Radio Nacional Malarg\u00fce recibir\u00e1n un distinci\u00f3n de la Sociedad General de Autores de la Argentina por su servicio de Mensaje al Poblador.<\/p>\n\n\n\n<p>&#8220;Es un servicio a la comunidad que tenemos la mayor\u00eda de la emisoras de Radio Nacional en la Patagonia. Se trata de un espacio de comunicaci\u00f3n radial esencial, donde las distancias son muy extensas y en muchos de estos lugares no hay otra forma de comunicarse&#8221;, explic\u00f3 Roc\u00edo Davel, periodista de Radio Nacional Esquel.<\/p>\n\n\n\n<p>En ese sentido, precis\u00f3 que &#8220;en distintas localidades de la ruralidad no hay se\u00f1al de tel\u00e9fono, no hay otras emisoras, ni Internet y es la forma en la que pobladores rurales y urbanos se comunican entre s\u00ed&#8221;.<\/p>\n\n\n\n<p>&#8220;Nosotros somos una radio de servicio y cumplimos un rol social. No somos solo un medio de comunicaci\u00f3n a modo informativo&#8221;, a\u00f1adi\u00f3.<\/p>\n\n\n\n<p>Fuente: <a href=\"http:\/\/www.radionacional.com.ar\" data-type=\"link\" data-id=\"www.radionacional.com.ar\" target=\"_blank\" rel=\"noreferrer noopener\">www.radionacional.com.ar<\/a> | Ciudad Aut\u00f3noma de Buenos Aires | 12.08.24<\/p>\n","protected":false},"excerpt":{"rendered":"<p>LRA9 Radio Nacional Esquel, LRA16 Radio Nacional Esquel y LV19 Radio Nacional Malarg\u00fce recibir\u00e1n un distinci\u00f3n de la Sociedad General de Autores de la Argentina por su servicio de Mensaje al Poblador. &#8220;Es un servicio a la comunidad que tenemos la mayor\u00eda de la emisoras de Radio Nacional en la Patagonia. Se trata de un &hellip; <a href=\"https:\/\/amplitudmodulada.com.ar\/index.php\/noticia13308\/\" class=\"more-link\">Continu\u00e1 leyendo <span class=\"screen-reader-text\">Tres emisoras de Radio Nacional ser\u00e1n distinguidas por su servicio de Mensaje al Poblador<\/span><\/a><\/p>\n","protected":false},"author":1,"featured_media":0,"parent":0,"menu_order":0,"comment_status":"closed","ping_status":"closed","template":"","meta":{"footnotes":""},"class_list":["post-4657","page","type-page","status-publish","hentry"],"_links":{"self":[{"href":"https:\/\/amplitudmodulada.com.ar\/index.php\/wp-json\/wp\/v2\/pages\/4657","targetHints":{"allow":["GET"]}}],"collection":[{"href":"https:\/\/amplitudmodulada.com.ar\/index.php\/wp-json\/wp\/v2\/pages"}],"about":[{"href":"https:\/\/amplitudmodulada.com.ar\/index.php\/wp-json\/wp\/v2\/types\/page"}],"author":[{"embeddable":true,"href":"https:\/\/amplitudmodulada.com.ar\/index.php\/wp-json\/wp\/v2\/users\/1"}],"replies":[{"embeddable":true,"href":"https:\/\/amplitudmodulada.com.ar\/index.php\/wp-json\/wp\/v2\/comments?post=4657"}],"version-history":[{"count":2,"href":"https:\/\/amplitudmodulada.com.ar\/index.php\/wp-json\/wp\/v2\/pages\/4657\/revisions"}],"predecessor-version":[{"id":4660,"href":"https:\/\/amplitudmodulada.com.ar\/index.php\/wp-json\/wp\/v2\/pages\/4657\/revisions\/4660"}],"wp:attachment":[{"href":"https:\/\/amplitudmodulada.com.ar\/index.php\/wp-json\/wp\/v2\/media?parent=4657"}],"curies":[{"name":"wp","href":"https:\/\/api.w.org\/{rel}","templated":true}]}}