{"id":4795,"date":"2024-12-03T08:10:13","date_gmt":"2024-12-03T11:10:13","guid":{"rendered":"https:\/\/amplitudmodulada.com.ar\/?page_id=4795"},"modified":"2024-12-03T08:22:36","modified_gmt":"2024-12-03T11:22:36","slug":"noticia13327","status":"publish","type":"page","link":"https:\/\/amplitudmodulada.com.ar\/index.php\/noticia13327\/","title":{"rendered":"El Ministerio de Educaci\u00f3n de C\u00f3rdoba y Cadena 3 firman un convenio de cooperaci\u00f3n"},"content":{"rendered":"\n<figure class=\"wp-block-image size-full\"><img loading=\"lazy\" decoding=\"async\" width=\"169\" height=\"55\" src=\"http:\/\/amplitudmodulada.com.ar\/wp-content\/uploads\/2024\/02\/cadena3-e1709142729643.png\" alt=\"\" class=\"wp-image-1072\"\/><\/figure>\n\n\n\n<p>El Ministerio de Educaci\u00f3n de la Provincia de C\u00f3rdoba firm\u00f3 un convenio marco de cooperaci\u00f3n con Cadena 3 con el objetivo de difundir el material educativo que producen tanto las escuelas como la emisora.<\/p>\n\n\n\n<p>Adem\u00e1s, con esta firma se busca desarrollar actividades acad\u00e9micas, como jornadas, cursos, visitas, pr\u00e1cticas formativas, pr\u00e1cticas profesionales orientadas a la sustentabilidad educativa de la provincia de C\u00f3rdoba, impulsando una educaci\u00f3n que priorice los valores humanos y desarrolle un sentido de responsabilidad y participaci\u00f3n de todos los actores sociales en la formaci\u00f3n de los estudiantes.<\/p>\n\n\n\n<p>Al respecto, el Ministro de Educaci\u00f3n, Horacio Ferreyra, indic\u00f3 que la firma de este convenio &#8220;es muy importante para el desarrollo educativo que venimos impulsando desde el gobierno de la provincia, este di\u00e1logo entre los medios de comunicaci\u00f3n y la educaci\u00f3n para potenciar los aprendizajes de los chicos&#8221; y a\u00f1adi\u00f3 que &#8220;esta es una de las metas que nuestro gobernador Mart\u00edn Llaryora nos ha puesto a lo largo y a lo ancho de toda la provincia y celebrar este acuerdo con un medio como Cadena 3, que no solamente es cordob\u00e9s, sino que es federal, nos posibilita tambi\u00e9n visibilizar todo lo que hacen nuestras escuelas como tambi\u00e9n aprender de otras experiencias&#8221;.<\/p>\n\n\n\n<p>Fuente: <a href=\"http:\/\/www.prensa.cba.gov.ar\" data-type=\"link\" data-id=\"www.prensa.cba.gov.ar\" target=\"_blank\" rel=\"noreferrer noopener\">www.prensa.cba.gov.ar<\/a> | C\u00f3rdoba &#8211; C\u00f3rdoba | 28.08.24<\/p>\n","protected":false},"excerpt":{"rendered":"<p>El Ministerio de Educaci\u00f3n de la Provincia de C\u00f3rdoba firm\u00f3 un convenio marco de cooperaci\u00f3n con Cadena 3 con el objetivo de difundir el material educativo que producen tanto las escuelas como la emisora. Adem\u00e1s, con esta firma se busca desarrollar actividades acad\u00e9micas, como jornadas, cursos, visitas, pr\u00e1cticas formativas, pr\u00e1cticas profesionales orientadas a la sustentabilidad &hellip; <a href=\"https:\/\/amplitudmodulada.com.ar\/index.php\/noticia13327\/\" class=\"more-link\">Continu\u00e1 leyendo <span class=\"screen-reader-text\">El Ministerio de Educaci\u00f3n de C\u00f3rdoba y Cadena 3 firman un convenio de cooperaci\u00f3n<\/span><\/a><\/p>\n","protected":false},"author":1,"featured_media":0,"parent":0,"menu_order":0,"comment_status":"closed","ping_status":"closed","template":"","meta":{"footnotes":""},"class_list":["post-4795","page","type-page","status-publish","hentry"],"_links":{"self":[{"href":"https:\/\/amplitudmodulada.com.ar\/index.php\/wp-json\/wp\/v2\/pages\/4795","targetHints":{"allow":["GET"]}}],"collection":[{"href":"https:\/\/amplitudmodulada.com.ar\/index.php\/wp-json\/wp\/v2\/pages"}],"about":[{"href":"https:\/\/amplitudmodulada.com.ar\/index.php\/wp-json\/wp\/v2\/types\/page"}],"author":[{"embeddable":true,"href":"https:\/\/amplitudmodulada.com.ar\/index.php\/wp-json\/wp\/v2\/users\/1"}],"replies":[{"embeddable":true,"href":"https:\/\/amplitudmodulada.com.ar\/index.php\/wp-json\/wp\/v2\/comments?post=4795"}],"version-history":[{"count":3,"href":"https:\/\/amplitudmodulada.com.ar\/index.php\/wp-json\/wp\/v2\/pages\/4795\/revisions"}],"predecessor-version":[{"id":4799,"href":"https:\/\/amplitudmodulada.com.ar\/index.php\/wp-json\/wp\/v2\/pages\/4795\/revisions\/4799"}],"wp:attachment":[{"href":"https:\/\/amplitudmodulada.com.ar\/index.php\/wp-json\/wp\/v2\/media?parent=4795"}],"curies":[{"name":"wp","href":"https:\/\/api.w.org\/{rel}","templated":true}]}}