{"id":5078,"date":"2025-01-03T18:07:19","date_gmt":"2025-01-03T21:07:19","guid":{"rendered":"https:\/\/amplitudmodulada.com.ar\/?page_id=5078"},"modified":"2025-01-03T18:17:09","modified_gmt":"2025-01-03T21:17:09","slug":"noticia13367","status":"publish","type":"page","link":"https:\/\/amplitudmodulada.com.ar\/index.php\/noticia13367\/","title":{"rendered":"El programa &#8220;Al\u00f3 Pachano&#8221; se saldr\u00e1 al aire desde los estudios de LRA22 Radio Nacional Jujuy"},"content":{"rendered":"\n<figure class=\"wp-block-image size-full\"><img loading=\"lazy\" decoding=\"async\" width=\"113\" height=\"100\" src=\"http:\/\/amplitudmodulada.com.ar\/wp-content\/uploads\/2025\/01\/LRA22-e1735938515463.png\" alt=\"\" class=\"wp-image-5081\"\/><\/figure>\n\n\n\n<p>El programa &#8220;Al\u00f3 Pachano&#8221;, que conduce An\u00edbal Pachano todos los domingos de 10.00 a 13.00 horas en Radio Nacional, se emitir\u00e1 este fin de semana desde los estudios de LRA22 Radio Nacional Jujuy.<\/p>\n\n\n\n<p>&#8220;Por primera vez sacaremos el programa a nivel federal&#8221;, destac\u00f3 el conductor de radio y televisi\u00f3n y se\u00f1al\u00f3 que &#8220;lo que m\u00e1s me entusiasma es llevar un programa de cultura, arte y oficio a las personas&#8221;.<\/p>\n\n\n\n<p>En declaraciones al programa &#8220;Pan Casero Nacional&#8221;, que se emite todas las ma\u00f1anas en Radio Nacional, An\u00edbal Pachano no ocult\u00f3 su alegr\u00eda por la pr\u00f3xima visita.<\/p>\n\n\n\n<p>&#8220;Me pone muy feliz que me permitan hacer este programa, tratando de generar este proyecto que es maravilloso&#8221;, a\u00f1adi\u00f3.<\/p>\n\n\n\n<p>Fuente: <a href=\"http:\/\/www.radionacional.com.ar\" data-type=\"link\" data-id=\"www.radionacional.com.ar\" target=\"_blank\" rel=\"noreferrer noopener\">www.radionacional.com.ar<\/a> | Ciudad Aut\u00f3noma de Buenos Aires | 27.09.24<\/p>\n","protected":false},"excerpt":{"rendered":"<p>El programa &#8220;Al\u00f3 Pachano&#8221;, que conduce An\u00edbal Pachano todos los domingos de 10.00 a 13.00 horas en Radio Nacional, se emitir\u00e1 este fin de semana desde los estudios de LRA22 Radio Nacional Jujuy. &#8220;Por primera vez sacaremos el programa a nivel federal&#8221;, destac\u00f3 el conductor de radio y televisi\u00f3n y se\u00f1al\u00f3 que &#8220;lo que m\u00e1s &hellip; <a href=\"https:\/\/amplitudmodulada.com.ar\/index.php\/noticia13367\/\" class=\"more-link\">Continu\u00e1 leyendo <span class=\"screen-reader-text\">El programa &#8220;Al\u00f3 Pachano&#8221; se saldr\u00e1 al aire desde los estudios de LRA22 Radio Nacional Jujuy<\/span><\/a><\/p>\n","protected":false},"author":1,"featured_media":0,"parent":0,"menu_order":0,"comment_status":"closed","ping_status":"closed","template":"","meta":{"footnotes":""},"class_list":["post-5078","page","type-page","status-publish","hentry"],"_links":{"self":[{"href":"https:\/\/amplitudmodulada.com.ar\/index.php\/wp-json\/wp\/v2\/pages\/5078","targetHints":{"allow":["GET"]}}],"collection":[{"href":"https:\/\/amplitudmodulada.com.ar\/index.php\/wp-json\/wp\/v2\/pages"}],"about":[{"href":"https:\/\/amplitudmodulada.com.ar\/index.php\/wp-json\/wp\/v2\/types\/page"}],"author":[{"embeddable":true,"href":"https:\/\/amplitudmodulada.com.ar\/index.php\/wp-json\/wp\/v2\/users\/1"}],"replies":[{"embeddable":true,"href":"https:\/\/amplitudmodulada.com.ar\/index.php\/wp-json\/wp\/v2\/comments?post=5078"}],"version-history":[{"count":2,"href":"https:\/\/amplitudmodulada.com.ar\/index.php\/wp-json\/wp\/v2\/pages\/5078\/revisions"}],"predecessor-version":[{"id":5082,"href":"https:\/\/amplitudmodulada.com.ar\/index.php\/wp-json\/wp\/v2\/pages\/5078\/revisions\/5082"}],"wp:attachment":[{"href":"https:\/\/amplitudmodulada.com.ar\/index.php\/wp-json\/wp\/v2\/media?parent=5078"}],"curies":[{"name":"wp","href":"https:\/\/api.w.org\/{rel}","templated":true}]}}