{"id":5106,"date":"2025-01-04T17:17:40","date_gmt":"2025-01-04T20:17:40","guid":{"rendered":"https:\/\/amplitudmodulada.com.ar\/?page_id=5106"},"modified":"2025-01-04T17:27:02","modified_gmt":"2025-01-04T20:27:02","slug":"noticia13371","status":"publish","type":"page","link":"https:\/\/amplitudmodulada.com.ar\/index.php\/noticia13371\/","title":{"rendered":"El 55% de los rosarinos escuchan radio en alg\u00fan momento de la semana"},"content":{"rendered":"\n<figure class=\"wp-block-image size-full\"><img loading=\"lazy\" decoding=\"async\" width=\"110\" height=\"110\" src=\"http:\/\/amplitudmodulada.com.ar\/wp-content\/uploads\/2024\/07\/LT2-e1722119230930.png\" alt=\"\" class=\"wp-image-2781\"\/><\/figure>\n\n\n\n<p>Seg\u00fan un reciente estudio de la consultora Inmediata Argentina, un 55% de los rosarinos escuchan la radio en alg\u00fan momento de la semana.<\/p>\n\n\n\n<p>&#8220;Ya en agosto de este a\u00f1o m\u00e1s del 51% de los rosarinos mayores de dieciocho a\u00f1os prenden la radio al menos una vez por semana, la gran mayor\u00eda la prenden casi todos los d\u00edas, lo cual es much\u00edsimo&#8221;, explic\u00f3 Juli\u00e1n Crucella, uno de los responsables del estudio.<\/p>\n\n\n\n<p>En ese sentido, precis\u00f3 que &#8220;el a\u00f1o pasado eran 171.000 personas las que prend\u00edan la radio cinco veces a la semana o m\u00e1s, ahora son 280.000, es un crecimiento realmente notorio&#8221;.<\/p>\n\n\n\n<p>Los horarios de escucha no se modificaron, la primera y la segunda ma\u00f1ana son los horarios donde m\u00e1s radio se escucha.<\/p>\n\n\n\n<p>En cuanto a las emisoras m\u00e1s escuchadas, entre las de Amplitud Modulada, el primer lugar lo ocupa LT2 Radio 2 y m\u00e1s atr\u00e1s se ubican LT8 La Ocho, Cadena 3, LR5 Radio La Red, LT3 AM 680 y LR6 Radio Mitre.<\/p>\n\n\n\n<p>Fuente: <a href=\"http:\/\/www.elciudadanoweb.com\" data-type=\"link\" data-id=\"www.elciudadanoweb.com\" target=\"_blank\" rel=\"noreferrer noopener\">www.elciudadanoweb.com<\/a> | Rosario &#8211; Santa Fe | 30.09.24<\/p>\n","protected":false},"excerpt":{"rendered":"<p>Seg\u00fan un reciente estudio de la consultora Inmediata Argentina, un 55% de los rosarinos escuchan la radio en alg\u00fan momento de la semana. &#8220;Ya en agosto de este a\u00f1o m\u00e1s del 51% de los rosarinos mayores de dieciocho a\u00f1os prenden la radio al menos una vez por semana, la gran mayor\u00eda la prenden casi todos &hellip; <a href=\"https:\/\/amplitudmodulada.com.ar\/index.php\/noticia13371\/\" class=\"more-link\">Continu\u00e1 leyendo <span class=\"screen-reader-text\">El 55% de los rosarinos escuchan radio en alg\u00fan momento de la semana<\/span><\/a><\/p>\n","protected":false},"author":1,"featured_media":0,"parent":0,"menu_order":0,"comment_status":"closed","ping_status":"closed","template":"","meta":{"footnotes":""},"class_list":["post-5106","page","type-page","status-publish","hentry"],"_links":{"self":[{"href":"https:\/\/amplitudmodulada.com.ar\/index.php\/wp-json\/wp\/v2\/pages\/5106","targetHints":{"allow":["GET"]}}],"collection":[{"href":"https:\/\/amplitudmodulada.com.ar\/index.php\/wp-json\/wp\/v2\/pages"}],"about":[{"href":"https:\/\/amplitudmodulada.com.ar\/index.php\/wp-json\/wp\/v2\/types\/page"}],"author":[{"embeddable":true,"href":"https:\/\/amplitudmodulada.com.ar\/index.php\/wp-json\/wp\/v2\/users\/1"}],"replies":[{"embeddable":true,"href":"https:\/\/amplitudmodulada.com.ar\/index.php\/wp-json\/wp\/v2\/comments?post=5106"}],"version-history":[{"count":3,"href":"https:\/\/amplitudmodulada.com.ar\/index.php\/wp-json\/wp\/v2\/pages\/5106\/revisions"}],"predecessor-version":[{"id":5111,"href":"https:\/\/amplitudmodulada.com.ar\/index.php\/wp-json\/wp\/v2\/pages\/5106\/revisions\/5111"}],"wp:attachment":[{"href":"https:\/\/amplitudmodulada.com.ar\/index.php\/wp-json\/wp\/v2\/media?parent=5106"}],"curies":[{"name":"wp","href":"https:\/\/api.w.org\/{rel}","templated":true}]}}