{"id":5151,"date":"2025-01-06T08:09:19","date_gmt":"2025-01-06T11:09:19","guid":{"rendered":"https:\/\/amplitudmodulada.com.ar\/?page_id=5151"},"modified":"2025-01-06T08:18:08","modified_gmt":"2025-01-06T11:18:08","slug":"noticia13377","status":"publish","type":"page","link":"https:\/\/amplitudmodulada.com.ar\/index.php\/noticia13377\/","title":{"rendered":"Comienza en LU24 Radio Tres Arroyos el programa &#8220;Buenos Motivos&#8221;"},"content":{"rendered":"\n<figure class=\"wp-block-image size-full\"><img loading=\"lazy\" decoding=\"async\" width=\"110\" height=\"110\" src=\"http:\/\/amplitudmodulada.com.ar\/wp-content\/uploads\/2024\/01\/lu24-e1704578371802.png\" alt=\"\" class=\"wp-image-79\"\/><\/figure>\n\n\n\n<p>A partir del lunes 14 de octubre, el locutor Lucas Stornini estar\u00e1 al frente de &#8220;Buenos Motivos&#8221;, la nueva propuesta de LU24 Radio Tres Arroyos. El nuevo ciclo saldr\u00e1 al aire de lunes a viernes de 15.00 a 17.30 horas.<\/p>\n\n\n\n<p>En ese marco, Lucas Stornini visit\u00f3 este lunes los estudios de Radio Tres Arroyos y afirm\u00f3 que llega &#8220;para pasar la tarde juntos, con informaci\u00f3n, actualidad con el servicio informativo, deportes y charlas para la gente se siente c\u00f3moda y con la idea de darle al programa un perfil regional por la llegada que tiene la radio&#8221;.<\/p>\n\n\n\n<p>&#8220;Estaremos entre Sobremesa Tropical y Folklore en los Tres Arroyos, seguramente haremos el pase entre ambos programas, iremos perfilando d\u00eda a d\u00eda y seguramente el oyente ir\u00e1 proponiendo lo suyo&#8221;, agreg\u00f3.<\/p>\n\n\n\n<p>Fuente: <a href=\"http:\/\/www.lu24.com.ar\" data-type=\"link\" data-id=\"www.lu24.com.ar\" target=\"_blank\" rel=\"noreferrer noopener\">www.lu24.com.ar<\/a> | Tres Arroyos &#8211; Buenos Aires | 07.10.24<\/p>\n\n\n\n<p><\/p>\n","protected":false},"excerpt":{"rendered":"<p>A partir del lunes 14 de octubre, el locutor Lucas Stornini estar\u00e1 al frente de &#8220;Buenos Motivos&#8221;, la nueva propuesta de LU24 Radio Tres Arroyos. El nuevo ciclo saldr\u00e1 al aire de lunes a viernes de 15.00 a 17.30 horas. En ese marco, Lucas Stornini visit\u00f3 este lunes los estudios de Radio Tres Arroyos y &hellip; <a href=\"https:\/\/amplitudmodulada.com.ar\/index.php\/noticia13377\/\" class=\"more-link\">Continu\u00e1 leyendo <span class=\"screen-reader-text\">Comienza en LU24 Radio Tres Arroyos el programa &#8220;Buenos Motivos&#8221;<\/span><\/a><\/p>\n","protected":false},"author":1,"featured_media":0,"parent":0,"menu_order":0,"comment_status":"closed","ping_status":"closed","template":"","meta":{"footnotes":""},"class_list":["post-5151","page","type-page","status-publish","hentry"],"_links":{"self":[{"href":"https:\/\/amplitudmodulada.com.ar\/index.php\/wp-json\/wp\/v2\/pages\/5151","targetHints":{"allow":["GET"]}}],"collection":[{"href":"https:\/\/amplitudmodulada.com.ar\/index.php\/wp-json\/wp\/v2\/pages"}],"about":[{"href":"https:\/\/amplitudmodulada.com.ar\/index.php\/wp-json\/wp\/v2\/types\/page"}],"author":[{"embeddable":true,"href":"https:\/\/amplitudmodulada.com.ar\/index.php\/wp-json\/wp\/v2\/users\/1"}],"replies":[{"embeddable":true,"href":"https:\/\/amplitudmodulada.com.ar\/index.php\/wp-json\/wp\/v2\/comments?post=5151"}],"version-history":[{"count":3,"href":"https:\/\/amplitudmodulada.com.ar\/index.php\/wp-json\/wp\/v2\/pages\/5151\/revisions"}],"predecessor-version":[{"id":5156,"href":"https:\/\/amplitudmodulada.com.ar\/index.php\/wp-json\/wp\/v2\/pages\/5151\/revisions\/5156"}],"wp:attachment":[{"href":"https:\/\/amplitudmodulada.com.ar\/index.php\/wp-json\/wp\/v2\/media?parent=5151"}],"curies":[{"name":"wp","href":"https:\/\/api.w.org\/{rel}","templated":true}]}}