{"id":5167,"date":"2025-01-06T21:30:55","date_gmt":"2025-01-07T00:30:55","guid":{"rendered":"https:\/\/amplitudmodulada.com.ar\/?page_id=5167"},"modified":"2025-01-06T21:37:19","modified_gmt":"2025-01-07T00:37:19","slug":"noticia13379","status":"publish","type":"page","link":"https:\/\/amplitudmodulada.com.ar\/index.php\/noticia13379\/","title":{"rendered":"Radio Mitre lidera las mediciones de audiencia con el 31,18% de share"},"content":{"rendered":"\n<figure class=\"wp-block-image size-large is-resized\"><img loading=\"lazy\" decoding=\"async\" width=\"1024\" height=\"532\" src=\"http:\/\/amplitudmodulada.com.ar\/wp-content\/uploads\/2024\/01\/790-1024x532.png\" alt=\"\" class=\"wp-image-268\" style=\"width:149px;height:auto\"\/><\/figure>\n\n\n\n<p>De acuerdo a las \u00faltimas mediciones de audiencia realizadas por Kantar Ibope Media, correspondientes al trimestre comprendido entre julio y septiembre de este a\u00f1o, LR6 Radio Mitre es la emisora de Amplitud Modulada m\u00e1s escuchada con el 31,18% de share.<\/p>\n\n\n\n<p>Seg\u00fan el mismo estudio, el segundo lugar lo ocupa LRL202 Radio, con el 16,57% de share.<\/p>\n\n\n\n<p>M\u00e1s atr\u00e1s se ubican LR5 Radio La Red, con el 14,23%, LS5 Radio Rivadavia, con el 11,79%, LS4 Radio Continental, con el 5,47%, LRL203 AM 750, con el 4,60%, LRA1 Radio Nacional Buenos Aires, con el 4,60%, LR3 CNN Radio, con el 2,80%, y LR9 Radio Perfil, con el 1,30% de share.<\/p>\n\n\n\n<p>Entre las emisoras de Frecuencia Modulada, el primer lugar lo ocupa La 100 y m\u00e1s atr\u00e1s se ubican FM Aspen, Radio Disney, Urbana Play, Rock &amp; Pop y Pop.<\/p>\n\n\n\n<p>08.10.24<\/p>\n","protected":false},"excerpt":{"rendered":"<p>De acuerdo a las \u00faltimas mediciones de audiencia realizadas por Kantar Ibope Media, correspondientes al trimestre comprendido entre julio y septiembre de este a\u00f1o, LR6 Radio Mitre es la emisora de Amplitud Modulada m\u00e1s escuchada con el 31,18% de share. Seg\u00fan el mismo estudio, el segundo lugar lo ocupa LRL202 Radio, con el 16,57% de &hellip; <a href=\"https:\/\/amplitudmodulada.com.ar\/index.php\/noticia13379\/\" class=\"more-link\">Continu\u00e1 leyendo <span class=\"screen-reader-text\">Radio Mitre lidera las mediciones de audiencia con el 31,18% de share<\/span><\/a><\/p>\n","protected":false},"author":1,"featured_media":0,"parent":0,"menu_order":0,"comment_status":"closed","ping_status":"closed","template":"","meta":{"footnotes":""},"class_list":["post-5167","page","type-page","status-publish","hentry"],"_links":{"self":[{"href":"https:\/\/amplitudmodulada.com.ar\/index.php\/wp-json\/wp\/v2\/pages\/5167","targetHints":{"allow":["GET"]}}],"collection":[{"href":"https:\/\/amplitudmodulada.com.ar\/index.php\/wp-json\/wp\/v2\/pages"}],"about":[{"href":"https:\/\/amplitudmodulada.com.ar\/index.php\/wp-json\/wp\/v2\/types\/page"}],"author":[{"embeddable":true,"href":"https:\/\/amplitudmodulada.com.ar\/index.php\/wp-json\/wp\/v2\/users\/1"}],"replies":[{"embeddable":true,"href":"https:\/\/amplitudmodulada.com.ar\/index.php\/wp-json\/wp\/v2\/comments?post=5167"}],"version-history":[{"count":2,"href":"https:\/\/amplitudmodulada.com.ar\/index.php\/wp-json\/wp\/v2\/pages\/5167\/revisions"}],"predecessor-version":[{"id":5170,"href":"https:\/\/amplitudmodulada.com.ar\/index.php\/wp-json\/wp\/v2\/pages\/5167\/revisions\/5170"}],"wp:attachment":[{"href":"https:\/\/amplitudmodulada.com.ar\/index.php\/wp-json\/wp\/v2\/media?parent=5167"}],"curies":[{"name":"wp","href":"https:\/\/api.w.org\/{rel}","templated":true}]}}