{"id":523,"date":"2024-01-21T19:56:50","date_gmt":"2024-01-21T22:56:50","guid":{"rendered":"https:\/\/amplitudmodulada.com.ar\/?page_id=523"},"modified":"2024-01-21T20:09:14","modified_gmt":"2024-01-21T23:09:14","slug":"noticia12843","status":"publish","type":"page","link":"https:\/\/amplitudmodulada.com.ar\/index.php\/noticia12843\/","title":{"rendered":"Juntan firmas contra la privatizaci\u00f3n de los medios p\u00fablicos"},"content":{"rendered":"\n<figure class=\"wp-block-image size-full\"><img loading=\"lazy\" decoding=\"async\" width=\"126\" height=\"90\" src=\"http:\/\/amplitudmodulada.com.ar\/wp-content\/uploads\/2024\/01\/LRA-1-e1705537613873.png\" alt=\"\" class=\"wp-image-434\"\/><\/figure>\n\n\n\n<p>Trabajadores de prensa, artistas y referentes sindicales lanzaron un documento para juntar firmas &#8220;en defensa de los medios p\u00fablicos&#8221; y en el que solicitan a los legisladores rechazar todo intento privatizador.<\/p>\n\n\n\n<p>El documento titulado &#8220;los medios p\u00fablicos son fundamentales para la democracia&#8221; surge en el marco del tratamiento de la denominada Ley \u00d3mnibus que se trata en el plenario de comisiones de la C\u00e1mara de Diputados.<\/p>\n\n\n\n<p>&#8220;&#8221;Las y los artistas, periodistas, comunicadores, trabajadores y trabajadoras de la cultura y la comunicaci\u00f3n, abajo firmantes, nos expresamos a favor de la existencia de los medios p\u00fablicos, como Radio Nacional, la Televisi\u00f3n P\u00fablica, T\u00e9lam, Paka Paka, Encuentro, Depor TV, Contar y solicitamos a los diputados y diputadas, senadores y senadoras de todos los bloques que rechacen cualquier intento de privatizaci\u00f3n o de modificaci\u00f3n de su car\u00e1cter societario&#8221;, se\u00f1ala el documento.<\/p>\n\n\n\n<p>El mismo recuerda que &#8220;en 2023 los medios p\u00fablicos representaron s\u00f3lo el 0,017% del PBI&#8221;, aunque afirma que &#8220;esta no es una discusi\u00f3n econ\u00f3mica sino cultural&#8221;.<\/p>\n\n\n\n<p>&#8220;Defendemos el rol social de los medios p\u00fablicos, que el Estado llegue a trav\u00e9s de ellos a todos los rincones de la patria de manera gratuita para garantizar el derecho a la informaci\u00f3n plural y federal, transmitir actos de inter\u00e9s p\u00fablico para nuestra comunidad -como el mundial de f\u00fatbol o los festivales populares- contenidos culturales, deportivos y educativos&#8221;, a\u00f1ade el documento.<\/p>\n\n\n\n<p>El documento se puede firmar ingrensando al siguiente <a href=\"https:\/\/docs.google.com\/forms\/d\/e\/1FAIpQLSdBnv8Llz6hBB5Lkk9LsA1O_ZKcZ02IuI89bqoFScal_poPaQ\/viewform?pli=1&amp;pli=1\" data-type=\"link\" data-id=\"https:\/\/docs.google.com\/forms\/d\/e\/1FAIpQLSdBnv8Llz6hBB5Lkk9LsA1O_ZKcZ02IuI89bqoFScal_poPaQ\/viewform?pli=1&amp;pli=1\" target=\"_blank\" rel=\"noreferrer noopener\">link<\/a>.<\/p>\n\n\n\n<p>Fuente: <a href=\"http:\/\/www.infonews.com\" data-type=\"link\" data-id=\"www.infonews.com\" target=\"_blank\" rel=\"noreferrer noopener\">www.infonews.com<\/a> | Ciudad Aut\u00f3noma de Buenos Aires | 18.01.24<\/p>\n","protected":false},"excerpt":{"rendered":"<p>Trabajadores de prensa, artistas y referentes sindicales lanzaron un documento para juntar firmas &#8220;en defensa de los medios p\u00fablicos&#8221; y en el que solicitan a los legisladores rechazar todo intento privatizador. El documento titulado &#8220;los medios p\u00fablicos son fundamentales para la democracia&#8221; surge en el marco del tratamiento de la denominada Ley \u00d3mnibus que se &hellip; <a href=\"https:\/\/amplitudmodulada.com.ar\/index.php\/noticia12843\/\" class=\"more-link\">Continu\u00e1 leyendo <span class=\"screen-reader-text\">Juntan firmas contra la privatizaci\u00f3n de los medios p\u00fablicos<\/span><\/a><\/p>\n","protected":false},"author":1,"featured_media":0,"parent":0,"menu_order":0,"comment_status":"closed","ping_status":"closed","template":"","meta":{"footnotes":""},"class_list":["post-523","page","type-page","status-publish","hentry"],"_links":{"self":[{"href":"https:\/\/amplitudmodulada.com.ar\/index.php\/wp-json\/wp\/v2\/pages\/523","targetHints":{"allow":["GET"]}}],"collection":[{"href":"https:\/\/amplitudmodulada.com.ar\/index.php\/wp-json\/wp\/v2\/pages"}],"about":[{"href":"https:\/\/amplitudmodulada.com.ar\/index.php\/wp-json\/wp\/v2\/types\/page"}],"author":[{"embeddable":true,"href":"https:\/\/amplitudmodulada.com.ar\/index.php\/wp-json\/wp\/v2\/users\/1"}],"replies":[{"embeddable":true,"href":"https:\/\/amplitudmodulada.com.ar\/index.php\/wp-json\/wp\/v2\/comments?post=523"}],"version-history":[{"count":2,"href":"https:\/\/amplitudmodulada.com.ar\/index.php\/wp-json\/wp\/v2\/pages\/523\/revisions"}],"predecessor-version":[{"id":526,"href":"https:\/\/amplitudmodulada.com.ar\/index.php\/wp-json\/wp\/v2\/pages\/523\/revisions\/526"}],"wp:attachment":[{"href":"https:\/\/amplitudmodulada.com.ar\/index.php\/wp-json\/wp\/v2\/media?parent=523"}],"curies":[{"name":"wp","href":"https:\/\/api.w.org\/{rel}","templated":true}]}}