{"id":5247,"date":"2025-01-09T20:43:07","date_gmt":"2025-01-09T23:43:07","guid":{"rendered":"https:\/\/amplitudmodulada.com.ar\/?page_id=5247"},"modified":"2025-01-09T20:51:59","modified_gmt":"2025-01-09T23:51:59","slug":"noticia13390","status":"publish","type":"page","link":"https:\/\/amplitudmodulada.com.ar\/index.php\/noticia13390\/","title":{"rendered":"Piden informes sobre los cambios en la programaci\u00f3n de las emisoras de Radio Nacional en todo el pa\u00eds"},"content":{"rendered":"\n<figure class=\"wp-block-image size-full\"><img loading=\"lazy\" decoding=\"async\" width=\"110\" height=\"110\" src=\"http:\/\/amplitudmodulada.com.ar\/wp-content\/uploads\/2024\/10\/LRA-e1728000015658.jpg\" alt=\"\" class=\"wp-image-4179\"\/><\/figure>\n\n\n\n<p>El diputado nacional del bloque Encuentro Federal Oscar Agost Carre\u00f1o present\u00f3 un proyecto para solicitar al Poder Ejecutivo respuestas sobre la reciente decisi\u00f3n que recorta la programaci\u00f3n local de las emisoras de Radio Nacional en todo el pa\u00eds.<\/p>\n\n\n\n<p>&#8220;Seg\u00fan la informaci\u00f3n que ha circulado en diversos medios, varias emisoras habr\u00edan sido instruidas para retransmitir exclusivamente la programaci\u00f3n de LRA1 Radio Nacional Buenos Aires en Frecuencia Modulada, lo que ha generado preocupaci\u00f3n por la cancelaci\u00f3n de contenidos locales&#8221;, sostiene la solicitud de informes.<\/p>\n\n\n\n<p>El diputado por la provincia de C\u00f3rdoba explic\u00f3 que la medida &#8220;cercena la libertad de expresi\u00f3n al imponer un contenido \u00fanico, generado desde la Capital Federal, acallando as\u00ed las producciones locales y las voces regionales&#8221;.<\/p>\n\n\n\n<p>En ese sentido, el legislador advirti\u00f3 que esta decisi\u00f3n &#8220;contraviene lo dispuesto por el art\u00edculo 1\u00ba de nuestra Constituci\u00f3n Nacional, que establece el federalismo como forma de gobierno&#8221;.<\/p>\n\n\n\n<p>Fuente: <a href=\"http:\/\/www.parlamentario.com\" data-type=\"link\" data-id=\"www.parlamentario.com\" target=\"_blank\" rel=\"noreferrer noopener\">www.parlamentario.com<\/a> | Ciudad Aut\u00f3noma de Buenos Aires | 15.10.24<\/p>\n","protected":false},"excerpt":{"rendered":"<p>El diputado nacional del bloque Encuentro Federal Oscar Agost Carre\u00f1o present\u00f3 un proyecto para solicitar al Poder Ejecutivo respuestas sobre la reciente decisi\u00f3n que recorta la programaci\u00f3n local de las emisoras de Radio Nacional en todo el pa\u00eds. &#8220;Seg\u00fan la informaci\u00f3n que ha circulado en diversos medios, varias emisoras habr\u00edan sido instruidas para retransmitir exclusivamente &hellip; <a href=\"https:\/\/amplitudmodulada.com.ar\/index.php\/noticia13390\/\" class=\"more-link\">Continu\u00e1 leyendo <span class=\"screen-reader-text\">Piden informes sobre los cambios en la programaci\u00f3n de las emisoras de Radio Nacional en todo el pa\u00eds<\/span><\/a><\/p>\n","protected":false},"author":1,"featured_media":0,"parent":0,"menu_order":0,"comment_status":"closed","ping_status":"closed","template":"","meta":{"footnotes":""},"class_list":["post-5247","page","type-page","status-publish","hentry"],"_links":{"self":[{"href":"https:\/\/amplitudmodulada.com.ar\/index.php\/wp-json\/wp\/v2\/pages\/5247","targetHints":{"allow":["GET"]}}],"collection":[{"href":"https:\/\/amplitudmodulada.com.ar\/index.php\/wp-json\/wp\/v2\/pages"}],"about":[{"href":"https:\/\/amplitudmodulada.com.ar\/index.php\/wp-json\/wp\/v2\/types\/page"}],"author":[{"embeddable":true,"href":"https:\/\/amplitudmodulada.com.ar\/index.php\/wp-json\/wp\/v2\/users\/1"}],"replies":[{"embeddable":true,"href":"https:\/\/amplitudmodulada.com.ar\/index.php\/wp-json\/wp\/v2\/comments?post=5247"}],"version-history":[{"count":4,"href":"https:\/\/amplitudmodulada.com.ar\/index.php\/wp-json\/wp\/v2\/pages\/5247\/revisions"}],"predecessor-version":[{"id":5254,"href":"https:\/\/amplitudmodulada.com.ar\/index.php\/wp-json\/wp\/v2\/pages\/5247\/revisions\/5254"}],"wp:attachment":[{"href":"https:\/\/amplitudmodulada.com.ar\/index.php\/wp-json\/wp\/v2\/media?parent=5247"}],"curies":[{"name":"wp","href":"https:\/\/api.w.org\/{rel}","templated":true}]}}