{"id":5295,"date":"2025-01-11T13:30:01","date_gmt":"2025-01-11T16:30:01","guid":{"rendered":"https:\/\/amplitudmodulada.com.ar\/?page_id=5295"},"modified":"2025-01-11T13:36:27","modified_gmt":"2025-01-11T16:36:27","slug":"noticia13396","status":"publish","type":"page","link":"https:\/\/amplitudmodulada.com.ar\/index.php\/noticia13396\/","title":{"rendered":"Internan al periodista Samuel Chiche Gelblung por un cuadro febril"},"content":{"rendered":"\n<figure class=\"wp-block-image size-full\"><img loading=\"lazy\" decoding=\"async\" width=\"140\" height=\"80\" src=\"http:\/\/amplitudmodulada.com.ar\/wp-content\/uploads\/2024\/01\/1030-e1706115424753.png\" alt=\"\" class=\"wp-image-583\"\/><\/figure>\n\n\n\n<p>El periodista y conductor de radio y televisi\u00f3n Samuel Chiche Gelblung fue internado este fin de semana en el Sanatorio Mater Dei, ubicado en el barrio de Palermo, afectado por un cuadro febril.<\/p>\n\n\n\n<p>Chiche Gelblung tiene 80 a\u00f1os y fue internado en terapia intensiva, aunque, seg\u00fan inform\u00f3 el periodista \u00c1ngel De Brito &#8220;ya se encuentra mejor&#8221;.<\/p>\n\n\n\n<p>La \u00faltima internaci\u00f3n del periodista se produjo en noviembre de 2023, cuando sufri\u00f3 una insuficiencia renal, le realizaron chequeos y lo dejaron internado por algunas horas en observaci\u00f3n.<\/p>\n\n\n\n<p>Chiche Gelblung conduce en LS10 Radio Del Plata el programa &#8220;Hola Chiche&#8221;, que se emite de lunes a viernes de 16.30 a 18.30 horas.<\/p>\n\n\n\n<p>Fuente: <a href=\"http:\/\/www.cronista.com\" data-type=\"link\" data-id=\"www.cronista.com\" target=\"_blank\" rel=\"noreferrer noopener\">www.cronista.com<\/a> | Ciudad Aut\u00f3noma de Buenos Aires | 21.10.24<\/p>\n","protected":false},"excerpt":{"rendered":"<p>El periodista y conductor de radio y televisi\u00f3n Samuel Chiche Gelblung fue internado este fin de semana en el Sanatorio Mater Dei, ubicado en el barrio de Palermo, afectado por un cuadro febril. Chiche Gelblung tiene 80 a\u00f1os y fue internado en terapia intensiva, aunque, seg\u00fan inform\u00f3 el periodista \u00c1ngel De Brito &#8220;ya se encuentra &hellip; <a href=\"https:\/\/amplitudmodulada.com.ar\/index.php\/noticia13396\/\" class=\"more-link\">Continu\u00e1 leyendo <span class=\"screen-reader-text\">Internan al periodista Samuel Chiche Gelblung por un cuadro febril<\/span><\/a><\/p>\n","protected":false},"author":1,"featured_media":0,"parent":0,"menu_order":0,"comment_status":"closed","ping_status":"closed","template":"","meta":{"footnotes":""},"class_list":["post-5295","page","type-page","status-publish","hentry"],"_links":{"self":[{"href":"https:\/\/amplitudmodulada.com.ar\/index.php\/wp-json\/wp\/v2\/pages\/5295","targetHints":{"allow":["GET"]}}],"collection":[{"href":"https:\/\/amplitudmodulada.com.ar\/index.php\/wp-json\/wp\/v2\/pages"}],"about":[{"href":"https:\/\/amplitudmodulada.com.ar\/index.php\/wp-json\/wp\/v2\/types\/page"}],"author":[{"embeddable":true,"href":"https:\/\/amplitudmodulada.com.ar\/index.php\/wp-json\/wp\/v2\/users\/1"}],"replies":[{"embeddable":true,"href":"https:\/\/amplitudmodulada.com.ar\/index.php\/wp-json\/wp\/v2\/comments?post=5295"}],"version-history":[{"count":2,"href":"https:\/\/amplitudmodulada.com.ar\/index.php\/wp-json\/wp\/v2\/pages\/5295\/revisions"}],"predecessor-version":[{"id":5298,"href":"https:\/\/amplitudmodulada.com.ar\/index.php\/wp-json\/wp\/v2\/pages\/5295\/revisions\/5298"}],"wp:attachment":[{"href":"https:\/\/amplitudmodulada.com.ar\/index.php\/wp-json\/wp\/v2\/media?parent=5295"}],"curies":[{"name":"wp","href":"https:\/\/api.w.org\/{rel}","templated":true}]}}