{"id":5443,"date":"2025-01-16T08:16:30","date_gmt":"2025-01-16T11:16:30","guid":{"rendered":"https:\/\/amplitudmodulada.com.ar\/?page_id=5443"},"modified":"2025-01-16T08:25:50","modified_gmt":"2025-01-16T11:25:50","slug":"noticia13417","status":"publish","type":"page","link":"https:\/\/amplitudmodulada.com.ar\/index.php\/noticia13417\/","title":{"rendered":"Eduardo Feinmann cruz\u00f3 a V\u00edctor Hugo Morales y lo tild\u00f3 de &#8220;nefasto&#8221;"},"content":{"rendered":"\n<figure class=\"wp-block-image size-large is-resized\"><img loading=\"lazy\" decoding=\"async\" width=\"1024\" height=\"532\" src=\"http:\/\/amplitudmodulada.com.ar\/wp-content\/uploads\/2024\/01\/790-1024x532.png\" alt=\"\" class=\"wp-image-268\" style=\"width:164px;height:auto\"\/><\/figure>\n\n\n\n<p>Eduardo Feinmann cruz\u00f3 este jueves a V\u00edctor Hugo Morales, que se hab\u00eda hecho eco de una informaci\u00f3n que daba cuenta de que LR6 Radio Mitre dejar\u00eda de pagarle el sueldo a Jorge Lanata, y lo tild\u00f3 de &#8220;nefasto&#8221;.<\/p>\n\n\n\n<p>&#8220;Lo que diga V\u00edctor Hugo Morales me tiene sin cuidado. El relator del relato es un mentiroso. Me parece nefasto&#8221;, expres\u00f3 Eduardo Feinmann, a cargo de la primera ma\u00f1ana de Radio Mitre.<\/p>\n\n\n\n<p>En ese sentido, el conductor de radio y televisi\u00f3n asegur\u00f3 que &#8220;lo \u00fanico que importa es si Jorge se recupera o no&#8221;<\/p>\n\n\n\n<p>&#8220;No quiero perder el tiempo con V\u00edctor Hugo Morales&#8221;, a\u00f1adi\u00f3 y lo calific\u00f3 de &#8220;V\u00edctor Humo&#8221;.<\/p>\n\n\n\n<p>Fuente: <a href=\"http:\/\/www.pronto.com.ar\" data-type=\"link\" data-id=\"www.pronto.com.ar\" target=\"_blank\" rel=\"noreferrer noopener\">www.pronto.com.ar<\/a> | Ciudad Aut\u00f3noma de Buenos Aires | 07.11.24<\/p>\n","protected":false},"excerpt":{"rendered":"<p>Eduardo Feinmann cruz\u00f3 este jueves a V\u00edctor Hugo Morales, que se hab\u00eda hecho eco de una informaci\u00f3n que daba cuenta de que LR6 Radio Mitre dejar\u00eda de pagarle el sueldo a Jorge Lanata, y lo tild\u00f3 de &#8220;nefasto&#8221;. &#8220;Lo que diga V\u00edctor Hugo Morales me tiene sin cuidado. El relator del relato es un mentiroso. &hellip; <a href=\"https:\/\/amplitudmodulada.com.ar\/index.php\/noticia13417\/\" class=\"more-link\">Continu\u00e1 leyendo <span class=\"screen-reader-text\">Eduardo Feinmann cruz\u00f3 a V\u00edctor Hugo Morales y lo tild\u00f3 de &#8220;nefasto&#8221;<\/span><\/a><\/p>\n","protected":false},"author":1,"featured_media":0,"parent":0,"menu_order":0,"comment_status":"closed","ping_status":"closed","template":"","meta":{"footnotes":""},"class_list":["post-5443","page","type-page","status-publish","hentry"],"_links":{"self":[{"href":"https:\/\/amplitudmodulada.com.ar\/index.php\/wp-json\/wp\/v2\/pages\/5443","targetHints":{"allow":["GET"]}}],"collection":[{"href":"https:\/\/amplitudmodulada.com.ar\/index.php\/wp-json\/wp\/v2\/pages"}],"about":[{"href":"https:\/\/amplitudmodulada.com.ar\/index.php\/wp-json\/wp\/v2\/types\/page"}],"author":[{"embeddable":true,"href":"https:\/\/amplitudmodulada.com.ar\/index.php\/wp-json\/wp\/v2\/users\/1"}],"replies":[{"embeddable":true,"href":"https:\/\/amplitudmodulada.com.ar\/index.php\/wp-json\/wp\/v2\/comments?post=5443"}],"version-history":[{"count":2,"href":"https:\/\/amplitudmodulada.com.ar\/index.php\/wp-json\/wp\/v2\/pages\/5443\/revisions"}],"predecessor-version":[{"id":5446,"href":"https:\/\/amplitudmodulada.com.ar\/index.php\/wp-json\/wp\/v2\/pages\/5443\/revisions\/5446"}],"wp:attachment":[{"href":"https:\/\/amplitudmodulada.com.ar\/index.php\/wp-json\/wp\/v2\/media?parent=5443"}],"curies":[{"name":"wp","href":"https:\/\/api.w.org\/{rel}","templated":true}]}}