{"id":5496,"date":"2025-01-18T16:51:14","date_gmt":"2025-01-18T19:51:14","guid":{"rendered":"https:\/\/amplitudmodulada.com.ar\/?page_id=5496"},"modified":"2025-01-18T17:04:06","modified_gmt":"2025-01-18T20:04:06","slug":"noticia13425","status":"publish","type":"page","link":"https:\/\/amplitudmodulada.com.ar\/index.php\/noticia13425\/","title":{"rendered":"La nueva LV2 de C\u00f3rdoba comenzar\u00e1 a emitir el 1\u00ba de febrero"},"content":{"rendered":"\n<figure class=\"wp-block-image size-full\"><img loading=\"lazy\" decoding=\"async\" width=\"150\" height=\"75\" src=\"http:\/\/amplitudmodulada.com.ar\/wp-content\/uploads\/2025\/01\/fmvida-e1737230099205.png\" alt=\"\" class=\"wp-image-5499\"\/><\/figure>\n\n\n\n<p>Seg\u00fan destaca este mi\u00e9rcoles 13 de noviembre el portal Infonegocios, la nueva LV2 de C\u00f3rdoba, cuya licencia pertenece al empresario de medios Gustavo Scaglione, saldr\u00e1 al aire el 1\u00ba de febrero del a\u00f1o pr\u00f3ximo.<\/p>\n\n\n\n<p>Actualmente, est\u00e1 al aire la emisora de Frecuencia Modulada de LV2, que por el momento retransmite la se\u00f1al de FM Vida de Rosario.<\/p>\n\n\n\n<p>&#8220;LV2 no seguir\u00e1 el modelo de una radio tradicional: en la grilla van a convivir influencers y figuras consolidadas del mundo medi\u00e1tico&#8221;, adelant\u00f3 el empresario.<\/p>\n\n\n\n<p>La nueva LV2 saldr\u00e1 al aire desde las Torres Capitalinas.<\/p>\n\n\n\n<p>El empresario Gustavo Scaglione opera treinta y cinco medios en ocho provincias argentinas.<\/p>\n\n\n\n<p>Fuente: <a href=\"http:\/\/www.infonegocios.info\" data-type=\"link\" data-id=\"www.infonegocios.info\" target=\"_blank\" rel=\"noreferrer noopener\">www.infonegocios.info<\/a> | C\u00f3rdoba &#8211; C\u00f3rdoba | 13.11.24<\/p>\n","protected":false},"excerpt":{"rendered":"<p>Seg\u00fan destaca este mi\u00e9rcoles 13 de noviembre el portal Infonegocios, la nueva LV2 de C\u00f3rdoba, cuya licencia pertenece al empresario de medios Gustavo Scaglione, saldr\u00e1 al aire el 1\u00ba de febrero del a\u00f1o pr\u00f3ximo. Actualmente, est\u00e1 al aire la emisora de Frecuencia Modulada de LV2, que por el momento retransmite la se\u00f1al de FM Vida &hellip; <a href=\"https:\/\/amplitudmodulada.com.ar\/index.php\/noticia13425\/\" class=\"more-link\">Continu\u00e1 leyendo <span class=\"screen-reader-text\">La nueva LV2 de C\u00f3rdoba comenzar\u00e1 a emitir el 1\u00ba de febrero<\/span><\/a><\/p>\n","protected":false},"author":1,"featured_media":0,"parent":0,"menu_order":0,"comment_status":"closed","ping_status":"closed","template":"","meta":{"footnotes":""},"class_list":["post-5496","page","type-page","status-publish","hentry"],"_links":{"self":[{"href":"https:\/\/amplitudmodulada.com.ar\/index.php\/wp-json\/wp\/v2\/pages\/5496","targetHints":{"allow":["GET"]}}],"collection":[{"href":"https:\/\/amplitudmodulada.com.ar\/index.php\/wp-json\/wp\/v2\/pages"}],"about":[{"href":"https:\/\/amplitudmodulada.com.ar\/index.php\/wp-json\/wp\/v2\/types\/page"}],"author":[{"embeddable":true,"href":"https:\/\/amplitudmodulada.com.ar\/index.php\/wp-json\/wp\/v2\/users\/1"}],"replies":[{"embeddable":true,"href":"https:\/\/amplitudmodulada.com.ar\/index.php\/wp-json\/wp\/v2\/comments?post=5496"}],"version-history":[{"count":2,"href":"https:\/\/amplitudmodulada.com.ar\/index.php\/wp-json\/wp\/v2\/pages\/5496\/revisions"}],"predecessor-version":[{"id":5500,"href":"https:\/\/amplitudmodulada.com.ar\/index.php\/wp-json\/wp\/v2\/pages\/5496\/revisions\/5500"}],"wp:attachment":[{"href":"https:\/\/amplitudmodulada.com.ar\/index.php\/wp-json\/wp\/v2\/media?parent=5496"}],"curies":[{"name":"wp","href":"https:\/\/api.w.org\/{rel}","templated":true}]}}