{"id":5583,"date":"2025-01-21T20:16:34","date_gmt":"2025-01-21T23:16:34","guid":{"rendered":"https:\/\/amplitudmodulada.com.ar\/?page_id=5583"},"modified":"2025-01-21T20:27:03","modified_gmt":"2025-01-21T23:27:03","slug":"noticia13437","status":"publish","type":"page","link":"https:\/\/amplitudmodulada.com.ar\/index.php\/noticia13437\/","title":{"rendered":"V\u00edctor Hugo Morales denunci\u00f3 que un hombre lo atac\u00f3 y lo insult\u00f3 en la calle"},"content":{"rendered":"\n<figure class=\"wp-block-image size-full\"><img loading=\"lazy\" decoding=\"async\" width=\"144\" height=\"75\" src=\"http:\/\/amplitudmodulada.com.ar\/wp-content\/uploads\/2024\/01\/750-e1705525955651.jpg\" alt=\"\" class=\"wp-image-348\"\/><\/figure>\n\n\n\n<p>El periodista V\u00edctor Hugo Morales denunci\u00f3 este jueves durante la emisi\u00f3n del programa que conduce en LRL203 AM 750 que fue agredido y amenazado en la v\u00eda p\u00fablica por un hombre.<\/p>\n\n\n\n<p>El episodio ocurri\u00f3 hace tres meses atr\u00e1s, aunque lo revel\u00f3 hoy, luego de meses sin respuestas del Poder Judicial.<\/p>\n\n\n\n<p>V\u00edctor Hugo Morales se\u00f1al\u00f3 que es imposible vivir con seguridad si no hay un Poder Judicial que act\u00fae de manera r\u00e1pida.<\/p>\n\n\n\n<p>El hecho ocurri\u00f3 un d\u00eda en el que el periodista esperaba un taxi en la `puerta de su casa, cuando un conductor cruz\u00f3 la calle, le tir\u00f3 el auto encima y comenz\u00f3 a increparlo y amenazarlo.<\/p>\n\n\n\n<p>Tras el violento episodio, V\u00edctor Hugo Morales fue hasta la comisar\u00eda de la zona a hacer la denuncia, donde terminaron derivando la causa a una fiscal\u00eda.<\/p>\n\n\n\n<p>Luego de meses sin recibir novedades, el periodista comenz\u00f3 a preguntar por la investigaci\u00f3n.<\/p>\n\n\n\n<p>&#8220;Pas\u00f3 hace mucho tiempo, est\u00e1n los elementos, est\u00e1 el tipo. Cuando insist\u00ed demasiado, apareci\u00f3 la imagen. Me la mostraron. Ahora la respuesta es que tengo que ir a otro lugar, donde tendr\u00e9 que hablar, que preguntar y vamos a ver qu\u00e9 dicen all\u00ed&#8221;, relat\u00f3 resignado.<\/p>\n\n\n\n<p>Fuente: <a href=\"http:\/\/www.pagina12.com.ar\" data-type=\"link\" data-id=\"www.pagina12.com.ar\" target=\"_blank\" rel=\"noreferrer noopener\">www.pagina12.com.ar<\/a> | Ciudad Aut\u00f3noma de Buenos Aires | 21.11.24<\/p>\n","protected":false},"excerpt":{"rendered":"<p>El periodista V\u00edctor Hugo Morales denunci\u00f3 este jueves durante la emisi\u00f3n del programa que conduce en LRL203 AM 750 que fue agredido y amenazado en la v\u00eda p\u00fablica por un hombre. El episodio ocurri\u00f3 hace tres meses atr\u00e1s, aunque lo revel\u00f3 hoy, luego de meses sin respuestas del Poder Judicial. V\u00edctor Hugo Morales se\u00f1al\u00f3 que &hellip; <a href=\"https:\/\/amplitudmodulada.com.ar\/index.php\/noticia13437\/\" class=\"more-link\">Continu\u00e1 leyendo <span class=\"screen-reader-text\">V\u00edctor Hugo Morales denunci\u00f3 que un hombre lo atac\u00f3 y lo insult\u00f3 en la calle<\/span><\/a><\/p>\n","protected":false},"author":1,"featured_media":0,"parent":0,"menu_order":0,"comment_status":"closed","ping_status":"closed","template":"","meta":{"footnotes":""},"class_list":["post-5583","page","type-page","status-publish","hentry"],"_links":{"self":[{"href":"https:\/\/amplitudmodulada.com.ar\/index.php\/wp-json\/wp\/v2\/pages\/5583","targetHints":{"allow":["GET"]}}],"collection":[{"href":"https:\/\/amplitudmodulada.com.ar\/index.php\/wp-json\/wp\/v2\/pages"}],"about":[{"href":"https:\/\/amplitudmodulada.com.ar\/index.php\/wp-json\/wp\/v2\/types\/page"}],"author":[{"embeddable":true,"href":"https:\/\/amplitudmodulada.com.ar\/index.php\/wp-json\/wp\/v2\/users\/1"}],"replies":[{"embeddable":true,"href":"https:\/\/amplitudmodulada.com.ar\/index.php\/wp-json\/wp\/v2\/comments?post=5583"}],"version-history":[{"count":3,"href":"https:\/\/amplitudmodulada.com.ar\/index.php\/wp-json\/wp\/v2\/pages\/5583\/revisions"}],"predecessor-version":[{"id":5587,"href":"https:\/\/amplitudmodulada.com.ar\/index.php\/wp-json\/wp\/v2\/pages\/5583\/revisions\/5587"}],"wp:attachment":[{"href":"https:\/\/amplitudmodulada.com.ar\/index.php\/wp-json\/wp\/v2\/media?parent=5583"}],"curies":[{"name":"wp","href":"https:\/\/api.w.org\/{rel}","templated":true}]}}