{"id":5731,"date":"2025-01-25T21:02:26","date_gmt":"2025-01-26T00:02:26","guid":{"rendered":"https:\/\/amplitudmodulada.com.ar\/?page_id=5731"},"modified":"2025-01-25T21:10:32","modified_gmt":"2025-01-26T00:10:32","slug":"noticia13459","status":"publish","type":"page","link":"https:\/\/amplitudmodulada.com.ar\/index.php\/noticia13459\/","title":{"rendered":"Radio Mitre lidera las mediciones de audiencia con el 28,16% de share"},"content":{"rendered":"\n<figure class=\"wp-block-image size-large is-resized\"><img loading=\"lazy\" decoding=\"async\" width=\"1024\" height=\"532\" src=\"http:\/\/amplitudmodulada.com.ar\/wp-content\/uploads\/2024\/01\/790-1024x532.png\" alt=\"\" class=\"wp-image-268\" style=\"width:139px;height:auto\"\/><\/figure>\n\n\n\n<p>De acuerdo a las \u00faltimas mediciones de audiencia realizadas por Kantar Ibope Media, correspondientes al trimestre comprendido entre septiembre y noviembre, LR6 Radio Mitre es la emisora de Amplitud Modulada m\u00e1s escuchada con el 28,16% de share.<\/p>\n\n\n\n<p>Seg\u00fan el mismo estudio, LRL202 Radio 10 ocupa el segundo lugar, con el 18.06% de share.<\/p>\n\n\n\n<p>M\u00e1s atr\u00e1s se ubican LR5 Radio La Red, con el 16,00%, LS5 Radio Rivadavia, con el 10,47%, LRL203 AM 750, con el 5,53%, LS4 Radio Continental, con el 5,20%, LRA1 Radio Nacional Buenos Aires, con el 3,87%, LR3 CNN Radio, con el 2,65%, LR9 Radio Perfil, con el 1,23%, y LR4 Radio Splendid, con el 0,85% de share.<\/p>\n\n\n\n<p>Entre las emisoras de Frecuencia Modulada, el primer lugar lo ocupa La 100 y m\u00e1s atr\u00e1s se ubican FM Aspen, Radio Disney, Urbana Play, Mega y Rock &amp; Pop.<\/p>\n\n\n\n<p>09.12.24<\/p>\n","protected":false},"excerpt":{"rendered":"<p>De acuerdo a las \u00faltimas mediciones de audiencia realizadas por Kantar Ibope Media, correspondientes al trimestre comprendido entre septiembre y noviembre, LR6 Radio Mitre es la emisora de Amplitud Modulada m\u00e1s escuchada con el 28,16% de share. Seg\u00fan el mismo estudio, LRL202 Radio 10 ocupa el segundo lugar, con el 18.06% de share. M\u00e1s atr\u00e1s &hellip; <a href=\"https:\/\/amplitudmodulada.com.ar\/index.php\/noticia13459\/\" class=\"more-link\">Continu\u00e1 leyendo <span class=\"screen-reader-text\">Radio Mitre lidera las mediciones de audiencia con el 28,16% de share<\/span><\/a><\/p>\n","protected":false},"author":1,"featured_media":0,"parent":0,"menu_order":0,"comment_status":"closed","ping_status":"closed","template":"","meta":{"footnotes":""},"class_list":["post-5731","page","type-page","status-publish","hentry"],"_links":{"self":[{"href":"https:\/\/amplitudmodulada.com.ar\/index.php\/wp-json\/wp\/v2\/pages\/5731","targetHints":{"allow":["GET"]}}],"collection":[{"href":"https:\/\/amplitudmodulada.com.ar\/index.php\/wp-json\/wp\/v2\/pages"}],"about":[{"href":"https:\/\/amplitudmodulada.com.ar\/index.php\/wp-json\/wp\/v2\/types\/page"}],"author":[{"embeddable":true,"href":"https:\/\/amplitudmodulada.com.ar\/index.php\/wp-json\/wp\/v2\/users\/1"}],"replies":[{"embeddable":true,"href":"https:\/\/amplitudmodulada.com.ar\/index.php\/wp-json\/wp\/v2\/comments?post=5731"}],"version-history":[{"count":2,"href":"https:\/\/amplitudmodulada.com.ar\/index.php\/wp-json\/wp\/v2\/pages\/5731\/revisions"}],"predecessor-version":[{"id":5734,"href":"https:\/\/amplitudmodulada.com.ar\/index.php\/wp-json\/wp\/v2\/pages\/5731\/revisions\/5734"}],"wp:attachment":[{"href":"https:\/\/amplitudmodulada.com.ar\/index.php\/wp-json\/wp\/v2\/media?parent=5731"}],"curies":[{"name":"wp","href":"https:\/\/api.w.org\/{rel}","templated":true}]}}