{"id":5783,"date":"2025-01-27T12:36:59","date_gmt":"2025-01-27T15:36:59","guid":{"rendered":"https:\/\/amplitudmodulada.com.ar\/?page_id=5783"},"modified":"2025-01-27T12:54:47","modified_gmt":"2025-01-27T15:54:47","slug":"noticia13466","status":"publish","type":"page","link":"https:\/\/amplitudmodulada.com.ar\/index.php\/noticia13466\/","title":{"rendered":"LRA42 Radio Nacional Gualeguaych\u00fa celebro su 37\u00ba aniversario"},"content":{"rendered":"\n<figure class=\"wp-block-image size-full\"><img loading=\"lazy\" decoding=\"async\" width=\"110\" height=\"100\" src=\"http:\/\/amplitudmodulada.com.ar\/wp-content\/uploads\/2024\/01\/LRA42-e1705014344626.png\" alt=\"\" class=\"wp-image-202\"\/><\/figure>\n\n\n\n<p>En un acto que cont\u00f3 con la presencia de autoridades municipales, trabajadores de la radio y vecinos de la comunidad, LRA42 Radio Nacional Gualeguaych\u00fa celebr\u00f3 este viernes 13 de diciembre el 37\u00ba aniversario de su primera emisi\u00f3n.<\/p>\n\n\n\n<p>El intendente Mauricio Davico abri\u00f3 el acto al destacar la relevancia de Radio Nacional como &#8220;la radio de todos los argentinos&#8221; y felicit\u00f3 a su equipo por el compromiso sostenido a lo largo de los a\u00f1os.<\/p>\n\n\n\n<p>&#8220;Es una radio que siempre est\u00e1 difundiendo y comunicando nuestras culturas y lo que pasa en nuestros pueblos. Estoy muy contento y quiero felicitar a Estela Gigena, una profesional con vasta trayectoria, quien asume como nueva coordinadora art\u00edstica&#8221;, se\u00f1al\u00f3 el jefe comunal.<\/p>\n\n\n\n<p>Por su parte, Estela Gigena destac\u00f3 que &#8220;la radio debe volver a ser lo que era: un medio abierto a la comunidad, con informaci\u00f3n, m\u00fasica, cultura y participaci\u00f3n ciudadana&#8221; y a\u00f1adi\u00f3 que &#8220;durante a\u00f1os, esto se fue perdiendo, pero tenemos la gran oportunidad de hacer una radio que acompa\u00f1e y escuche a quienes confiaron en nosotros&#8221;.<\/p>\n\n\n\n<p>Durante la jornada, hubo puestos de feriantes locales que ofrecieron productos artesanales y m\u00fasica en vivo de artistas locales, cuya presentaci\u00f3n fue transmitida por la emisora p\u00fablica.<\/p>\n\n\n\n<p>Fuente: <a href=\"http:\/\/www.gualeguaychu.gov.ar\" data-type=\"link\" data-id=\"www.gualeguaychu.gov.ar\" target=\"_blank\" rel=\"noreferrer noopener\">www.gualeguaychu.gov.ar<\/a> | Gualeguaych\u00fa &#8211; Entre R\u00edos | 13.12.24<\/p>\n","protected":false},"excerpt":{"rendered":"<p>En un acto que cont\u00f3 con la presencia de autoridades municipales, trabajadores de la radio y vecinos de la comunidad, LRA42 Radio Nacional Gualeguaych\u00fa celebr\u00f3 este viernes 13 de diciembre el 37\u00ba aniversario de su primera emisi\u00f3n. El intendente Mauricio Davico abri\u00f3 el acto al destacar la relevancia de Radio Nacional como &#8220;la radio de &hellip; <a href=\"https:\/\/amplitudmodulada.com.ar\/index.php\/noticia13466\/\" class=\"more-link\">Continu\u00e1 leyendo <span class=\"screen-reader-text\">LRA42 Radio Nacional Gualeguaych\u00fa celebro su 37\u00ba aniversario<\/span><\/a><\/p>\n","protected":false},"author":1,"featured_media":0,"parent":0,"menu_order":0,"comment_status":"closed","ping_status":"closed","template":"","meta":{"footnotes":""},"class_list":["post-5783","page","type-page","status-publish","hentry"],"_links":{"self":[{"href":"https:\/\/amplitudmodulada.com.ar\/index.php\/wp-json\/wp\/v2\/pages\/5783","targetHints":{"allow":["GET"]}}],"collection":[{"href":"https:\/\/amplitudmodulada.com.ar\/index.php\/wp-json\/wp\/v2\/pages"}],"about":[{"href":"https:\/\/amplitudmodulada.com.ar\/index.php\/wp-json\/wp\/v2\/types\/page"}],"author":[{"embeddable":true,"href":"https:\/\/amplitudmodulada.com.ar\/index.php\/wp-json\/wp\/v2\/users\/1"}],"replies":[{"embeddable":true,"href":"https:\/\/amplitudmodulada.com.ar\/index.php\/wp-json\/wp\/v2\/comments?post=5783"}],"version-history":[{"count":3,"href":"https:\/\/amplitudmodulada.com.ar\/index.php\/wp-json\/wp\/v2\/pages\/5783\/revisions"}],"predecessor-version":[{"id":5788,"href":"https:\/\/amplitudmodulada.com.ar\/index.php\/wp-json\/wp\/v2\/pages\/5783\/revisions\/5788"}],"wp:attachment":[{"href":"https:\/\/amplitudmodulada.com.ar\/index.php\/wp-json\/wp\/v2\/media?parent=5783"}],"curies":[{"name":"wp","href":"https:\/\/api.w.org\/{rel}","templated":true}]}}