{"id":5799,"date":"2025-01-27T13:29:45","date_gmt":"2025-01-27T16:29:45","guid":{"rendered":"https:\/\/amplitudmodulada.com.ar\/?page_id=5799"},"modified":"2025-01-27T13:37:46","modified_gmt":"2025-01-27T16:37:46","slug":"noticia13468","status":"publish","type":"page","link":"https:\/\/amplitudmodulada.com.ar\/index.php\/noticia13468\/","title":{"rendered":"El programa &#8220;Campeones&#8221; estar\u00e1 presente en el Rally Dakar 2025"},"content":{"rendered":"\n<figure class=\"wp-block-image size-full\"><img loading=\"lazy\" decoding=\"async\" width=\"139\" height=\"100\" src=\"http:\/\/amplitudmodulada.com.ar\/wp-content\/uploads\/2025\/01\/campeonesradio-e1737995407497.png\" alt=\"\" class=\"wp-image-5801\"\/><\/figure>\n\n\n\n<p>Como cada a\u00f1o, el programa &#8220;Campeones&#8221;, que se emite por LS4 Radio Continental, estar\u00e1 presente en el Rally Dakar 2025, que se disputar\u00e1 en Arabia Saudita desde el pr\u00f3ximo 2 de enero.<\/p>\n\n\n\n<p>El ciclo promete transmisiones diarias desde Campeones Radio y Radio Continental, con un enviado especial a Arabia Saudita, siguiendo al detalle la carrera y el desempe\u00f1o de los pilotos y navegantes argentinos.<\/p>\n\n\n\n<p>Adem\u00e1s, por segundo a\u00f1o consecutivo, &#8220;Campeones&#8221; incorpora la transmisi\u00f3n en simult\u00e1neo por streaming a trav\u00e9s de su canal de YouTube.<\/p>\n\n\n\n<p>Asimismo, &#8220;Campeones&#8221; mantendr\u00e1 la transmisi\u00f3n radial a trav\u00e9s de Radio Continental de lunes a viernes a las 22.00 horas.<\/p>\n\n\n\n<p>Fuente: <a href=\"http:\/\/www.campeones.com.ar\" data-type=\"link\" data-id=\"www.campeones.com.ar\" target=\"_blank\" rel=\"noreferrer noopener\">www.campeones.com.ar<\/a> | Ciudad Aut\u00f3noma de Buenos Aires | 16.12.24 <\/p>\n","protected":false},"excerpt":{"rendered":"<p>Como cada a\u00f1o, el programa &#8220;Campeones&#8221;, que se emite por LS4 Radio Continental, estar\u00e1 presente en el Rally Dakar 2025, que se disputar\u00e1 en Arabia Saudita desde el pr\u00f3ximo 2 de enero. El ciclo promete transmisiones diarias desde Campeones Radio y Radio Continental, con un enviado especial a Arabia Saudita, siguiendo al detalle la carrera &hellip; <a href=\"https:\/\/amplitudmodulada.com.ar\/index.php\/noticia13468\/\" class=\"more-link\">Continu\u00e1 leyendo <span class=\"screen-reader-text\">El programa &#8220;Campeones&#8221; estar\u00e1 presente en el Rally Dakar 2025<\/span><\/a><\/p>\n","protected":false},"author":1,"featured_media":0,"parent":0,"menu_order":0,"comment_status":"closed","ping_status":"closed","template":"","meta":{"footnotes":""},"class_list":["post-5799","page","type-page","status-publish","hentry"],"_links":{"self":[{"href":"https:\/\/amplitudmodulada.com.ar\/index.php\/wp-json\/wp\/v2\/pages\/5799","targetHints":{"allow":["GET"]}}],"collection":[{"href":"https:\/\/amplitudmodulada.com.ar\/index.php\/wp-json\/wp\/v2\/pages"}],"about":[{"href":"https:\/\/amplitudmodulada.com.ar\/index.php\/wp-json\/wp\/v2\/types\/page"}],"author":[{"embeddable":true,"href":"https:\/\/amplitudmodulada.com.ar\/index.php\/wp-json\/wp\/v2\/users\/1"}],"replies":[{"embeddable":true,"href":"https:\/\/amplitudmodulada.com.ar\/index.php\/wp-json\/wp\/v2\/comments?post=5799"}],"version-history":[{"count":2,"href":"https:\/\/amplitudmodulada.com.ar\/index.php\/wp-json\/wp\/v2\/pages\/5799\/revisions"}],"predecessor-version":[{"id":5803,"href":"https:\/\/amplitudmodulada.com.ar\/index.php\/wp-json\/wp\/v2\/pages\/5799\/revisions\/5803"}],"wp:attachment":[{"href":"https:\/\/amplitudmodulada.com.ar\/index.php\/wp-json\/wp\/v2\/media?parent=5799"}],"curies":[{"name":"wp","href":"https:\/\/api.w.org\/{rel}","templated":true}]}}