{"id":5890,"date":"2025-01-29T09:50:36","date_gmt":"2025-01-29T12:50:36","guid":{"rendered":"https:\/\/amplitudmodulada.com.ar\/?page_id=5890"},"modified":"2025-01-29T09:59:35","modified_gmt":"2025-01-29T12:59:35","slug":"noticia13481","status":"publish","type":"page","link":"https:\/\/amplitudmodulada.com.ar\/index.php\/noticia13481\/","title":{"rendered":"Fernando Bravo se suma a la grilla de programaci\u00f3n de Radio Mitre"},"content":{"rendered":"\n<figure class=\"wp-block-image size-large is-resized\"><img loading=\"lazy\" decoding=\"async\" width=\"1024\" height=\"532\" src=\"http:\/\/amplitudmodulada.com.ar\/wp-content\/uploads\/2024\/01\/790-1024x532.png\" alt=\"\" class=\"wp-image-268\" style=\"width:150px;height:auto\"\/><\/figure>\n\n\n\n<p>El locutor y periodista Fernando Bravo se suma a la grilla de programaci\u00f3n de LR6 Radio Mitre. Estar\u00e1 el a\u00f1o pr\u00f3ximo con &#8220;Bravo por Mitre&#8221;, que saldr\u00e1 al aire de lunes a viernes de 16.00 a 19.00 horas.<\/p>\n\n\n\n<p>Nacido en 1944, Fernando Bravo egres\u00f3 del Instituto Superior de Ense\u00f1anza Radiof\u00f3nica en 1969 y a lo largo de su extensa carrera profesional condujo importantes ciclos televisivos y se desempe\u00f1\u00f3 en LS5 Radio Rivadavia, LS10 Radio Del Plata y LR3 Radio Belgrano, entre otras.<\/p>\n\n\n\n<p>Actualmente, est\u00e1 al frente de &#8220;Bravo. Continental&#8221;, que se emite de lunes a viernes de 13.00 a 17.00 horas en LS4 Radio Continental.<\/p>\n\n\n\n<p>Fuente: <a href=\"http:\/\/www.totalmedios.com\" data-type=\"link\" data-id=\"www.totalmedios.com\" target=\"_blank\" rel=\"noreferrer noopener\">www.totalmedios.com<\/a> | Ciudad Aut\u00f3noma de Buenos Aires | 23.12.24<\/p>\n","protected":false},"excerpt":{"rendered":"<p>El locutor y periodista Fernando Bravo se suma a la grilla de programaci\u00f3n de LR6 Radio Mitre. Estar\u00e1 el a\u00f1o pr\u00f3ximo con &#8220;Bravo por Mitre&#8221;, que saldr\u00e1 al aire de lunes a viernes de 16.00 a 19.00 horas. Nacido en 1944, Fernando Bravo egres\u00f3 del Instituto Superior de Ense\u00f1anza Radiof\u00f3nica en 1969 y a lo &hellip; <a href=\"https:\/\/amplitudmodulada.com.ar\/index.php\/noticia13481\/\" class=\"more-link\">Continu\u00e1 leyendo <span class=\"screen-reader-text\">Fernando Bravo se suma a la grilla de programaci\u00f3n de Radio Mitre<\/span><\/a><\/p>\n","protected":false},"author":1,"featured_media":0,"parent":0,"menu_order":0,"comment_status":"closed","ping_status":"closed","template":"","meta":{"footnotes":""},"class_list":["post-5890","page","type-page","status-publish","hentry"],"_links":{"self":[{"href":"https:\/\/amplitudmodulada.com.ar\/index.php\/wp-json\/wp\/v2\/pages\/5890","targetHints":{"allow":["GET"]}}],"collection":[{"href":"https:\/\/amplitudmodulada.com.ar\/index.php\/wp-json\/wp\/v2\/pages"}],"about":[{"href":"https:\/\/amplitudmodulada.com.ar\/index.php\/wp-json\/wp\/v2\/types\/page"}],"author":[{"embeddable":true,"href":"https:\/\/amplitudmodulada.com.ar\/index.php\/wp-json\/wp\/v2\/users\/1"}],"replies":[{"embeddable":true,"href":"https:\/\/amplitudmodulada.com.ar\/index.php\/wp-json\/wp\/v2\/comments?post=5890"}],"version-history":[{"count":3,"href":"https:\/\/amplitudmodulada.com.ar\/index.php\/wp-json\/wp\/v2\/pages\/5890\/revisions"}],"predecessor-version":[{"id":5895,"href":"https:\/\/amplitudmodulada.com.ar\/index.php\/wp-json\/wp\/v2\/pages\/5890\/revisions\/5895"}],"wp:attachment":[{"href":"https:\/\/amplitudmodulada.com.ar\/index.php\/wp-json\/wp\/v2\/media?parent=5890"}],"curies":[{"name":"wp","href":"https:\/\/api.w.org\/{rel}","templated":true}]}}