{"id":5948,"date":"2025-01-29T18:34:37","date_gmt":"2025-01-29T21:34:37","guid":{"rendered":"https:\/\/amplitudmodulada.com.ar\/?page_id=5948"},"modified":"2025-01-29T18:42:26","modified_gmt":"2025-01-29T21:42:26","slug":"noticia13490","status":"publish","type":"page","link":"https:\/\/amplitudmodulada.com.ar\/index.php\/noticia13490\/","title":{"rendered":"La sala de locutores de LT9 Radio Brigadier L\u00f3pez llevar\u00e1 el nombre de Roberto Cacho Gal\u00e9"},"content":{"rendered":"\n<figure class=\"wp-block-image size-full\"><img loading=\"lazy\" decoding=\"async\" width=\"149\" height=\"70\" src=\"http:\/\/amplitudmodulada.com.ar\/wp-content\/uploads\/2024\/01\/LT9-e1705336927133.png\" alt=\"\" class=\"wp-image-286\"\/><\/figure>\n\n\n\n<p>La sala de locutores de LT9 Radio Brigadier L\u00f3pez llevar\u00e1 el nombre de Roberto Cacho Gal\u00e9, s\u00edmbolo de la radiofon\u00eda de Santa Fe y de la vida centenaria de la emisora.<\/p>\n\n\n\n<p>La noticia le fue comunicada a Cacho Gal\u00e9 durante por los locutores de Radio Brigadier L\u00f3pez durante la emisi\u00f3n del \u00faltimo programa del a\u00f1o de &#8220;Un Cacho de Noche&#8221;.<\/p>\n\n\n\n<p>La decisi\u00f3n parti\u00f3 fundamentalmente del equipo de locutores, pero fue r\u00e1pidamente bienvenida y acompa\u00f1ada por el directorio de la emisora, <\/p>\n\n\n\n<p>Roberto Cacho Gal\u00e9 debut\u00f3 en Radio Brigadier L\u00f3pez en 1958, cuando la emisora ten\u00eda sus estudios en la calle Rivadavia.<\/p>\n\n\n\n<p>Fuente: <a href=\"http:\/\/www.lt9.com.ar\" data-type=\"link\" data-id=\"www.lt9.com.ar\" target=\"_blank\" rel=\"noreferrer noopener\">www.lt9.com.ar<\/a> | Santa Fe &#8211; Santa Fe | 30.12.24<\/p>\n","protected":false},"excerpt":{"rendered":"<p>La sala de locutores de LT9 Radio Brigadier L\u00f3pez llevar\u00e1 el nombre de Roberto Cacho Gal\u00e9, s\u00edmbolo de la radiofon\u00eda de Santa Fe y de la vida centenaria de la emisora. La noticia le fue comunicada a Cacho Gal\u00e9 durante por los locutores de Radio Brigadier L\u00f3pez durante la emisi\u00f3n del \u00faltimo programa del a\u00f1o &hellip; <a href=\"https:\/\/amplitudmodulada.com.ar\/index.php\/noticia13490\/\" class=\"more-link\">Continu\u00e1 leyendo <span class=\"screen-reader-text\">La sala de locutores de LT9 Radio Brigadier L\u00f3pez llevar\u00e1 el nombre de Roberto Cacho Gal\u00e9<\/span><\/a><\/p>\n","protected":false},"author":1,"featured_media":0,"parent":0,"menu_order":0,"comment_status":"closed","ping_status":"closed","template":"","meta":{"footnotes":""},"class_list":["post-5948","page","type-page","status-publish","hentry"],"_links":{"self":[{"href":"https:\/\/amplitudmodulada.com.ar\/index.php\/wp-json\/wp\/v2\/pages\/5948","targetHints":{"allow":["GET"]}}],"collection":[{"href":"https:\/\/amplitudmodulada.com.ar\/index.php\/wp-json\/wp\/v2\/pages"}],"about":[{"href":"https:\/\/amplitudmodulada.com.ar\/index.php\/wp-json\/wp\/v2\/types\/page"}],"author":[{"embeddable":true,"href":"https:\/\/amplitudmodulada.com.ar\/index.php\/wp-json\/wp\/v2\/users\/1"}],"replies":[{"embeddable":true,"href":"https:\/\/amplitudmodulada.com.ar\/index.php\/wp-json\/wp\/v2\/comments?post=5948"}],"version-history":[{"count":2,"href":"https:\/\/amplitudmodulada.com.ar\/index.php\/wp-json\/wp\/v2\/pages\/5948\/revisions"}],"predecessor-version":[{"id":5951,"href":"https:\/\/amplitudmodulada.com.ar\/index.php\/wp-json\/wp\/v2\/pages\/5948\/revisions\/5951"}],"wp:attachment":[{"href":"https:\/\/amplitudmodulada.com.ar\/index.php\/wp-json\/wp\/v2\/media?parent=5948"}],"curies":[{"name":"wp","href":"https:\/\/api.w.org\/{rel}","templated":true}]}}