{"id":5973,"date":"2025-01-30T15:05:01","date_gmt":"2025-01-30T18:05:01","guid":{"rendered":"https:\/\/amplitudmodulada.com.ar\/?page_id=5973"},"modified":"2025-01-30T15:41:25","modified_gmt":"2025-01-30T18:41:25","slug":"noticia13494","status":"publish","type":"page","link":"https:\/\/amplitudmodulada.com.ar\/index.php\/noticia13494\/","title":{"rendered":"Dos nuevos programas se suman a la grilla de LV12 Radio Independencia"},"content":{"rendered":"\n<figure class=\"wp-block-image size-full\"><img loading=\"lazy\" decoding=\"async\" width=\"141\" height=\"80\" src=\"http:\/\/amplitudmodulada.com.ar\/wp-content\/uploads\/2024\/03\/LV12-e1711152370442.png\" alt=\"\" class=\"wp-image-1367\"\/><\/figure>\n\n\n\n<p>Dos nuevos ciclos se suman a partir de este jueves 2 de enero a la grilla de programaci\u00f3n de LV12 Radio Independencia de San Miguel de Tucum\u00e1n.<\/p>\n\n\n\n<p>Uno de los nuevos programas ser\u00e1 &#8220;Modo Verano&#8221;, que ir\u00e1 de lunes a viernes de 8.00 a 13.00 horas y que contar\u00e1 con la conducci\u00f3n de Eduardo Telias y Mel Caneda, Lucas Zelarray\u00e1n estar\u00e1 con los deportes y Luis Cisneros en el m\u00f3vil de exteriores.<\/p>\n\n\n\n<p>En tanto, de 16.00 a 19.00 horas ser\u00e1 el turno de &#8220;Viv\u00ed la Tarde en Verano&#8221;, con Claudia Timo y Mat\u00edas Ram\u00edrez Abreg\u00fa.<\/p>\n\n\n\n<p>Radio Independencia sale al aire en 590 Khz. y 105.1 Mhz.<\/p>\n\n\n\n<p>Fuente: <a href=\"http:\/\/www.lv12.com.ar\" data-type=\"link\" data-id=\"www.lv12.com.ar\" target=\"_blank\" rel=\"noreferrer noopener\">www.lv12.com.ar<\/a> | San Miguel de Tucum\u00e1n &#8211; Tucum\u00e1n | 30.12.24<\/p>\n","protected":false},"excerpt":{"rendered":"<p>Dos nuevos ciclos se suman a partir de este jueves 2 de enero a la grilla de programaci\u00f3n de LV12 Radio Independencia de San Miguel de Tucum\u00e1n. Uno de los nuevos programas ser\u00e1 &#8220;Modo Verano&#8221;, que ir\u00e1 de lunes a viernes de 8.00 a 13.00 horas y que contar\u00e1 con la conducci\u00f3n de Eduardo Telias &hellip; <a href=\"https:\/\/amplitudmodulada.com.ar\/index.php\/noticia13494\/\" class=\"more-link\">Continu\u00e1 leyendo <span class=\"screen-reader-text\">Dos nuevos programas se suman a la grilla de LV12 Radio Independencia<\/span><\/a><\/p>\n","protected":false},"author":1,"featured_media":0,"parent":0,"menu_order":0,"comment_status":"closed","ping_status":"closed","template":"","meta":{"footnotes":""},"class_list":["post-5973","page","type-page","status-publish","hentry"],"_links":{"self":[{"href":"https:\/\/amplitudmodulada.com.ar\/index.php\/wp-json\/wp\/v2\/pages\/5973","targetHints":{"allow":["GET"]}}],"collection":[{"href":"https:\/\/amplitudmodulada.com.ar\/index.php\/wp-json\/wp\/v2\/pages"}],"about":[{"href":"https:\/\/amplitudmodulada.com.ar\/index.php\/wp-json\/wp\/v2\/types\/page"}],"author":[{"embeddable":true,"href":"https:\/\/amplitudmodulada.com.ar\/index.php\/wp-json\/wp\/v2\/users\/1"}],"replies":[{"embeddable":true,"href":"https:\/\/amplitudmodulada.com.ar\/index.php\/wp-json\/wp\/v2\/comments?post=5973"}],"version-history":[{"count":4,"href":"https:\/\/amplitudmodulada.com.ar\/index.php\/wp-json\/wp\/v2\/pages\/5973\/revisions"}],"predecessor-version":[{"id":5980,"href":"https:\/\/amplitudmodulada.com.ar\/index.php\/wp-json\/wp\/v2\/pages\/5973\/revisions\/5980"}],"wp:attachment":[{"href":"https:\/\/amplitudmodulada.com.ar\/index.php\/wp-json\/wp\/v2\/media?parent=5973"}],"curies":[{"name":"wp","href":"https:\/\/api.w.org\/{rel}","templated":true}]}}