{"id":5992,"date":"2025-01-30T17:59:22","date_gmt":"2025-01-30T20:59:22","guid":{"rendered":"https:\/\/amplitudmodulada.com.ar\/?page_id=5992"},"modified":"2025-01-30T18:12:23","modified_gmt":"2025-01-30T21:12:23","slug":"noticia13496","status":"publish","type":"page","link":"https:\/\/amplitudmodulada.com.ar\/index.php\/noticia13496\/","title":{"rendered":"Muere el periodista Jorge Lanata"},"content":{"rendered":"\n<figure class=\"wp-block-image size-large is-resized\"><img loading=\"lazy\" decoding=\"async\" width=\"1024\" height=\"532\" src=\"http:\/\/amplitudmodulada.com.ar\/wp-content\/uploads\/2024\/01\/790-1024x532.png\" alt=\"\" class=\"wp-image-268\" style=\"width:149px;height:auto\"\/><\/figure>\n\n\n\n<p>Tras permanecer m\u00e1s de seis meses internado en la terapia intensiva del Hospital Italiano, falleci\u00f3 este lunes a los 64 a\u00f1os de edad el periodista Jorge Lanata.<\/p>\n\n\n\n<p>El conductor de LR6 Radio Mitre hab\u00eda ingresado a ese centro de salud el 14 de junio para hacerse un estudio de rutina y sufri\u00f3 un paro card\u00edaco en medio del procedimiento.<\/p>\n\n\n\n<p>A partir de all\u00ed, lo trasladaron a terapia intensiva y present\u00f3 varias complicaciones con el pasar de los meses.<\/p>\n\n\n\n<p>Apenas de dio a conocer la noticia, usuarios de las redes sociales expresaron su dolor y conmoci\u00f3n por la muerte de Jorge Lanata.<\/p>\n\n\n\n<p>Colegas, seguidores y amigos del periodista dejaron tambi\u00e9n sus mensajes de despedida y manifestaron su apoyo hacia la familia en este dif\u00edcil momento.<\/p>\n\n\n\n<p>Nacido en Mar del Plata, Jorge Lanata fund\u00f3 en 1987 el diario P\u00e1gina\/12, condujo distintos  ciclos televisivos, como &#8220;D\u00eda D&#8221; y &#8220;Periodismo Para Todos&#8221;, y fund\u00f3 en 2008 el diario Cr\u00edtica de la Argentina, que estuvo en la calle poco m\u00e1s de dos a\u00f1os.<\/p>\n\n\n\n<p>Actualmente, conduc\u00eda en Radio Mitre el programa &#8220;Lanata Sin Filtro&#8221;.<\/p>\n\n\n\n<p>Fuente: <a href=\"http:\/\/www.lanacion.com.ar\" data-type=\"link\" data-id=\"www.lanacion.com.ar\" target=\"_blank\" rel=\"noreferrer noopener\">www.lanacion.com.ar<\/a> | Ciudad Aut\u00f3noma de Buenos Aires | 30.12.24<\/p>\n","protected":false},"excerpt":{"rendered":"<p>Tras permanecer m\u00e1s de seis meses internado en la terapia intensiva del Hospital Italiano, falleci\u00f3 este lunes a los 64 a\u00f1os de edad el periodista Jorge Lanata. El conductor de LR6 Radio Mitre hab\u00eda ingresado a ese centro de salud el 14 de junio para hacerse un estudio de rutina y sufri\u00f3 un paro card\u00edaco &hellip; <a href=\"https:\/\/amplitudmodulada.com.ar\/index.php\/noticia13496\/\" class=\"more-link\">Continu\u00e1 leyendo <span class=\"screen-reader-text\">Muere el periodista Jorge Lanata<\/span><\/a><\/p>\n","protected":false},"author":1,"featured_media":0,"parent":0,"menu_order":0,"comment_status":"closed","ping_status":"closed","template":"","meta":{"footnotes":""},"class_list":["post-5992","page","type-page","status-publish","hentry"],"_links":{"self":[{"href":"https:\/\/amplitudmodulada.com.ar\/index.php\/wp-json\/wp\/v2\/pages\/5992","targetHints":{"allow":["GET"]}}],"collection":[{"href":"https:\/\/amplitudmodulada.com.ar\/index.php\/wp-json\/wp\/v2\/pages"}],"about":[{"href":"https:\/\/amplitudmodulada.com.ar\/index.php\/wp-json\/wp\/v2\/types\/page"}],"author":[{"embeddable":true,"href":"https:\/\/amplitudmodulada.com.ar\/index.php\/wp-json\/wp\/v2\/users\/1"}],"replies":[{"embeddable":true,"href":"https:\/\/amplitudmodulada.com.ar\/index.php\/wp-json\/wp\/v2\/comments?post=5992"}],"version-history":[{"count":3,"href":"https:\/\/amplitudmodulada.com.ar\/index.php\/wp-json\/wp\/v2\/pages\/5992\/revisions"}],"predecessor-version":[{"id":5997,"href":"https:\/\/amplitudmodulada.com.ar\/index.php\/wp-json\/wp\/v2\/pages\/5992\/revisions\/5997"}],"wp:attachment":[{"href":"https:\/\/amplitudmodulada.com.ar\/index.php\/wp-json\/wp\/v2\/media?parent=5992"}],"curies":[{"name":"wp","href":"https:\/\/api.w.org\/{rel}","templated":true}]}}