{"id":6010,"date":"2025-01-30T20:08:29","date_gmt":"2025-01-30T23:08:29","guid":{"rendered":"https:\/\/amplitudmodulada.com.ar\/?page_id=6010"},"modified":"2025-01-30T20:17:41","modified_gmt":"2025-01-30T23:17:41","slug":"noticia13499","status":"publish","type":"page","link":"https:\/\/amplitudmodulada.com.ar\/index.php\/noticia13499\/","title":{"rendered":"Gerardo Tato Young volvi\u00f3 a la radio luego de sufrir un aneurisma cerebral"},"content":{"rendered":"\n<figure class=\"wp-block-image size-large is-resized\"><img loading=\"lazy\" decoding=\"async\" width=\"1024\" height=\"532\" src=\"http:\/\/amplitudmodulada.com.ar\/wp-content\/uploads\/2024\/01\/790-1024x532.png\" alt=\"\" class=\"wp-image-268\" style=\"width:130px;height:auto\"\/><\/figure>\n\n\n\n<p>Despu\u00e9s de atravesar dos meses de internaci\u00f3n tras sufrir un aneurisma cerebral, el periodista Gerardo Tato Young regres\u00f3 a su programa en LR6 Radio Mitre y cont\u00f3 la experiencia que vivi\u00f3 y qu\u00e9 sinti\u00f3 al estar al borde de la muerte.<\/p>\n\n\n\n<p>&#8220;Estoy vivo, es un mont\u00f3n. La pas\u00e9 mal, toqu\u00e9 la muerte. Estoy bien f\u00edsicamente. No lo sufr\u00eda, era lo que pasaba, yo era como un testigo de la muerte. Uno cree aprender muchas cosas, pero en definitiva lo que vale es lo que se vive&#8221;, se\u00f1al\u00f3 en tono relajado el periodista.<\/p>\n\n\n\n<p>Tato Young tambi\u00e9n se refiri\u00f3 al trabajo que hizo el equipo m\u00e9dico para salvarle la vida.<\/p>\n\n\n\n<p>&#8220;Es incre\u00edble lo que hicieron los m\u00e9dicos. Tuve un aneurisma, que es como un cortocircuito en el cerebro. En general, much\u00edsima gente se muere con eso. A m\u00ed me lo detectaron r\u00e1pido. Me lo pudieron operar. Pudieron encapsular el aneurisma y me salv\u00e9&#8221;, relat\u00f3.<\/p>\n\n\n\n<p>El regreso formal de Tato Young a la radio ser\u00e1 en febrero de 2025 y esta emisi\u00f3n se trat\u00f3 de un programa grabado, raz\u00f3n por la cual el periodista no hizo referencia a la muerte de Jorge Lanata.<\/p>\n\n\n\n<p>Fuente: <a href=\"http:\/\/www.infobae.com\" data-type=\"link\" data-id=\"www.infobae.com\" target=\"_blank\" rel=\"noreferrer noopener\">www.infobae.com<\/a> | Ciudad Aut\u00f3noma de Buenos Aires | 31.12.24<\/p>\n","protected":false},"excerpt":{"rendered":"<p>Despu\u00e9s de atravesar dos meses de internaci\u00f3n tras sufrir un aneurisma cerebral, el periodista Gerardo Tato Young regres\u00f3 a su programa en LR6 Radio Mitre y cont\u00f3 la experiencia que vivi\u00f3 y qu\u00e9 sinti\u00f3 al estar al borde de la muerte. &#8220;Estoy vivo, es un mont\u00f3n. La pas\u00e9 mal, toqu\u00e9 la muerte. Estoy bien f\u00edsicamente. &hellip; <a href=\"https:\/\/amplitudmodulada.com.ar\/index.php\/noticia13499\/\" class=\"more-link\">Continu\u00e1 leyendo <span class=\"screen-reader-text\">Gerardo Tato Young volvi\u00f3 a la radio luego de sufrir un aneurisma cerebral<\/span><\/a><\/p>\n","protected":false},"author":1,"featured_media":0,"parent":0,"menu_order":0,"comment_status":"closed","ping_status":"closed","template":"","meta":{"footnotes":""},"class_list":["post-6010","page","type-page","status-publish","hentry"],"_links":{"self":[{"href":"https:\/\/amplitudmodulada.com.ar\/index.php\/wp-json\/wp\/v2\/pages\/6010","targetHints":{"allow":["GET"]}}],"collection":[{"href":"https:\/\/amplitudmodulada.com.ar\/index.php\/wp-json\/wp\/v2\/pages"}],"about":[{"href":"https:\/\/amplitudmodulada.com.ar\/index.php\/wp-json\/wp\/v2\/types\/page"}],"author":[{"embeddable":true,"href":"https:\/\/amplitudmodulada.com.ar\/index.php\/wp-json\/wp\/v2\/users\/1"}],"replies":[{"embeddable":true,"href":"https:\/\/amplitudmodulada.com.ar\/index.php\/wp-json\/wp\/v2\/comments?post=6010"}],"version-history":[{"count":3,"href":"https:\/\/amplitudmodulada.com.ar\/index.php\/wp-json\/wp\/v2\/pages\/6010\/revisions"}],"predecessor-version":[{"id":6014,"href":"https:\/\/amplitudmodulada.com.ar\/index.php\/wp-json\/wp\/v2\/pages\/6010\/revisions\/6014"}],"wp:attachment":[{"href":"https:\/\/amplitudmodulada.com.ar\/index.php\/wp-json\/wp\/v2\/media?parent=6010"}],"curies":[{"name":"wp","href":"https:\/\/api.w.org\/{rel}","templated":true}]}}