{"id":6048,"date":"2025-01-31T20:03:09","date_gmt":"2025-01-31T23:03:09","guid":{"rendered":"https:\/\/amplitudmodulada.com.ar\/?page_id=6048"},"modified":"2025-01-31T20:08:38","modified_gmt":"2025-01-31T23:08:38","slug":"noticia13504","status":"publish","type":"page","link":"https:\/\/amplitudmodulada.com.ar\/index.php\/noticia13504\/","title":{"rendered":"Muere el ex locutor de Cadena 3 Oscar Garc\u00eda"},"content":{"rendered":"\n<figure class=\"wp-block-image size-full\"><img loading=\"lazy\" decoding=\"async\" width=\"169\" height=\"55\" src=\"http:\/\/amplitudmodulada.com.ar\/wp-content\/uploads\/2024\/02\/cadena3-e1709142729643.png\" alt=\"\" class=\"wp-image-1072\"\/><\/figure>\n\n\n\n<p>A los 69 a\u00f1os de edad y despu\u00e9s de una larga batalla contra el c\u00e1ncer, falleci\u00f3 este jueves 2 de enero el ex locutor de Cadena 3 Oscar Garc\u00eda.<\/p>\n\n\n\n<p>En esta emisora se destac\u00f3 por su rol en el \u00e1rea de informaci\u00f3n previsional, brindando respuestas a las consultas de la audiencia sobre temas relacionados con las jubilaciones.<\/p>\n\n\n\n<p>Adem\u00e1s, fue una de las voces de los programas informativos de Cadena 3.<\/p>\n\n\n\n<p>Estuvo al frente de &#8220;Resumen 3&#8221;, &#8220;S\u00edntesis de Noticias&#8221; y &#8220;Protagonistas&#8221;.<\/p>\n\n\n\n<p>El velatorio se realizar\u00e1 este viernes 3 de enero, de 8.00 a 13.00 horas, en la calle Olmos 275 de la ciudad de C\u00f3rdoba.<\/p>\n\n\n\n<p>Fuente: <a href=\"http:\/\/www.cadena3.com\" data-type=\"link\" data-id=\"www.cadena3.com\" target=\"_blank\" rel=\"noreferrer noopener\">www.cadena3.com<\/a> | C\u00f3rdoba &#8211; C\u00f3rdoba | 02.01.25<\/p>\n","protected":false},"excerpt":{"rendered":"<p>A los 69 a\u00f1os de edad y despu\u00e9s de una larga batalla contra el c\u00e1ncer, falleci\u00f3 este jueves 2 de enero el ex locutor de Cadena 3 Oscar Garc\u00eda. En esta emisora se destac\u00f3 por su rol en el \u00e1rea de informaci\u00f3n previsional, brindando respuestas a las consultas de la audiencia sobre temas relacionados con &hellip; <a href=\"https:\/\/amplitudmodulada.com.ar\/index.php\/noticia13504\/\" class=\"more-link\">Continu\u00e1 leyendo <span class=\"screen-reader-text\">Muere el ex locutor de Cadena 3 Oscar Garc\u00eda<\/span><\/a><\/p>\n","protected":false},"author":1,"featured_media":0,"parent":0,"menu_order":0,"comment_status":"closed","ping_status":"closed","template":"","meta":{"footnotes":""},"class_list":["post-6048","page","type-page","status-publish","hentry"],"_links":{"self":[{"href":"https:\/\/amplitudmodulada.com.ar\/index.php\/wp-json\/wp\/v2\/pages\/6048","targetHints":{"allow":["GET"]}}],"collection":[{"href":"https:\/\/amplitudmodulada.com.ar\/index.php\/wp-json\/wp\/v2\/pages"}],"about":[{"href":"https:\/\/amplitudmodulada.com.ar\/index.php\/wp-json\/wp\/v2\/types\/page"}],"author":[{"embeddable":true,"href":"https:\/\/amplitudmodulada.com.ar\/index.php\/wp-json\/wp\/v2\/users\/1"}],"replies":[{"embeddable":true,"href":"https:\/\/amplitudmodulada.com.ar\/index.php\/wp-json\/wp\/v2\/comments?post=6048"}],"version-history":[{"count":2,"href":"https:\/\/amplitudmodulada.com.ar\/index.php\/wp-json\/wp\/v2\/pages\/6048\/revisions"}],"predecessor-version":[{"id":6051,"href":"https:\/\/amplitudmodulada.com.ar\/index.php\/wp-json\/wp\/v2\/pages\/6048\/revisions\/6051"}],"wp:attachment":[{"href":"https:\/\/amplitudmodulada.com.ar\/index.php\/wp-json\/wp\/v2\/media?parent=6048"}],"curies":[{"name":"wp","href":"https:\/\/api.w.org\/{rel}","templated":true}]}}