{"id":6174,"date":"2025-02-15T14:36:38","date_gmt":"2025-02-15T17:36:38","guid":{"rendered":"https:\/\/amplitudmodulada.com.ar\/?page_id=6174"},"modified":"2025-02-15T19:27:10","modified_gmt":"2025-02-15T22:27:10","slug":"noticia13521","status":"publish","type":"page","link":"https:\/\/amplitudmodulada.com.ar\/index.php\/noticia13521\/","title":{"rendered":"Atilio Costa Febre habl\u00f3 de una &#8220;mano negra&#8221; que lo dej\u00f3 sin trabajo y apunt\u00f3 contra el gobierno nacional"},"content":{"rendered":"\n<figure class=\"wp-block-image size-full\"><img loading=\"lazy\" decoding=\"async\" width=\"110\" height=\"110\" src=\"http:\/\/amplitudmodulada.com.ar\/wp-content\/uploads\/2024\/10\/LRA-e1728000015658.jpg\" alt=\"\" class=\"wp-image-4179\"\/><\/figure>\n\n\n\n<p>El hist\u00f3rico relator de la campa\u00f1a de River, Atilio Costa Febre, emiti\u00f3 un duro comunicado en el que se refiri\u00f3 a una &#8220;mano negra&#8221; que lo dej\u00f3 sin trabajo y apunt\u00f3 contra el gobierno nacional.<\/p>\n\n\n\n<p>Seg\u00fan detall\u00f3 en su canal de YouTube, debido a su amistad con H\u00e9ctor Cavallero, director de Radio Nacional, ten\u00eda todo arreglado para seguir la campa\u00f1a de River por la emisora p\u00fablica y por eso le comunic\u00f3 a LS10 Radio Del Plata que no seguir\u00eda all\u00ed.<\/p>\n\n\n\n<p>&#8220;El d\u00eda 2 de enero, un segund\u00f3n de Radio Nacional me llama y me dice que sali\u00f3 un dictamen del gobierno diciendo que no se puede incorporar ning\u00fan profesional a los medios que tiene el Estado. No me iban a pagar, soy un hombre independiente. Yo llevo mi producci\u00f3n que adem\u00e1s va a beneficiar a la radio&#8221;, explic\u00f3 el relator.<\/p>\n\n\n\n<p>En ese sentido, asegur\u00f3 que &#8220;es la peor fecha para recibir una noticia para los que trabajamos en medios&#8221; y a\u00f1adi\u00f3 que &#8220;es una bomba que le cae a un profesional de los medios que te digan un 2 de enero que se cay\u00f3 un proyecto&#8221;.<\/p>\n\n\n\n<p>Fuente: <a href=\"http:\/\/www.eldestapeweb.com\" data-type=\"link\" data-id=\"www.eldestapeweb.com\" target=\"_blank\" rel=\"noreferrer noopener\">www.eldestapeweb.com<\/a> | Ciudad Aut\u00f3noma de Buenos Aires | 10.01.25<\/p>\n","protected":false},"excerpt":{"rendered":"<p>El hist\u00f3rico relator de la campa\u00f1a de River, Atilio Costa Febre, emiti\u00f3 un duro comunicado en el que se refiri\u00f3 a una &#8220;mano negra&#8221; que lo dej\u00f3 sin trabajo y apunt\u00f3 contra el gobierno nacional. Seg\u00fan detall\u00f3 en su canal de YouTube, debido a su amistad con H\u00e9ctor Cavallero, director de Radio Nacional, ten\u00eda todo &hellip; <a href=\"https:\/\/amplitudmodulada.com.ar\/index.php\/noticia13521\/\" class=\"more-link\">Continu\u00e1 leyendo <span class=\"screen-reader-text\">Atilio Costa Febre habl\u00f3 de una &#8220;mano negra&#8221; que lo dej\u00f3 sin trabajo y apunt\u00f3 contra el gobierno nacional<\/span><\/a><\/p>\n","protected":false},"author":1,"featured_media":0,"parent":0,"menu_order":0,"comment_status":"closed","ping_status":"closed","template":"","meta":{"footnotes":""},"class_list":["post-6174","page","type-page","status-publish","hentry"],"_links":{"self":[{"href":"https:\/\/amplitudmodulada.com.ar\/index.php\/wp-json\/wp\/v2\/pages\/6174","targetHints":{"allow":["GET"]}}],"collection":[{"href":"https:\/\/amplitudmodulada.com.ar\/index.php\/wp-json\/wp\/v2\/pages"}],"about":[{"href":"https:\/\/amplitudmodulada.com.ar\/index.php\/wp-json\/wp\/v2\/types\/page"}],"author":[{"embeddable":true,"href":"https:\/\/amplitudmodulada.com.ar\/index.php\/wp-json\/wp\/v2\/users\/1"}],"replies":[{"embeddable":true,"href":"https:\/\/amplitudmodulada.com.ar\/index.php\/wp-json\/wp\/v2\/comments?post=6174"}],"version-history":[{"count":2,"href":"https:\/\/amplitudmodulada.com.ar\/index.php\/wp-json\/wp\/v2\/pages\/6174\/revisions"}],"predecessor-version":[{"id":6177,"href":"https:\/\/amplitudmodulada.com.ar\/index.php\/wp-json\/wp\/v2\/pages\/6174\/revisions\/6177"}],"wp:attachment":[{"href":"https:\/\/amplitudmodulada.com.ar\/index.php\/wp-json\/wp\/v2\/media?parent=6174"}],"curies":[{"name":"wp","href":"https:\/\/api.w.org\/{rel}","templated":true}]}}