{"id":6202,"date":"2025-02-16T13:39:25","date_gmt":"2025-02-16T16:39:25","guid":{"rendered":"https:\/\/amplitudmodulada.com.ar\/?page_id=6202"},"modified":"2025-02-16T13:46:02","modified_gmt":"2025-02-16T16:46:02","slug":"noticia13525","status":"publish","type":"page","link":"https:\/\/amplitudmodulada.com.ar\/index.php\/noticia13525\/","title":{"rendered":"Llega a Vorterix el programa &#8220;No Se Pudo&#8221;"},"content":{"rendered":"\n<figure class=\"wp-block-image size-full\"><img loading=\"lazy\" decoding=\"async\" width=\"100\" height=\"100\" src=\"http:\/\/amplitudmodulada.com.ar\/wp-content\/uploads\/2024\/05\/vorterix-e1716767767435.jpg\" alt=\"\" class=\"wp-image-2103\"\/><\/figure>\n\n\n\n<p>Comienza el lunes 20 de enero en la emisora de Frecuencia Modulada Vorterix el programa &#8220;No Se Pudo&#8221;, un programa que aspira a explorar el &#8220;lado B&#8221; del f\u00fatbol, con an\u00e9cdotas, historias curiosas y entrevistas y en donde no faltar\u00e1 la m\u00fasica y el humor.<\/p>\n\n\n\n<p>El programa saldr\u00e1 al aire de lunes a viernes de 13.00 a 15.00 horas y se emitir\u00e1, adem\u00e1s, a trav\u00e9s de todas las plataformas digitales de Vorterix, YouTube, Twich, Spotify, Flow y <a href=\"http:\/\/www.vorterix.com\" data-type=\"link\" data-id=\"www.vorterix.com\" target=\"_blank\" rel=\"noreferrer noopener\">www.vorterix.com<\/a>.<\/p>\n\n\n\n<p>&#8220;No Se Pudo&#8221; tendr\u00e1 la conducci\u00f3n del periodista deportivo y creador del sitio &#8220;En Una Baldosa&#8221;, Juan Claudio Castro.<\/p>\n\n\n\n<p>Vorterix sale al aire desde la Ciudad de Buenos Aires en 97.1 Mhz.<\/p>\n\n\n\n<p>Fuente: <a href=\"http:\/\/www.totalmedios.com\" data-type=\"link\" data-id=\"www.totalmedios.com\" target=\"_blank\" rel=\"noreferrer noopener\">www.totalmedios.com<\/a> | Ciudad Aut\u00f3noma de Buenos Aires | 14.01.25<\/p>\n","protected":false},"excerpt":{"rendered":"<p>Comienza el lunes 20 de enero en la emisora de Frecuencia Modulada Vorterix el programa &#8220;No Se Pudo&#8221;, un programa que aspira a explorar el &#8220;lado B&#8221; del f\u00fatbol, con an\u00e9cdotas, historias curiosas y entrevistas y en donde no faltar\u00e1 la m\u00fasica y el humor. El programa saldr\u00e1 al aire de lunes a viernes de &hellip; <a href=\"https:\/\/amplitudmodulada.com.ar\/index.php\/noticia13525\/\" class=\"more-link\">Continu\u00e1 leyendo <span class=\"screen-reader-text\">Llega a Vorterix el programa &#8220;No Se Pudo&#8221;<\/span><\/a><\/p>\n","protected":false},"author":1,"featured_media":0,"parent":0,"menu_order":0,"comment_status":"closed","ping_status":"closed","template":"","meta":{"footnotes":""},"class_list":["post-6202","page","type-page","status-publish","hentry"],"_links":{"self":[{"href":"https:\/\/amplitudmodulada.com.ar\/index.php\/wp-json\/wp\/v2\/pages\/6202","targetHints":{"allow":["GET"]}}],"collection":[{"href":"https:\/\/amplitudmodulada.com.ar\/index.php\/wp-json\/wp\/v2\/pages"}],"about":[{"href":"https:\/\/amplitudmodulada.com.ar\/index.php\/wp-json\/wp\/v2\/types\/page"}],"author":[{"embeddable":true,"href":"https:\/\/amplitudmodulada.com.ar\/index.php\/wp-json\/wp\/v2\/users\/1"}],"replies":[{"embeddable":true,"href":"https:\/\/amplitudmodulada.com.ar\/index.php\/wp-json\/wp\/v2\/comments?post=6202"}],"version-history":[{"count":2,"href":"https:\/\/amplitudmodulada.com.ar\/index.php\/wp-json\/wp\/v2\/pages\/6202\/revisions"}],"predecessor-version":[{"id":6205,"href":"https:\/\/amplitudmodulada.com.ar\/index.php\/wp-json\/wp\/v2\/pages\/6202\/revisions\/6205"}],"wp:attachment":[{"href":"https:\/\/amplitudmodulada.com.ar\/index.php\/wp-json\/wp\/v2\/media?parent=6202"}],"curies":[{"name":"wp","href":"https:\/\/api.w.org\/{rel}","templated":true}]}}