{"id":6267,"date":"2025-02-23T13:16:07","date_gmt":"2025-02-23T16:16:07","guid":{"rendered":"https:\/\/amplitudmodulada.com.ar\/?page_id=6267"},"modified":"2025-02-23T13:20:43","modified_gmt":"2025-02-23T16:20:43","slug":"noticia13534","status":"publish","type":"page","link":"https:\/\/amplitudmodulada.com.ar\/index.php\/noticia13534\/","title":{"rendered":"El relator Fabi\u00e1n Mazzi vuelve a LT10 Radio Universidad Nacional del Litoral"},"content":{"rendered":"\n<figure class=\"wp-block-image size-full\"><img loading=\"lazy\" decoding=\"async\" width=\"128\" height=\"60\" src=\"http:\/\/amplitudmodulada.com.ar\/wp-content\/uploads\/2024\/04\/LT10-e1712419823316.png\" alt=\"\" class=\"wp-image-1573\"\/><\/figure>\n\n\n\n<p>El relator Fabi\u00e1n Mazzi, con m\u00e1s de cuarenta a\u00f1os en distintos medios de la ciudad de Santa Fe, regresa a LT10 Radio Universidad Nacional del Litoral.<\/p>\n\n\n\n<p>El relator santafesino se suma a partir de este lunes 20 de enero a la grilla de programaci\u00f3n de la emisora universitaria, donde se desempe\u00f1\u00f3 durante m\u00e1s de treinta y cinco a\u00f1os.<\/p>\n\n\n\n<p>Fabi\u00e1n Mazzi estar\u00e1 a partir de esta semana de lunes a viernes al mediod\u00eda y los fines de semana con los relatos de los partidos que disputen Uni\u00f3n y Col\u00f3n de Santa Fe.<\/p>\n\n\n\n<p>Fuente: <a href=\"http:\/\/www.lt10.com.ar\" data-type=\"link\" data-id=\"www.lt10.com.ar\" target=\"_blank\" rel=\"noreferrer noopener\">www.lt10.com.ar<\/a> | Santa Fe &#8211; Santa | 20.01.25<\/p>\n","protected":false},"excerpt":{"rendered":"<p>El relator Fabi\u00e1n Mazzi, con m\u00e1s de cuarenta a\u00f1os en distintos medios de la ciudad de Santa Fe, regresa a LT10 Radio Universidad Nacional del Litoral. El relator santafesino se suma a partir de este lunes 20 de enero a la grilla de programaci\u00f3n de la emisora universitaria, donde se desempe\u00f1\u00f3 durante m\u00e1s de treinta &hellip; <a href=\"https:\/\/amplitudmodulada.com.ar\/index.php\/noticia13534\/\" class=\"more-link\">Continu\u00e1 leyendo <span class=\"screen-reader-text\">El relator Fabi\u00e1n Mazzi vuelve a LT10 Radio Universidad Nacional del Litoral<\/span><\/a><\/p>\n","protected":false},"author":1,"featured_media":0,"parent":0,"menu_order":0,"comment_status":"closed","ping_status":"closed","template":"","meta":{"footnotes":""},"class_list":["post-6267","page","type-page","status-publish","hentry"],"_links":{"self":[{"href":"https:\/\/amplitudmodulada.com.ar\/index.php\/wp-json\/wp\/v2\/pages\/6267","targetHints":{"allow":["GET"]}}],"collection":[{"href":"https:\/\/amplitudmodulada.com.ar\/index.php\/wp-json\/wp\/v2\/pages"}],"about":[{"href":"https:\/\/amplitudmodulada.com.ar\/index.php\/wp-json\/wp\/v2\/types\/page"}],"author":[{"embeddable":true,"href":"https:\/\/amplitudmodulada.com.ar\/index.php\/wp-json\/wp\/v2\/users\/1"}],"replies":[{"embeddable":true,"href":"https:\/\/amplitudmodulada.com.ar\/index.php\/wp-json\/wp\/v2\/comments?post=6267"}],"version-history":[{"count":2,"href":"https:\/\/amplitudmodulada.com.ar\/index.php\/wp-json\/wp\/v2\/pages\/6267\/revisions"}],"predecessor-version":[{"id":6270,"href":"https:\/\/amplitudmodulada.com.ar\/index.php\/wp-json\/wp\/v2\/pages\/6267\/revisions\/6270"}],"wp:attachment":[{"href":"https:\/\/amplitudmodulada.com.ar\/index.php\/wp-json\/wp\/v2\/media?parent=6267"}],"curies":[{"name":"wp","href":"https:\/\/api.w.org\/{rel}","templated":true}]}}