{"id":6287,"date":"2025-02-26T20:08:31","date_gmt":"2025-02-26T23:08:31","guid":{"rendered":"https:\/\/amplitudmodulada.com.ar\/?page_id=6287"},"modified":"2025-02-26T20:23:01","modified_gmt":"2025-02-26T23:23:01","slug":"noticia13537","status":"publish","type":"page","link":"https:\/\/amplitudmodulada.com.ar\/index.php\/noticia13537\/","title":{"rendered":"Marcelo Longobardi se refiri\u00f3 a su salida de Radio Rivadavia y apunt\u00f3 contra Karina Milei"},"content":{"rendered":"\n<figure class=\"wp-block-image size-full\"><img loading=\"lazy\" decoding=\"async\" width=\"174\" height=\"60\" src=\"http:\/\/amplitudmodulada.com.ar\/wp-content\/uploads\/2024\/01\/630-e1704586384620.png\" alt=\"\" class=\"wp-image-115\"\/><\/figure>\n\n\n\n<p>Al referirse a su salida de LS5 Radio Rivadavia, el periodista Marcelo Longobardi sugiri\u00f3 que su despido habr\u00eda sido impulsado desde el gobierno nacional y apunt\u00f3 espec\u00edficamente sobre Karina Milei.<\/p>\n\n\n\n<p>El conductor radial explic\u00f3 que las tensiones con el gobierno nacional &#8220;explotaron&#8221; luego de que entrevistara al periodista Hugo Alconada Mon, el mismo d\u00eda en que este publicara una investigaci\u00f3n exclusiva en La Naci\u00f3n sobre Andr\u00e9s V\u00e1zquez, el nuevo jefe de la Direcci\u00f3n General Impositiva.<\/p>\n\n\n\n<p>&#8220;Era un tema muy complicado, un tipo con pasado turbio. Me echaron dos d\u00edas despu\u00e9s en t\u00e9rminos peores que cuando me ech\u00f3 Crist\u00f3bal L\u00f3pez de Radio 10&#8221;, asegur\u00f3.<\/p>\n\n\n\n<p>En ese sentido, afirm\u00f3 que &#8220;nunca me d\u00ed cuenta si Rivadavia era m\u00e1s bien oficialista o no, pero la prensa hoy en d\u00eda est\u00e1 muy oficialista&#8221;.<\/p>\n\n\n\n<p>&#8220;Mi contrato ten\u00eda una cl\u00e1usula de sesenta d\u00edas de anticipaci\u00f3n, pero eso no ocurri\u00f3. No optaron por algo tan simple como decirme que no me bancaban m\u00e1s y que dentro de sesenta d\u00edas se terminaba. Yo creo en la teor\u00eda de que fue ese reportaje el que dinamit\u00f3 el programa, pero ya buscaban una forma de sacarme&#8221;, precis\u00f3.<\/p>\n\n\n\n<p>Marcelo Longobardi fue desvinculado de Radio Rivadavia, donde conduc\u00eda el programa &#8220;Esta Ma\u00f1ana, en diciembre pasado.<\/p>\n\n\n\n<p>El periodista se hab\u00eda desempe\u00f1ado anteriormente y por un breve lapso en LR3 CNN Radio.<\/p>\n\n\n\n<p>Fuente: <a href=\"http:\/\/www.lanacion.com.ar\" data-type=\"link\" data-id=\"www.lanacion.com.ar\" target=\"_blank\" rel=\"noreferrer noopener\">www.lanacion.com.ar<\/a> | Ciudad Aut\u00f3noma de Buenos Aires | 22.01.25 <\/p>\n","protected":false},"excerpt":{"rendered":"<p>Al referirse a su salida de LS5 Radio Rivadavia, el periodista Marcelo Longobardi sugiri\u00f3 que su despido habr\u00eda sido impulsado desde el gobierno nacional y apunt\u00f3 espec\u00edficamente sobre Karina Milei. El conductor radial explic\u00f3 que las tensiones con el gobierno nacional &#8220;explotaron&#8221; luego de que entrevistara al periodista Hugo Alconada Mon, el mismo d\u00eda en &hellip; <a href=\"https:\/\/amplitudmodulada.com.ar\/index.php\/noticia13537\/\" class=\"more-link\">Continu\u00e1 leyendo <span class=\"screen-reader-text\">Marcelo Longobardi se refiri\u00f3 a su salida de Radio Rivadavia y apunt\u00f3 contra Karina Milei<\/span><\/a><\/p>\n","protected":false},"author":1,"featured_media":0,"parent":0,"menu_order":0,"comment_status":"closed","ping_status":"closed","template":"","meta":{"footnotes":""},"class_list":["post-6287","page","type-page","status-publish","hentry"],"_links":{"self":[{"href":"https:\/\/amplitudmodulada.com.ar\/index.php\/wp-json\/wp\/v2\/pages\/6287","targetHints":{"allow":["GET"]}}],"collection":[{"href":"https:\/\/amplitudmodulada.com.ar\/index.php\/wp-json\/wp\/v2\/pages"}],"about":[{"href":"https:\/\/amplitudmodulada.com.ar\/index.php\/wp-json\/wp\/v2\/types\/page"}],"author":[{"embeddable":true,"href":"https:\/\/amplitudmodulada.com.ar\/index.php\/wp-json\/wp\/v2\/users\/1"}],"replies":[{"embeddable":true,"href":"https:\/\/amplitudmodulada.com.ar\/index.php\/wp-json\/wp\/v2\/comments?post=6287"}],"version-history":[{"count":3,"href":"https:\/\/amplitudmodulada.com.ar\/index.php\/wp-json\/wp\/v2\/pages\/6287\/revisions"}],"predecessor-version":[{"id":6292,"href":"https:\/\/amplitudmodulada.com.ar\/index.php\/wp-json\/wp\/v2\/pages\/6287\/revisions\/6292"}],"wp:attachment":[{"href":"https:\/\/amplitudmodulada.com.ar\/index.php\/wp-json\/wp\/v2\/media?parent=6287"}],"curies":[{"name":"wp","href":"https:\/\/api.w.org\/{rel}","templated":true}]}}