{"id":6370,"date":"2025-03-04T14:38:48","date_gmt":"2025-03-04T17:38:48","guid":{"rendered":"https:\/\/amplitudmodulada.com.ar\/?page_id=6370"},"modified":"2025-03-04T16:57:22","modified_gmt":"2025-03-04T19:57:22","slug":"noticia13548","status":"publish","type":"page","link":"https:\/\/amplitudmodulada.com.ar\/index.php\/noticia13548\/","title":{"rendered":"LT6 Radio Goya celebr\u00f3 el 72\u00ba aniversario de su primera emisi\u00f3n"},"content":{"rendered":"\n<figure class=\"wp-block-image size-full\"><img loading=\"lazy\" decoding=\"async\" width=\"119\" height=\"100\" src=\"http:\/\/amplitudmodulada.com.ar\/wp-content\/uploads\/2024\/02\/lt6-e1707770247141.png\" alt=\"\" class=\"wp-image-762\"\/><\/figure>\n\n\n\n<p>Con una misa celebrada en sus instalaciones y una programaci\u00f3n especial, LT6 Radio Goya celebr\u00f3 este viernes 31 de enero el 72\u00ba aniversario de su primera emisi\u00f3n.<\/p>\n\n\n\n<p>Radio Goya realiz\u00f3 su primera transmsi\u00f3n el 31 de enero de 1953 y se convirti\u00f3 as\u00ed en la primera emisora de la provincia de Corrientes.<\/p>\n\n\n\n<p>Desde su nacimiento perteneci\u00f3 a la red de emisoras Splendid, luego a otras cadenas privadas y finalmente al Estado Nacional.<\/p>\n\n\n\n<p>En 1987 se inaugur\u00f3 su emisora de Frecuencia Modulada, FM Splendida, en tanto que en 1993 Radio Goya fue nuevamente privatizada.<\/p>\n\n\n\n<p>Actualmente, la emisora es operada por la Cooperativa de Trabajo Medios de Comunicaci\u00f3n Social Seis, conformada por los trabajadores de Radio Goya.<\/p>\n\n\n\n<p>Fuente: <a href=\"http:\/\/www.diario1588.com\" data-type=\"link\" data-id=\"www.diario1588.com\" target=\"_blank\" rel=\"noreferrer noopener\">www.diario1588.com<\/a> | Corrientes &#8211; Corrientes | 31.01.25<\/p>\n","protected":false},"excerpt":{"rendered":"<p>Con una misa celebrada en sus instalaciones y una programaci\u00f3n especial, LT6 Radio Goya celebr\u00f3 este viernes 31 de enero el 72\u00ba aniversario de su primera emisi\u00f3n. Radio Goya realiz\u00f3 su primera transmsi\u00f3n el 31 de enero de 1953 y se convirti\u00f3 as\u00ed en la primera emisora de la provincia de Corrientes. Desde su nacimiento &hellip; <a href=\"https:\/\/amplitudmodulada.com.ar\/index.php\/noticia13548\/\" class=\"more-link\">Continu\u00e1 leyendo <span class=\"screen-reader-text\">LT6 Radio Goya celebr\u00f3 el 72\u00ba aniversario de su primera emisi\u00f3n<\/span><\/a><\/p>\n","protected":false},"author":1,"featured_media":0,"parent":0,"menu_order":0,"comment_status":"closed","ping_status":"closed","template":"","meta":{"footnotes":""},"class_list":["post-6370","page","type-page","status-publish","hentry"],"_links":{"self":[{"href":"https:\/\/amplitudmodulada.com.ar\/index.php\/wp-json\/wp\/v2\/pages\/6370","targetHints":{"allow":["GET"]}}],"collection":[{"href":"https:\/\/amplitudmodulada.com.ar\/index.php\/wp-json\/wp\/v2\/pages"}],"about":[{"href":"https:\/\/amplitudmodulada.com.ar\/index.php\/wp-json\/wp\/v2\/types\/page"}],"author":[{"embeddable":true,"href":"https:\/\/amplitudmodulada.com.ar\/index.php\/wp-json\/wp\/v2\/users\/1"}],"replies":[{"embeddable":true,"href":"https:\/\/amplitudmodulada.com.ar\/index.php\/wp-json\/wp\/v2\/comments?post=6370"}],"version-history":[{"count":3,"href":"https:\/\/amplitudmodulada.com.ar\/index.php\/wp-json\/wp\/v2\/pages\/6370\/revisions"}],"predecessor-version":[{"id":6374,"href":"https:\/\/amplitudmodulada.com.ar\/index.php\/wp-json\/wp\/v2\/pages\/6370\/revisions\/6374"}],"wp:attachment":[{"href":"https:\/\/amplitudmodulada.com.ar\/index.php\/wp-json\/wp\/v2\/media?parent=6370"}],"curies":[{"name":"wp","href":"https:\/\/api.w.org\/{rel}","templated":true}]}}