{"id":6383,"date":"2025-03-09T11:57:38","date_gmt":"2025-03-09T14:57:38","guid":{"rendered":"https:\/\/amplitudmodulada.com.ar\/?page_id=6383"},"modified":"2025-03-09T12:03:49","modified_gmt":"2025-03-09T15:03:49","slug":"noticia13550","status":"publish","type":"page","link":"https:\/\/amplitudmodulada.com.ar\/index.php\/noticia13550\/","title":{"rendered":"Gerardo Tato Young volver\u00e1 este lunes a la radio"},"content":{"rendered":"\n<figure class=\"wp-block-image size-large is-resized\"><img loading=\"lazy\" decoding=\"async\" width=\"1024\" height=\"532\" src=\"http:\/\/amplitudmodulada.com.ar\/wp-content\/uploads\/2024\/01\/790-1024x532.png\" alt=\"\" class=\"wp-image-268\" style=\"width:142px;height:auto\"\/><\/figure>\n\n\n\n<p>Tras sufrir en septiembre pasado un aneurisma cerebral que lo dej\u00f3 dos meses internado, el periodista Gerardo Tato Young confirm\u00f3 que este lunes 3 de febrero volver\u00e1 a la radio.<\/p>\n\n\n\n<p>As\u00ed lo anunci\u00f3 en una entrevista con el programa televisivo &#8220;Puro Show&#8221;, en el que habl\u00f3, adem\u00e1s, de sus proyectos, su familia y c\u00f3mo atraves\u00f3 su internaci\u00f3n.<\/p>\n\n\n\n<p>&#8220;Estuve 63 d\u00edas internado. Fue un milagro. Los m\u00e9dicos no pueden creer lo bien que estoy ahora&#8221;, afirm\u00f3.<\/p>\n\n\n\n<p>Gerardo Tato Young conduce en LR6 Radio Mitre el programa &#8220;Volviendo a Casa&#8221;, que se emite de lunes a viernes de 17.00 a 19.00 horas.<\/p>\n\n\n\n<p>31.01.25<\/p>\n","protected":false},"excerpt":{"rendered":"<p>Tras sufrir en septiembre pasado un aneurisma cerebral que lo dej\u00f3 dos meses internado, el periodista Gerardo Tato Young confirm\u00f3 que este lunes 3 de febrero volver\u00e1 a la radio. As\u00ed lo anunci\u00f3 en una entrevista con el programa televisivo &#8220;Puro Show&#8221;, en el que habl\u00f3, adem\u00e1s, de sus proyectos, su familia y c\u00f3mo atraves\u00f3 &hellip; <a href=\"https:\/\/amplitudmodulada.com.ar\/index.php\/noticia13550\/\" class=\"more-link\">Continu\u00e1 leyendo <span class=\"screen-reader-text\">Gerardo Tato Young volver\u00e1 este lunes a la radio<\/span><\/a><\/p>\n","protected":false},"author":1,"featured_media":0,"parent":0,"menu_order":0,"comment_status":"closed","ping_status":"closed","template":"","meta":{"footnotes":""},"class_list":["post-6383","page","type-page","status-publish","hentry"],"_links":{"self":[{"href":"https:\/\/amplitudmodulada.com.ar\/index.php\/wp-json\/wp\/v2\/pages\/6383","targetHints":{"allow":["GET"]}}],"collection":[{"href":"https:\/\/amplitudmodulada.com.ar\/index.php\/wp-json\/wp\/v2\/pages"}],"about":[{"href":"https:\/\/amplitudmodulada.com.ar\/index.php\/wp-json\/wp\/v2\/types\/page"}],"author":[{"embeddable":true,"href":"https:\/\/amplitudmodulada.com.ar\/index.php\/wp-json\/wp\/v2\/users\/1"}],"replies":[{"embeddable":true,"href":"https:\/\/amplitudmodulada.com.ar\/index.php\/wp-json\/wp\/v2\/comments?post=6383"}],"version-history":[{"count":3,"href":"https:\/\/amplitudmodulada.com.ar\/index.php\/wp-json\/wp\/v2\/pages\/6383\/revisions"}],"predecessor-version":[{"id":6387,"href":"https:\/\/amplitudmodulada.com.ar\/index.php\/wp-json\/wp\/v2\/pages\/6383\/revisions\/6387"}],"wp:attachment":[{"href":"https:\/\/amplitudmodulada.com.ar\/index.php\/wp-json\/wp\/v2\/media?parent=6383"}],"curies":[{"name":"wp","href":"https:\/\/api.w.org\/{rel}","templated":true}]}}