{"id":645,"date":"2024-01-27T19:51:16","date_gmt":"2024-01-27T22:51:16","guid":{"rendered":"https:\/\/amplitudmodulada.com.ar\/?page_id=645"},"modified":"2024-01-27T19:58:57","modified_gmt":"2024-01-27T22:58:57","slug":"noticia12856","status":"publish","type":"page","link":"https:\/\/amplitudmodulada.com.ar\/index.php\/noticia12856\/","title":{"rendered":"Guillermo Moreno conducir\u00e1 el programa &#8220;Los D\u00edas m\u00e1s Felices&#8221;"},"content":{"rendered":"\n<figure class=\"wp-block-image size-full\"><img loading=\"lazy\" decoding=\"async\" width=\"126\" height=\"80\" src=\"http:\/\/amplitudmodulada.com.ar\/wp-content\/uploads\/2024\/01\/710-e1704587121920.png\" alt=\"\" class=\"wp-image-122\"\/><\/figure>\n\n\n\n<p>El economista y ex secretario de Comercio Interior durante los gobiernos de N\u00e9stor Kirchner y Cristina Fern\u00e1ndez, Guillermo Moreno, conducir\u00e1 en LRL202 Radio 10 el programa &#8220;Los D\u00edas m\u00b4\u00e1s Felices&#8221;.<\/p>\n\n\n\n<p>Con invitados, entrevistas y el an\u00e1lisis econ\u00f3mico y pol\u00edtico de nuestro pa\u00eds, el nuevo programa saldr\u00e1 al aire todos los domingos de 16.00 a 17.00 horas.<\/p>\n\n\n\n<p>&#8220;Los D\u00edas m\u00e1s Felices&#8221; se podr\u00e1 escuchar tambi\u00e9n a trav\u00e9s del canal de YouTube de Radio 10.<\/p>\n\n\n\n<p>Fuente: <a href=\"http:\/\/www.totalmedios.com\" data-type=\"link\" data-id=\"www.totalmedios.com\" target=\"_blank\" rel=\"noreferrer noopener\">www.totalmedios.com<\/a> | Ciudad Aut\u00f3noma de Buenos Aires | 25.01.24<\/p>\n","protected":false},"excerpt":{"rendered":"<p>El economista y ex secretario de Comercio Interior durante los gobiernos de N\u00e9stor Kirchner y Cristina Fern\u00e1ndez, Guillermo Moreno, conducir\u00e1 en LRL202 Radio 10 el programa &#8220;Los D\u00edas m\u00b4\u00e1s Felices&#8221;. Con invitados, entrevistas y el an\u00e1lisis econ\u00f3mico y pol\u00edtico de nuestro pa\u00eds, el nuevo programa saldr\u00e1 al aire todos los domingos de 16.00 a 17.00 &hellip; <a href=\"https:\/\/amplitudmodulada.com.ar\/index.php\/noticia12856\/\" class=\"more-link\">Continu\u00e1 leyendo <span class=\"screen-reader-text\">Guillermo Moreno conducir\u00e1 el programa &#8220;Los D\u00edas m\u00e1s Felices&#8221;<\/span><\/a><\/p>\n","protected":false},"author":1,"featured_media":0,"parent":0,"menu_order":0,"comment_status":"closed","ping_status":"closed","template":"","meta":{"footnotes":""},"class_list":["post-645","page","type-page","status-publish","hentry"],"_links":{"self":[{"href":"https:\/\/amplitudmodulada.com.ar\/index.php\/wp-json\/wp\/v2\/pages\/645","targetHints":{"allow":["GET"]}}],"collection":[{"href":"https:\/\/amplitudmodulada.com.ar\/index.php\/wp-json\/wp\/v2\/pages"}],"about":[{"href":"https:\/\/amplitudmodulada.com.ar\/index.php\/wp-json\/wp\/v2\/types\/page"}],"author":[{"embeddable":true,"href":"https:\/\/amplitudmodulada.com.ar\/index.php\/wp-json\/wp\/v2\/users\/1"}],"replies":[{"embeddable":true,"href":"https:\/\/amplitudmodulada.com.ar\/index.php\/wp-json\/wp\/v2\/comments?post=645"}],"version-history":[{"count":2,"href":"https:\/\/amplitudmodulada.com.ar\/index.php\/wp-json\/wp\/v2\/pages\/645\/revisions"}],"predecessor-version":[{"id":648,"href":"https:\/\/amplitudmodulada.com.ar\/index.php\/wp-json\/wp\/v2\/pages\/645\/revisions\/648"}],"wp:attachment":[{"href":"https:\/\/amplitudmodulada.com.ar\/index.php\/wp-json\/wp\/v2\/media?parent=645"}],"curies":[{"name":"wp","href":"https:\/\/api.w.org\/{rel}","templated":true}]}}