{"id":6451,"date":"2025-03-16T21:03:06","date_gmt":"2025-03-17T00:03:06","guid":{"rendered":"https:\/\/amplitudmodulada.com.ar\/?page_id=6451"},"modified":"2025-03-16T21:08:34","modified_gmt":"2025-03-17T00:08:34","slug":"noticia13559","status":"publish","type":"page","link":"https:\/\/amplitudmodulada.com.ar\/index.php\/noticia13559\/","title":{"rendered":"Varias emisoras de Amplitud Modulada se encuentran sin salir al aire"},"content":{"rendered":"\n<figure class=\"wp-block-image size-full\"><img loading=\"lazy\" decoding=\"async\" width=\"180\" height=\"80\" src=\"http:\/\/amplitudmodulada.com.ar\/wp-content\/uploads\/2025\/03\/0150-e1742169878491.png\" alt=\"\" class=\"wp-image-6454\"\/><\/figure>\n\n\n\n<p>De acuerdo a un relevamiento realizado por el sitio de Facebook Argentina en AM y FM, son varias las emisoras de Amplitud Modulada que se encuentran sin salir al aire a ra\u00edz de distintos inconvenientes t\u00e9cnicos.<\/p>\n\n\n\n<p>Entre las emisoras chequeadas por el citado sitio, cabe mencionar a AM 1220 Eco Medios de la Ciudad Aut\u00f3noma de Buenos Aires y AM 1410 Radio Folclor\u00edsimo de Jos\u00e9 Le\u00f3n Su\u00e1rez, partido de General San Mart\u00edn, provincia de Buenos Aires.<\/p>\n\n\n\n<p>Por otra parte, Argentina en AM y FM se\u00f1ala el regreso al aire de LRI208 Estaci\u00f3n 820, emisora operada por el Obispado de Lomas de Zamora y con planta transmisora ubicada en la localidad de Glew, partido de Almirante Brown, provincia de Buenos Aires.<\/p>\n\n\n\n<p>04.02.25<\/p>\n","protected":false},"excerpt":{"rendered":"<p>De acuerdo a un relevamiento realizado por el sitio de Facebook Argentina en AM y FM, son varias las emisoras de Amplitud Modulada que se encuentran sin salir al aire a ra\u00edz de distintos inconvenientes t\u00e9cnicos. Entre las emisoras chequeadas por el citado sitio, cabe mencionar a AM 1220 Eco Medios de la Ciudad Aut\u00f3noma &hellip; <a href=\"https:\/\/amplitudmodulada.com.ar\/index.php\/noticia13559\/\" class=\"more-link\">Continu\u00e1 leyendo <span class=\"screen-reader-text\">Varias emisoras de Amplitud Modulada se encuentran sin salir al aire<\/span><\/a><\/p>\n","protected":false},"author":1,"featured_media":0,"parent":0,"menu_order":0,"comment_status":"closed","ping_status":"closed","template":"","meta":{"footnotes":""},"class_list":["post-6451","page","type-page","status-publish","hentry"],"_links":{"self":[{"href":"https:\/\/amplitudmodulada.com.ar\/index.php\/wp-json\/wp\/v2\/pages\/6451","targetHints":{"allow":["GET"]}}],"collection":[{"href":"https:\/\/amplitudmodulada.com.ar\/index.php\/wp-json\/wp\/v2\/pages"}],"about":[{"href":"https:\/\/amplitudmodulada.com.ar\/index.php\/wp-json\/wp\/v2\/types\/page"}],"author":[{"embeddable":true,"href":"https:\/\/amplitudmodulada.com.ar\/index.php\/wp-json\/wp\/v2\/users\/1"}],"replies":[{"embeddable":true,"href":"https:\/\/amplitudmodulada.com.ar\/index.php\/wp-json\/wp\/v2\/comments?post=6451"}],"version-history":[{"count":2,"href":"https:\/\/amplitudmodulada.com.ar\/index.php\/wp-json\/wp\/v2\/pages\/6451\/revisions"}],"predecessor-version":[{"id":6455,"href":"https:\/\/amplitudmodulada.com.ar\/index.php\/wp-json\/wp\/v2\/pages\/6451\/revisions\/6455"}],"wp:attachment":[{"href":"https:\/\/amplitudmodulada.com.ar\/index.php\/wp-json\/wp\/v2\/media?parent=6451"}],"curies":[{"name":"wp","href":"https:\/\/api.w.org\/{rel}","templated":true}]}}