{"id":6503,"date":"2025-03-18T20:49:40","date_gmt":"2025-03-18T23:49:40","guid":{"rendered":"https:\/\/amplitudmodulada.com.ar\/?page_id=6503"},"modified":"2025-03-19T11:41:24","modified_gmt":"2025-03-19T14:41:24","slug":"noticia13567","status":"publish","type":"page","link":"https:\/\/amplitudmodulada.com.ar\/index.php\/noticia13567\/","title":{"rendered":"El productor Gonzalo Arias compra Radio Continental"},"content":{"rendered":"\n<figure class=\"wp-block-image size-full\"><img loading=\"lazy\" decoding=\"async\" width=\"178\" height=\"51\" src=\"http:\/\/amplitudmodulada.com.ar\/wp-content\/uploads\/2024\/01\/590-e1704494003192.png\" alt=\"\" class=\"wp-image-14\"\/><\/figure>\n\n\n\n<p>El productor Gonzalo Arias, titular de la firma TRONITO, adquiri\u00f3 LS4 Radio Continental, que ser\u00e1 respaldada por el Grupo Octubre, operador de Canal 9 y LRL203 AM 750, entre otros medios.<\/p>\n\n\n\n<p>&#8220;Continental es una radio l\u00edder en el interior de la provincia de Buenos Aires, en C\u00f3rdoba y en Santa Fe y ahora buscar\u00e1 sumar audiencia en el resto del pa\u00eds. Ha sido una de las emisoras m\u00e1s emblem\u00e1ticas y prestigiosas de la Argentina e inicia una nueva etapa con la adquisici\u00f3n por parte de un grupo liderado por Gonzalo Arias&#8221;, se\u00f1ala un comunicado dado a conocer este mi\u00e9rcoles 5 de febrero.<\/p>\n\n\n\n<p>En ese sentido, el mismo a\u00f1ade que &#8220;la operaci\u00f3n cuenta con el respaldo t\u00e9cnico, art\u00edstico y de infraestructura del Grupo Octubre, garantizando la continuidad y el fortalecimiento de una radio con casi siete d\u00e9cadas de historia, comprometida con el periodismo de calidad y la innovaci\u00f3n en sus contenidos&#8221;.<\/p>\n\n\n\n<p>&#8220;Es un honor y una gran responsabilidad asumir el desaf\u00edo de liderar una emisora con la trayectoria y el prestigio de Radio Continental&#8221;, expres\u00f3, por su parte, Gonzalo Arias.<\/p>\n\n\n\n<p>El productor indic\u00f3, adem\u00e1s, que &#8220;nuestra misi\u00f3n es mantener su esencia period\u00edstica, potenciar su alcance y consolidarla en la era digital sin perder su identidad ni su compromiso con la audiencia&#8221;.<\/p>\n\n\n\n<p>Fuente: <a href=\"http:\/\/www.pagina12.com.ar\" data-type=\"link\" data-id=\"www.pagina12.com.ar\" target=\"_blank\" rel=\"noreferrer noopener\">www.pagina12.com.ar<\/a> | Ciudad Aut\u00f3noma de Buenos Aires | 05.02.25<\/p>\n","protected":false},"excerpt":{"rendered":"<p>El productor Gonzalo Arias, titular de la firma TRONITO, adquiri\u00f3 LS4 Radio Continental, que ser\u00e1 respaldada por el Grupo Octubre, operador de Canal 9 y LRL203 AM 750, entre otros medios. &#8220;Continental es una radio l\u00edder en el interior de la provincia de Buenos Aires, en C\u00f3rdoba y en Santa Fe y ahora buscar\u00e1 sumar &hellip; <a href=\"https:\/\/amplitudmodulada.com.ar\/index.php\/noticia13567\/\" class=\"more-link\">Continu\u00e1 leyendo <span class=\"screen-reader-text\">El productor Gonzalo Arias compra Radio Continental<\/span><\/a><\/p>\n","protected":false},"author":1,"featured_media":0,"parent":0,"menu_order":0,"comment_status":"closed","ping_status":"closed","template":"","meta":{"footnotes":""},"class_list":["post-6503","page","type-page","status-publish","hentry"],"_links":{"self":[{"href":"https:\/\/amplitudmodulada.com.ar\/index.php\/wp-json\/wp\/v2\/pages\/6503","targetHints":{"allow":["GET"]}}],"collection":[{"href":"https:\/\/amplitudmodulada.com.ar\/index.php\/wp-json\/wp\/v2\/pages"}],"about":[{"href":"https:\/\/amplitudmodulada.com.ar\/index.php\/wp-json\/wp\/v2\/types\/page"}],"author":[{"embeddable":true,"href":"https:\/\/amplitudmodulada.com.ar\/index.php\/wp-json\/wp\/v2\/users\/1"}],"replies":[{"embeddable":true,"href":"https:\/\/amplitudmodulada.com.ar\/index.php\/wp-json\/wp\/v2\/comments?post=6503"}],"version-history":[{"count":3,"href":"https:\/\/amplitudmodulada.com.ar\/index.php\/wp-json\/wp\/v2\/pages\/6503\/revisions"}],"predecessor-version":[{"id":6507,"href":"https:\/\/amplitudmodulada.com.ar\/index.php\/wp-json\/wp\/v2\/pages\/6503\/revisions\/6507"}],"wp:attachment":[{"href":"https:\/\/amplitudmodulada.com.ar\/index.php\/wp-json\/wp\/v2\/media?parent=6503"}],"curies":[{"name":"wp","href":"https:\/\/api.w.org\/{rel}","templated":true}]}}