{"id":6557,"date":"2025-03-20T13:10:00","date_gmt":"2025-03-20T16:10:00","guid":{"rendered":"https:\/\/amplitudmodulada.com.ar\/?page_id=6557"},"modified":"2025-03-20T13:19:43","modified_gmt":"2025-03-20T16:19:43","slug":"noticia13573","status":"publish","type":"page","link":"https:\/\/amplitudmodulada.com.ar\/index.php\/noticia13573\/","title":{"rendered":"Publican un listado de emisoras de Amplitud Modulada que ya no salen al aire"},"content":{"rendered":"\n<figure class=\"wp-block-image size-full\"><img loading=\"lazy\" decoding=\"async\" width=\"122\" height=\"90\" src=\"http:\/\/amplitudmodulada.com.ar\/wp-content\/uploads\/2024\/07\/LT24-e1720304708460.png\" alt=\"\" class=\"wp-image-2450\"\/><\/figure>\n\n\n\n<p>El sitio de Facebook Argentina en AM y FM public\u00f3 este fin de semana un listado de emisoras de Amplitud Modulada que ya no salen al aire y que sin embargo figuran como activas en distintos organismos oficiales.<\/p>\n\n\n\n<p>Entre las emisoras mencionadas est\u00e1n LT13 Radio Ober\u00e1, LT24 Radio San Nicol\u00e1s, LT33 Radio 9 de Julio, LT34 Radio Nuclear de Z\u00e1rate y LT46 Radio Provincial de Bernardo de Irigoyen.<\/p>\n\n\n\n<p>Tambi\u00e9n est\u00e1n en el listado LU21 Radio San Jorge de Caleta Olivia, LU27 Radio Dolores, LV21 Champaqu\u00ed, LV25 Radio Uni\u00f3n de Bell Viile, LW2 Radio Tartagal y LW4 Radio Or\u00e1n.<\/p>\n\n\n\n<p>Por \u00faltimo, entre las emisoras mencionadas est\u00e1n LRI224 Radio Onda Marina de Mar del Plata, LRI227 Antares de Pilar, LRI231 La Voz del Sudeste de Necochea, LRI235 Radio Balcarce y LRJ241 Radio Dimensi\u00f3n de San Luis.<\/p>\n\n\n\n<p>Argentina en AM y FM denomina a dichas emisoras como radios &#8220;fantasmas&#8221;.<\/p>\n\n\n\n<p>10.02.25<\/p>\n","protected":false},"excerpt":{"rendered":"<p>El sitio de Facebook Argentina en AM y FM public\u00f3 este fin de semana un listado de emisoras de Amplitud Modulada que ya no salen al aire y que sin embargo figuran como activas en distintos organismos oficiales. Entre las emisoras mencionadas est\u00e1n LT13 Radio Ober\u00e1, LT24 Radio San Nicol\u00e1s, LT33 Radio 9 de Julio, &hellip; <a href=\"https:\/\/amplitudmodulada.com.ar\/index.php\/noticia13573\/\" class=\"more-link\">Continu\u00e1 leyendo <span class=\"screen-reader-text\">Publican un listado de emisoras de Amplitud Modulada que ya no salen al aire<\/span><\/a><\/p>\n","protected":false},"author":1,"featured_media":0,"parent":0,"menu_order":0,"comment_status":"closed","ping_status":"closed","template":"","meta":{"footnotes":""},"class_list":["post-6557","page","type-page","status-publish","hentry"],"_links":{"self":[{"href":"https:\/\/amplitudmodulada.com.ar\/index.php\/wp-json\/wp\/v2\/pages\/6557","targetHints":{"allow":["GET"]}}],"collection":[{"href":"https:\/\/amplitudmodulada.com.ar\/index.php\/wp-json\/wp\/v2\/pages"}],"about":[{"href":"https:\/\/amplitudmodulada.com.ar\/index.php\/wp-json\/wp\/v2\/types\/page"}],"author":[{"embeddable":true,"href":"https:\/\/amplitudmodulada.com.ar\/index.php\/wp-json\/wp\/v2\/users\/1"}],"replies":[{"embeddable":true,"href":"https:\/\/amplitudmodulada.com.ar\/index.php\/wp-json\/wp\/v2\/comments?post=6557"}],"version-history":[{"count":2,"href":"https:\/\/amplitudmodulada.com.ar\/index.php\/wp-json\/wp\/v2\/pages\/6557\/revisions"}],"predecessor-version":[{"id":6560,"href":"https:\/\/amplitudmodulada.com.ar\/index.php\/wp-json\/wp\/v2\/pages\/6557\/revisions\/6560"}],"wp:attachment":[{"href":"https:\/\/amplitudmodulada.com.ar\/index.php\/wp-json\/wp\/v2\/media?parent=6557"}],"curies":[{"name":"wp","href":"https:\/\/api.w.org\/{rel}","templated":true}]}}