{"id":659,"date":"2024-01-29T19:36:49","date_gmt":"2024-01-29T22:36:49","guid":{"rendered":"https:\/\/amplitudmodulada.com.ar\/?page_id=659"},"modified":"2024-01-29T19:47:52","modified_gmt":"2024-01-29T22:47:52","slug":"noticia12857","status":"publish","type":"page","link":"https:\/\/amplitudmodulada.com.ar\/index.php\/noticia12857\/","title":{"rendered":"La emisora de Frecuencia Modulada de LU17 Radio Golfo Nuevo cumple treinta y siete a\u00f1os en el aire"},"content":{"rendered":"\n<figure class=\"wp-block-image size-full\"><img loading=\"lazy\" decoding=\"async\" width=\"117\" height=\"110\" src=\"http:\/\/amplitudmodulada.com.ar\/wp-content\/uploads\/2024\/01\/fmparaiso-e1706567972234.png\" alt=\"\" class=\"wp-image-661\"\/><\/figure>\n\n\n\n<p>Para\u00edso FM, la emisora de Frecuencia Modulada de LU17 Radio Golfo Nuevo de Puerto Madryn, cumple ma\u00f1ana, s\u00e1bado 27 de enero, treinta y siete a\u00f1os en el aire.<\/p>\n\n\n\n<p>Para celebrarlo, la emisora de Frecuencia Modulada realizar\u00e1 un programa especial, que, con la conducci\u00f3n de Dar\u00edo Jara y Karina Lorr\u00e9, saldr\u00e1 al aire de 9.00 a 13.00 horas y que tendr\u00e1 sorteos y regalos para sus oyentes.<\/p>\n\n\n\n<p>Para\u00edso FM sali\u00f3 al aire por primera vez el 27 de enero de 1987, en el marco de la ola de emisoras de Frecuencia Modulada que comenzaban a instalarse en la Ciudad de Buenos Aires con una programaci\u00f3n particular y voces caracter\u00edsticas de esa juventud de la d\u00e9cada del 80 que necesitaba otros referentes para comunicarse.<\/p>\n\n\n\n<p>Para\u00edso FM sale actualmente al aire en 96.1 Mhz.<\/p>\n\n\n\n<p>Fuente: <a href=\"http:\/\/www.lu17.com\" data-type=\"link\" data-id=\"www.lu17.com\" target=\"_blank\" rel=\"noreferrer noopener\">www.lu17.com<\/a> | Puerto Madryn &#8211; Chubut | 26.01.24<\/p>\n\n\n\n<p><\/p>\n","protected":false},"excerpt":{"rendered":"<p>Para\u00edso FM, la emisora de Frecuencia Modulada de LU17 Radio Golfo Nuevo de Puerto Madryn, cumple ma\u00f1ana, s\u00e1bado 27 de enero, treinta y siete a\u00f1os en el aire. Para celebrarlo, la emisora de Frecuencia Modulada realizar\u00e1 un programa especial, que, con la conducci\u00f3n de Dar\u00edo Jara y Karina Lorr\u00e9, saldr\u00e1 al aire de 9.00 a &hellip; <a href=\"https:\/\/amplitudmodulada.com.ar\/index.php\/noticia12857\/\" class=\"more-link\">Continu\u00e1 leyendo <span class=\"screen-reader-text\">La emisora de Frecuencia Modulada de LU17 Radio Golfo Nuevo cumple treinta y siete a\u00f1os en el aire<\/span><\/a><\/p>\n","protected":false},"author":1,"featured_media":0,"parent":0,"menu_order":0,"comment_status":"closed","ping_status":"closed","template":"","meta":{"footnotes":""},"class_list":["post-659","page","type-page","status-publish","hentry"],"_links":{"self":[{"href":"https:\/\/amplitudmodulada.com.ar\/index.php\/wp-json\/wp\/v2\/pages\/659","targetHints":{"allow":["GET"]}}],"collection":[{"href":"https:\/\/amplitudmodulada.com.ar\/index.php\/wp-json\/wp\/v2\/pages"}],"about":[{"href":"https:\/\/amplitudmodulada.com.ar\/index.php\/wp-json\/wp\/v2\/types\/page"}],"author":[{"embeddable":true,"href":"https:\/\/amplitudmodulada.com.ar\/index.php\/wp-json\/wp\/v2\/users\/1"}],"replies":[{"embeddable":true,"href":"https:\/\/amplitudmodulada.com.ar\/index.php\/wp-json\/wp\/v2\/comments?post=659"}],"version-history":[{"count":3,"href":"https:\/\/amplitudmodulada.com.ar\/index.php\/wp-json\/wp\/v2\/pages\/659\/revisions"}],"predecessor-version":[{"id":664,"href":"https:\/\/amplitudmodulada.com.ar\/index.php\/wp-json\/wp\/v2\/pages\/659\/revisions\/664"}],"wp:attachment":[{"href":"https:\/\/amplitudmodulada.com.ar\/index.php\/wp-json\/wp\/v2\/media?parent=659"}],"curies":[{"name":"wp","href":"https:\/\/api.w.org\/{rel}","templated":true}]}}