{"id":6659,"date":"2025-04-06T21:53:13","date_gmt":"2025-04-07T00:53:13","guid":{"rendered":"https:\/\/amplitudmodulada.com.ar\/?page_id=6659"},"modified":"2025-04-06T22:32:59","modified_gmt":"2025-04-07T01:32:59","slug":"noticia13589","status":"publish","type":"page","link":"https:\/\/amplitudmodulada.com.ar\/index.php\/noticia13589\/","title":{"rendered":"Jonatan Viale no se present\u00f3 a su programa en Radio Rivadavia"},"content":{"rendered":"\n<figure class=\"wp-block-image size-full\"><img loading=\"lazy\" decoding=\"async\" width=\"174\" height=\"60\" src=\"http:\/\/amplitudmodulada.com.ar\/wp-content\/uploads\/2024\/01\/630-e1704586384620.png\" alt=\"\" class=\"wp-image-115\"\/><\/figure>\n\n\n\n<p>Luego del esc\u00e1ndalo que gener\u00f3 la entrevista con el presidente Javier Milei por la estafa con la criptomoneda $LIBRA, el periodista Jonatan Viale no se present\u00f3 este martes en LS5 Radio Rivadavia para conducir su programa.<\/p>\n\n\n\n<p>A las 15.00 horas, cuando deb\u00eda comenzar &#8220;Pan y Circo&#8221;, apareci\u00f3 el equipo del programa junto a la periodista Cristina P\u00e9rez para hacer el pase habitual, pero no mencionaron la ausencia de Jonatan Viale.<\/p>\n\n\n\n<p>Luego de unos minutos al aire, en donde nadie hizo ning\u00fan comentario al respecto, Jonatan Viale escribi\u00f3 un mensaje en la red social X y all\u00ed se mencion\u00f3 al conductor del programa.<\/p>\n\n\n\n<p>&#8220;No les voy a dar el gusto. Prep\u00e1rense para esta noche&#8221;, escribi\u00f3 el conductor de &#8220;Pan y Circo&#8221; en X y anunci\u00f3 que hablar\u00e1 sobre la pol\u00e9mica entrevista en su programa en la se\u00f1al de cable TN.<\/p>\n\n\n\n<p>Fuente: <a href=\"http:\/\/www.edestapeweb.com\" data-type=\"link\" data-id=\"www.edestapeweb.com\" target=\"_blank\" rel=\"noreferrer noopener\">www.eldestapeweb.com<\/a> | Ciudad Aut\u00f3noma de Buenos Aires | 18.02.25<\/p>\n","protected":false},"excerpt":{"rendered":"<p>Luego del esc\u00e1ndalo que gener\u00f3 la entrevista con el presidente Javier Milei por la estafa con la criptomoneda $LIBRA, el periodista Jonatan Viale no se present\u00f3 este martes en LS5 Radio Rivadavia para conducir su programa. A las 15.00 horas, cuando deb\u00eda comenzar &#8220;Pan y Circo&#8221;, apareci\u00f3 el equipo del programa junto a la periodista &hellip; <a href=\"https:\/\/amplitudmodulada.com.ar\/index.php\/noticia13589\/\" class=\"more-link\">Continu\u00e1 leyendo <span class=\"screen-reader-text\">Jonatan Viale no se present\u00f3 a su programa en Radio Rivadavia<\/span><\/a><\/p>\n","protected":false},"author":1,"featured_media":0,"parent":0,"menu_order":0,"comment_status":"closed","ping_status":"closed","template":"","meta":{"footnotes":""},"class_list":["post-6659","page","type-page","status-publish","hentry"],"_links":{"self":[{"href":"https:\/\/amplitudmodulada.com.ar\/index.php\/wp-json\/wp\/v2\/pages\/6659","targetHints":{"allow":["GET"]}}],"collection":[{"href":"https:\/\/amplitudmodulada.com.ar\/index.php\/wp-json\/wp\/v2\/pages"}],"about":[{"href":"https:\/\/amplitudmodulada.com.ar\/index.php\/wp-json\/wp\/v2\/types\/page"}],"author":[{"embeddable":true,"href":"https:\/\/amplitudmodulada.com.ar\/index.php\/wp-json\/wp\/v2\/users\/1"}],"replies":[{"embeddable":true,"href":"https:\/\/amplitudmodulada.com.ar\/index.php\/wp-json\/wp\/v2\/comments?post=6659"}],"version-history":[{"count":3,"href":"https:\/\/amplitudmodulada.com.ar\/index.php\/wp-json\/wp\/v2\/pages\/6659\/revisions"}],"predecessor-version":[{"id":6668,"href":"https:\/\/amplitudmodulada.com.ar\/index.php\/wp-json\/wp\/v2\/pages\/6659\/revisions\/6668"}],"wp:attachment":[{"href":"https:\/\/amplitudmodulada.com.ar\/index.php\/wp-json\/wp\/v2\/media?parent=6659"}],"curies":[{"name":"wp","href":"https:\/\/api.w.org\/{rel}","templated":true}]}}