{"id":6755,"date":"2025-04-13T19:51:37","date_gmt":"2025-04-13T22:51:37","guid":{"rendered":"https:\/\/amplitudmodulada.com.ar\/?page_id=6755"},"modified":"2025-04-13T20:08:02","modified_gmt":"2025-04-13T23:08:02","slug":"noticia13600","status":"publish","type":"page","link":"https:\/\/amplitudmodulada.com.ar\/index.php\/noticia13600\/","title":{"rendered":"Marcelo Longobardi opin\u00f3 sobre la entrevista de Jonatan Viale a Javier Milei"},"content":{"rendered":"\n<figure class=\"wp-block-image size-full\"><img loading=\"lazy\" decoding=\"async\" width=\"108\" height=\"100\" src=\"http:\/\/amplitudmodulada.com.ar\/wp-content\/uploads\/2025\/01\/1190-e1736939892706.png\" alt=\"\" class=\"wp-image-5412\"\/><\/figure>\n\n\n\n<p>A una semana de la entrevista que le realiz\u00f3 Jonatan Viale a Javier Milei en la se\u00f1al televisiva TN, el periodista Marcelo Longobardi analiz\u00f3 lo sucedido y emiti\u00f3 su opini\u00f3n sobre la interrupci\u00f3n del asesor presidencial Santiago Caputo.<\/p>\n\n\n\n<p>Antes de comentar lo sucedido, el periodista hizo una aclaraci\u00f3n, Marcelo Longobardi hizo una aclaraci\u00f3n sobre su tenso v\u00ednculo con Jonatan Viale, con quien mantuvo varios roces y discrepancias hasta su salida de LS5 Radio Rivadavia en diciembre pasado.<\/p>\n\n\n\n<p>&#8220;He tenido desacuerdos p\u00fablicos muy severos con Jonatan Viale. Las hemos tenido tambi\u00e9n de manera privada. Est\u00e1 claro que Viale y yo no somos amigos. Hemos tenido problemas al aire y es por eso que yo tom\u00e9 la determinaci\u00f3n de alejarme, incluso cuando \u00e9ramos compa\u00f1eros&#8221;, indic\u00f3.<\/p>\n\n\n\n<p>En ese sentido, asegur\u00f3 que &#8220;no me parece justo que yo examine su trabajo siendo que tenemos una cierta animadversi\u00f3n mutua&#8221;.<\/p>\n\n\n\n<p>&#8220;Hay cosas que pueden pasar en televisi\u00f3n. Esta no es una de ellas. Y menos sabiendo la relaci\u00f3n poco personal que existe entre Viale y Milei&#8221;, concluy\u00f3.<\/p>\n\n\n\n<p>Marcelo Longobardi debutar\u00e1 el pr\u00f3ximo lunes 3 de marzo en LR9 Radio Perfil.<\/p>\n\n\n\n<p>Fuente: <a href=\"http:\/\/www.lanacion.com.ar\" data-type=\"link\" data-id=\"www.lanacion.com.ar\" target=\"_blank\" rel=\"noreferrer noopener\">www.lanacion.com.ar<\/a> | Ciudad Aut\u00f3noma de Buenos Aires | 24.02.25 <\/p>\n\n\n\n<p><\/p>\n","protected":false},"excerpt":{"rendered":"<p>A una semana de la entrevista que le realiz\u00f3 Jonatan Viale a Javier Milei en la se\u00f1al televisiva TN, el periodista Marcelo Longobardi analiz\u00f3 lo sucedido y emiti\u00f3 su opini\u00f3n sobre la interrupci\u00f3n del asesor presidencial Santiago Caputo. Antes de comentar lo sucedido, el periodista hizo una aclaraci\u00f3n, Marcelo Longobardi hizo una aclaraci\u00f3n sobre su &hellip; <a href=\"https:\/\/amplitudmodulada.com.ar\/index.php\/noticia13600\/\" class=\"more-link\">Continu\u00e1 leyendo <span class=\"screen-reader-text\">Marcelo Longobardi opin\u00f3 sobre la entrevista de Jonatan Viale a Javier Milei<\/span><\/a><\/p>\n","protected":false},"author":1,"featured_media":0,"parent":0,"menu_order":0,"comment_status":"closed","ping_status":"closed","template":"","meta":{"footnotes":""},"class_list":["post-6755","page","type-page","status-publish","hentry"],"_links":{"self":[{"href":"https:\/\/amplitudmodulada.com.ar\/index.php\/wp-json\/wp\/v2\/pages\/6755","targetHints":{"allow":["GET"]}}],"collection":[{"href":"https:\/\/amplitudmodulada.com.ar\/index.php\/wp-json\/wp\/v2\/pages"}],"about":[{"href":"https:\/\/amplitudmodulada.com.ar\/index.php\/wp-json\/wp\/v2\/types\/page"}],"author":[{"embeddable":true,"href":"https:\/\/amplitudmodulada.com.ar\/index.php\/wp-json\/wp\/v2\/users\/1"}],"replies":[{"embeddable":true,"href":"https:\/\/amplitudmodulada.com.ar\/index.php\/wp-json\/wp\/v2\/comments?post=6755"}],"version-history":[{"count":5,"href":"https:\/\/amplitudmodulada.com.ar\/index.php\/wp-json\/wp\/v2\/pages\/6755\/revisions"}],"predecessor-version":[{"id":6763,"href":"https:\/\/amplitudmodulada.com.ar\/index.php\/wp-json\/wp\/v2\/pages\/6755\/revisions\/6763"}],"wp:attachment":[{"href":"https:\/\/amplitudmodulada.com.ar\/index.php\/wp-json\/wp\/v2\/media?parent=6755"}],"curies":[{"name":"wp","href":"https:\/\/api.w.org\/{rel}","templated":true}]}}