{"id":6983,"date":"2025-04-24T20:01:56","date_gmt":"2025-04-24T23:01:56","guid":{"rendered":"https:\/\/amplitudmodulada.com.ar\/?page_id=6983"},"modified":"2025-04-24T20:08:29","modified_gmt":"2025-04-24T23:08:29","slug":"noticia13632","status":"publish","type":"page","link":"https:\/\/amplitudmodulada.com.ar\/index.php\/noticia13632\/","title":{"rendered":"Las radios del Grupo Octubre se unen a la campa\u00f1a solidaria por Bah\u00eda Blanca"},"content":{"rendered":"\n<figure class=\"wp-block-image size-full is-style-rounded\"><img loading=\"lazy\" decoding=\"async\" width=\"144\" height=\"75\" src=\"http:\/\/amplitudmodulada.com.ar\/wp-content\/uploads\/2024\/01\/750-e1705525955651.jpg\" alt=\"\" class=\"wp-image-348\"\/><\/figure>\n\n\n\n<p>Las emisoras que opera el Grupo Octubre lanzaron una cruzada solidaria para asistir a las v\u00edctimas del tr\u00e1gico temporal que arras\u00f3 a Bah\u00eda Blanca el fin de semana pasado.<\/p>\n\n\n\n<p>De este modo, las emisoras del Grupo Octubre ser\u00e1n un punto de recepci\u00f3n de donaciones fundamentales para la comunidad de Bah\u00eda Blanca.<\/p>\n\n\n\n<p>Entre los productos que se reciben se hace hincapi\u00e9 en la necesidad de lavandina, agua, colchones, alimentos no perecederos, pa\u00f1ales descartables, calzado y ropa de todo tipo.<\/p>\n\n\n\n<p>Para sumarse a la campa\u00f1a solidaria y ayudar a Bah\u00eda Blanca se deben acercar las donaciones hasta el viernes 14 de marzo, de 10.00 a 19.00 horas en la calle Emilio Ravignani 1732.<\/p>\n\n\n\n<p>Fuente: <a href=\"http:\/\/www.pagina12.com.ar\" data-type=\"link\" data-id=\"www.pagina12.com.ar\" target=\"_blank\" rel=\"noreferrer noopener\">www.pagina12.com.ar<\/a> | Ciudad Aut\u00f3noma de Buenos Aires | 11.03.25<\/p>\n","protected":false},"excerpt":{"rendered":"<p>Las emisoras que opera el Grupo Octubre lanzaron una cruzada solidaria para asistir a las v\u00edctimas del tr\u00e1gico temporal que arras\u00f3 a Bah\u00eda Blanca el fin de semana pasado. De este modo, las emisoras del Grupo Octubre ser\u00e1n un punto de recepci\u00f3n de donaciones fundamentales para la comunidad de Bah\u00eda Blanca. Entre los productos que &hellip; <a href=\"https:\/\/amplitudmodulada.com.ar\/index.php\/noticia13632\/\" class=\"more-link\">Continu\u00e1 leyendo <span class=\"screen-reader-text\">Las radios del Grupo Octubre se unen a la campa\u00f1a solidaria por Bah\u00eda Blanca<\/span><\/a><\/p>\n","protected":false},"author":1,"featured_media":0,"parent":0,"menu_order":0,"comment_status":"closed","ping_status":"closed","template":"","meta":{"footnotes":""},"class_list":["post-6983","page","type-page","status-publish","hentry"],"_links":{"self":[{"href":"https:\/\/amplitudmodulada.com.ar\/index.php\/wp-json\/wp\/v2\/pages\/6983","targetHints":{"allow":["GET"]}}],"collection":[{"href":"https:\/\/amplitudmodulada.com.ar\/index.php\/wp-json\/wp\/v2\/pages"}],"about":[{"href":"https:\/\/amplitudmodulada.com.ar\/index.php\/wp-json\/wp\/v2\/types\/page"}],"author":[{"embeddable":true,"href":"https:\/\/amplitudmodulada.com.ar\/index.php\/wp-json\/wp\/v2\/users\/1"}],"replies":[{"embeddable":true,"href":"https:\/\/amplitudmodulada.com.ar\/index.php\/wp-json\/wp\/v2\/comments?post=6983"}],"version-history":[{"count":3,"href":"https:\/\/amplitudmodulada.com.ar\/index.php\/wp-json\/wp\/v2\/pages\/6983\/revisions"}],"predecessor-version":[{"id":6988,"href":"https:\/\/amplitudmodulada.com.ar\/index.php\/wp-json\/wp\/v2\/pages\/6983\/revisions\/6988"}],"wp:attachment":[{"href":"https:\/\/amplitudmodulada.com.ar\/index.php\/wp-json\/wp\/v2\/media?parent=6983"}],"curies":[{"name":"wp","href":"https:\/\/api.w.org\/{rel}","templated":true}]}}