{"id":7099,"date":"2025-05-03T20:58:20","date_gmt":"2025-05-03T23:58:20","guid":{"rendered":"https:\/\/amplitudmodulada.com.ar\/?page_id=7099"},"modified":"2025-05-03T20:58:32","modified_gmt":"2025-05-03T23:58:32","slug":"noticia13648","status":"publish","type":"page","link":"https:\/\/amplitudmodulada.com.ar\/index.php\/noticia13648\/","title":{"rendered":"El periodista Marcelo Longobardi debut\u00f3 este lunes en Radio Perfil"},"content":{"rendered":"\n<figure class=\"wp-block-image size-full\"><img loading=\"lazy\" decoding=\"async\" width=\"108\" height=\"100\" src=\"http:\/\/amplitudmodulada.com.ar\/wp-content\/uploads\/2025\/01\/1190-e1736939892706.png\" alt=\"\" class=\"wp-image-5412\"\/><\/figure>\n\n\n\n<p>El periodista Marcelo Longobardi debut\u00f3 este lunes 17 de marzo en LR9 Radio Perfil. Conducir\u00e1 en d\u00faplex por Net TV, un ciclo que se emitir\u00e1 de lunes a viernes de 9.00 a 10.00 horas.<\/p>\n\n\n\n<p>Durante una hora, Marcelo Longobardi har\u00e1 res\u00famenes sobre la actualidad y entrevistas, junto a un grupo de especialistas. <\/p>\n\n\n\n<p>Adem\u00e1s, el periodista compartir\u00e1 a las 10.00 horas el pase de su programa con Jorge Fontevecchia, conductor de &#8220;Modo Fontevecchia&#8221;.<\/p>\n\n\n\n<p>La llegada de Marcelo Longobardi a Radio Perfil de concreta tres meses de su pol\u00e9mica salida de LS5 Radio Rivadavia.<\/p>\n\n\n\n<p>Fuente: <a href=\"http:\/\/www,perfil.com\" data-type=\"link\" data-id=\"www,perfil.com\" target=\"_blank\" rel=\"noreferrer noopener\">www.perfil.com<\/a> | Ciudad Aut\u00f3noma de Buenos Aires | 18.03.25<\/p>\n\n\n\n<p><\/p>\n","protected":false},"excerpt":{"rendered":"<p>El periodista Marcelo Longobardi debut\u00f3 este lunes 17 de marzo en LR9 Radio Perfil. Conducir\u00e1 en d\u00faplex por Net TV, un ciclo que se emitir\u00e1 de lunes a viernes de 9.00 a 10.00 horas. Durante una hora, Marcelo Longobardi har\u00e1 res\u00famenes sobre la actualidad y entrevistas, junto a un grupo de especialistas. Adem\u00e1s, el periodista &hellip; <a href=\"https:\/\/amplitudmodulada.com.ar\/index.php\/noticia13648\/\" class=\"more-link\">Continu\u00e1 leyendo <span class=\"screen-reader-text\">El periodista Marcelo Longobardi debut\u00f3 este lunes en Radio Perfil<\/span><\/a><\/p>\n","protected":false},"author":1,"featured_media":0,"parent":0,"menu_order":0,"comment_status":"closed","ping_status":"closed","template":"","meta":{"footnotes":""},"class_list":["post-7099","page","type-page","status-publish","hentry"],"_links":{"self":[{"href":"https:\/\/amplitudmodulada.com.ar\/index.php\/wp-json\/wp\/v2\/pages\/7099","targetHints":{"allow":["GET"]}}],"collection":[{"href":"https:\/\/amplitudmodulada.com.ar\/index.php\/wp-json\/wp\/v2\/pages"}],"about":[{"href":"https:\/\/amplitudmodulada.com.ar\/index.php\/wp-json\/wp\/v2\/types\/page"}],"author":[{"embeddable":true,"href":"https:\/\/amplitudmodulada.com.ar\/index.php\/wp-json\/wp\/v2\/users\/1"}],"replies":[{"embeddable":true,"href":"https:\/\/amplitudmodulada.com.ar\/index.php\/wp-json\/wp\/v2\/comments?post=7099"}],"version-history":[{"count":1,"href":"https:\/\/amplitudmodulada.com.ar\/index.php\/wp-json\/wp\/v2\/pages\/7099\/revisions"}],"predecessor-version":[{"id":7100,"href":"https:\/\/amplitudmodulada.com.ar\/index.php\/wp-json\/wp\/v2\/pages\/7099\/revisions\/7100"}],"wp:attachment":[{"href":"https:\/\/amplitudmodulada.com.ar\/index.php\/wp-json\/wp\/v2\/media?parent=7099"}],"curies":[{"name":"wp","href":"https:\/\/api.w.org\/{rel}","templated":true}]}}