{"id":7216,"date":"2025-05-17T17:57:35","date_gmt":"2025-05-17T20:57:35","guid":{"rendered":"https:\/\/amplitudmodulada.com.ar\/?page_id=7216"},"modified":"2025-05-17T20:59:54","modified_gmt":"2025-05-17T23:59:54","slug":"noticia13665","status":"publish","type":"page","link":"https:\/\/amplitudmodulada.com.ar\/index.php\/noticia13665\/","title":{"rendered":"Prescribe la causa que investigaba la muerte de un locutor de LT14 Radio Nacional General Urquiza"},"content":{"rendered":"\n<figure class=\"wp-block-image size-full\"><img loading=\"lazy\" decoding=\"async\" width=\"125\" height=\"110\" src=\"http:\/\/amplitudmodulada.com.ar\/wp-content\/uploads\/2024\/02\/LT14-e1708561215474.png\" alt=\"\" class=\"wp-image-984\"\/><\/figure>\n\n\n\n<p>La Justicia decidi\u00f3 archivar definitivamente la causa que investigaba la cruenta muerte de Gabriel Insaurralde, locutor de LT14 Radio Nacional General Urquiza, hallado sin vida en octubre de 2009 en un aljibe cerca de su domicilio.<\/p>\n\n\n\n<p>El 19 de octubre de 2009, Gabriel Insaurralde sali\u00f3 de su casa rumbo a la emisora de Paran\u00e1 para cumplir con su horario de trabajo nocturno.<\/p>\n\n\n\n<p>Sin embargo, nada se supo de su paradero hasta una semana despu\u00e9s, cuando fue encontrado en un aljibe a doscientos metros de su propia casa en calle Balb\u00edn, cerca del aeropuerto de Paran\u00e1.<\/p>\n\n\n\n<p>Desde el inicio de la causa se barajaron varias hip\u00f3tesis sobre la muerte de Gabriel Insaurralde, pero todas las conjeturas se fueron cayendo y as\u00ed el caso se fue diluyendo gradualmente pese al \u00e9nfasis que impuso la familia para llegar a su esclarecimiento.<\/p>\n\n\n\n<p>Fuente: <a href=\"http:\/\/www.elonce.com\" data-type=\"link\" data-id=\"www.elonce.com\" target=\"_blank\" rel=\"noreferrer noopener\">www.elonce.com<\/a> | Paran\u00e1 &#8211; Entre R\u00edos | 27.03.25<\/p>\n\n\n\n<p><\/p>\n","protected":false},"excerpt":{"rendered":"<p>La Justicia decidi\u00f3 archivar definitivamente la causa que investigaba la cruenta muerte de Gabriel Insaurralde, locutor de LT14 Radio Nacional General Urquiza, hallado sin vida en octubre de 2009 en un aljibe cerca de su domicilio. El 19 de octubre de 2009, Gabriel Insaurralde sali\u00f3 de su casa rumbo a la emisora de Paran\u00e1 para &hellip; <a href=\"https:\/\/amplitudmodulada.com.ar\/index.php\/noticia13665\/\" class=\"more-link\">Continu\u00e1 leyendo <span class=\"screen-reader-text\">Prescribe la causa que investigaba la muerte de un locutor de LT14 Radio Nacional General Urquiza<\/span><\/a><\/p>\n","protected":false},"author":1,"featured_media":0,"parent":0,"menu_order":0,"comment_status":"closed","ping_status":"closed","template":"","meta":{"footnotes":""},"class_list":["post-7216","page","type-page","status-publish","hentry"],"_links":{"self":[{"href":"https:\/\/amplitudmodulada.com.ar\/index.php\/wp-json\/wp\/v2\/pages\/7216","targetHints":{"allow":["GET"]}}],"collection":[{"href":"https:\/\/amplitudmodulada.com.ar\/index.php\/wp-json\/wp\/v2\/pages"}],"about":[{"href":"https:\/\/amplitudmodulada.com.ar\/index.php\/wp-json\/wp\/v2\/types\/page"}],"author":[{"embeddable":true,"href":"https:\/\/amplitudmodulada.com.ar\/index.php\/wp-json\/wp\/v2\/users\/1"}],"replies":[{"embeddable":true,"href":"https:\/\/amplitudmodulada.com.ar\/index.php\/wp-json\/wp\/v2\/comments?post=7216"}],"version-history":[{"count":4,"href":"https:\/\/amplitudmodulada.com.ar\/index.php\/wp-json\/wp\/v2\/pages\/7216\/revisions"}],"predecessor-version":[{"id":7230,"href":"https:\/\/amplitudmodulada.com.ar\/index.php\/wp-json\/wp\/v2\/pages\/7216\/revisions\/7230"}],"wp:attachment":[{"href":"https:\/\/amplitudmodulada.com.ar\/index.php\/wp-json\/wp\/v2\/media?parent=7216"}],"curies":[{"name":"wp","href":"https:\/\/api.w.org\/{rel}","templated":true}]}}