{"id":7296,"date":"2025-05-29T08:11:37","date_gmt":"2025-05-29T11:11:37","guid":{"rendered":"https:\/\/amplitudmodulada.com.ar\/?page_id=7296"},"modified":"2025-05-29T08:19:59","modified_gmt":"2025-05-29T11:19:59","slug":"noticia13676","status":"publish","type":"page","link":"https:\/\/amplitudmodulada.com.ar\/index.php\/noticia13676\/","title":{"rendered":"La periodista Lourdes Marchese conducir\u00e1 &#8220;M\u00e1rchese Quien Pueda&#8221; en Radio Nacional"},"content":{"rendered":"\n<figure class=\"wp-block-image size-full\"><img loading=\"lazy\" decoding=\"async\" width=\"110\" height=\"110\" src=\"http:\/\/amplitudmodulada.com.ar\/wp-content\/uploads\/2024\/10\/LRA-e1728000015658.jpg\" alt=\"\" class=\"wp-image-4179\"\/><\/figure>\n\n\n\n<p>A partir de este lunes 31 de marzo, la periodista Lourdes Marchese conducir\u00e1 en Radio Nacional &#8220;M\u00e1rchese Quien Pueda&#8221;. El nuevo ciclo saldr\u00e1 al aire de lunes a viernes de 10.00 a 12.00 horas.<\/p>\n\n\n\n<p>Periodista especializada en temas judiciales, Lourdes Marchese reemplazar\u00e1 en ese horario a Oscar G\u00f3mez Casta\u00f1\u00f3n, que este mismo lunes debuta en LS5 Radio Rivadavia.<\/p>\n\n\n\n<p>Inmersa en un profundo ajuste presupuestario y de personal, la emisora p\u00fablica redujo dr\u00e1sticamente el \u00faltimo a\u00f1o la cantidad de horas de programaci\u00f3n local de cada filial de Radio Nacional en todo el pa\u00eds y oblig\u00f3 a las mismas a retransmitir los contenidos originados en Buenos Aires en m\u00faltiples franjas horarias.<\/p>\n\n\n\n<p>31.03.25<\/p>\n","protected":false},"excerpt":{"rendered":"<p>A partir de este lunes 31 de marzo, la periodista Lourdes Marchese conducir\u00e1 en Radio Nacional &#8220;M\u00e1rchese Quien Pueda&#8221;. El nuevo ciclo saldr\u00e1 al aire de lunes a viernes de 10.00 a 12.00 horas. Periodista especializada en temas judiciales, Lourdes Marchese reemplazar\u00e1 en ese horario a Oscar G\u00f3mez Casta\u00f1\u00f3n, que este mismo lunes debuta en &hellip; <a href=\"https:\/\/amplitudmodulada.com.ar\/index.php\/noticia13676\/\" class=\"more-link\">Continu\u00e1 leyendo <span class=\"screen-reader-text\">La periodista Lourdes Marchese conducir\u00e1 &#8220;M\u00e1rchese Quien Pueda&#8221; en Radio Nacional<\/span><\/a><\/p>\n","protected":false},"author":1,"featured_media":0,"parent":0,"menu_order":0,"comment_status":"closed","ping_status":"closed","template":"","meta":{"footnotes":""},"class_list":["post-7296","page","type-page","status-publish","hentry"],"_links":{"self":[{"href":"https:\/\/amplitudmodulada.com.ar\/index.php\/wp-json\/wp\/v2\/pages\/7296","targetHints":{"allow":["GET"]}}],"collection":[{"href":"https:\/\/amplitudmodulada.com.ar\/index.php\/wp-json\/wp\/v2\/pages"}],"about":[{"href":"https:\/\/amplitudmodulada.com.ar\/index.php\/wp-json\/wp\/v2\/types\/page"}],"author":[{"embeddable":true,"href":"https:\/\/amplitudmodulada.com.ar\/index.php\/wp-json\/wp\/v2\/users\/1"}],"replies":[{"embeddable":true,"href":"https:\/\/amplitudmodulada.com.ar\/index.php\/wp-json\/wp\/v2\/comments?post=7296"}],"version-history":[{"count":3,"href":"https:\/\/amplitudmodulada.com.ar\/index.php\/wp-json\/wp\/v2\/pages\/7296\/revisions"}],"predecessor-version":[{"id":7300,"href":"https:\/\/amplitudmodulada.com.ar\/index.php\/wp-json\/wp\/v2\/pages\/7296\/revisions\/7300"}],"wp:attachment":[{"href":"https:\/\/amplitudmodulada.com.ar\/index.php\/wp-json\/wp\/v2\/media?parent=7296"}],"curies":[{"name":"wp","href":"https:\/\/api.w.org\/{rel}","templated":true}]}}