{"id":733,"date":"2024-02-10T17:41:50","date_gmt":"2024-02-10T20:41:50","guid":{"rendered":"https:\/\/amplitudmodulada.com.ar\/?page_id=733"},"modified":"2024-02-10T17:55:14","modified_gmt":"2024-02-10T20:55:14","slug":"noticia12864","status":"publish","type":"page","link":"https:\/\/amplitudmodulada.com.ar\/index.php\/noticia12864\/","title":{"rendered":"Gustavo L\u00f3pez asegur\u00f3 que &#8220;buscan cancelar el debate p\u00fablico&#8221;"},"content":{"rendered":"\n<figure class=\"wp-block-image size-full\"><img loading=\"lazy\" decoding=\"async\" width=\"233\" height=\"50\" src=\"http:\/\/amplitudmodulada.com.ar\/wp-content\/uploads\/2024\/01\/enacom-e1705526882784.jpg\" alt=\"\" class=\"wp-image-354\"\/><\/figure>\n\n\n\n<p>El ex vicepresidente del Ente Nacional de Comunicaciones, Gustavo L\u00f3pez, critic\u00f3 la decisi\u00f3n del Gobierno Nacional de intervenir ese organismo y asegur\u00f3 que &#8220;buscan cancelar el debate p\u00fablico&#8221;.<\/p>\n\n\n\n<p>&#8220;La intervenci\u00f3n lo que impide es que los tres representantes del Congreso, que son enviados al directorio del ENACOM, no est\u00e9n. Es decir, cancelan el debate p\u00fablico y no hay representaci\u00f3n parlamentaria de las minor\u00edas&#8221;, explic\u00f3 Gustavo L\u00f3pez en declaraciones a LRL203 AM 750.<\/p>\n\n\n\n<p>El ex funcionario se\u00f1al\u00f3 que &#8220;no quieren que se sepa que hacen o dejan de hacer&#8221; y a\u00f1adi\u00f3 que &#8220;estamos hablando de decisiones que tienen que ver con la libertad de expresi\u00f3n, con el derecho a la comunicaci\u00f3n y con el derecho de los usuarios de tener un precio justo de Internet&#8221;.<\/p>\n\n\n\n<p>&#8220;Es decir, el derecho a la comunicaci\u00f3n y el derecho a la conexi\u00f3n quedan supeditados a tres interventores y uno de ellos es un hombre que viene de Movistar. Esto se inscribe en un gobierno absolutamente autoritario, que quiere cancelar el Congreso Nacional&#8221;, a\u00f1adi\u00f3.<\/p>\n\n\n\n<p>Gustavo L\u00f3pez, asegur\u00f3, adem\u00e1s, que &#8220;est\u00e1n en juego la Defensor\u00eda del P\u00fablico, que es donde las audiencias tienen la \u00fanica posibilidad de expresarse, el fondo para la comunicaci\u00f3n comunitaria, para que no desaparezcan las radios y los canales comunitarios, ya que no va a haber pauta oficial y, sobre todo, el fondo de servicio universal, que es donde hemos canalizado m\u00e1s de dos mil obras en dos mil barrios populares para que tengan Internet&#8221;.<\/p>\n\n\n\n<p>Fuente: <a href=\"http:\/\/www.pagina12.com.ar\" data-type=\"link\" data-id=\"www.pagina12.com.ar\" target=\"_blank\" rel=\"noreferrer noopener\">www.pagina12.com.ar<\/a> | Ciudad Aut\u00f3noma de Buenos Aires | 29.01.24 <\/p>\n","protected":false},"excerpt":{"rendered":"<p>El ex vicepresidente del Ente Nacional de Comunicaciones, Gustavo L\u00f3pez, critic\u00f3 la decisi\u00f3n del Gobierno Nacional de intervenir ese organismo y asegur\u00f3 que &#8220;buscan cancelar el debate p\u00fablico&#8221;. &#8220;La intervenci\u00f3n lo que impide es que los tres representantes del Congreso, que son enviados al directorio del ENACOM, no est\u00e9n. Es decir, cancelan el debate p\u00fablico &hellip; <a href=\"https:\/\/amplitudmodulada.com.ar\/index.php\/noticia12864\/\" class=\"more-link\">Continu\u00e1 leyendo <span class=\"screen-reader-text\">Gustavo L\u00f3pez asegur\u00f3 que &#8220;buscan cancelar el debate p\u00fablico&#8221;<\/span><\/a><\/p>\n","protected":false},"author":1,"featured_media":0,"parent":0,"menu_order":0,"comment_status":"closed","ping_status":"closed","template":"","meta":{"footnotes":""},"class_list":["post-733","page","type-page","status-publish","hentry"],"_links":{"self":[{"href":"https:\/\/amplitudmodulada.com.ar\/index.php\/wp-json\/wp\/v2\/pages\/733","targetHints":{"allow":["GET"]}}],"collection":[{"href":"https:\/\/amplitudmodulada.com.ar\/index.php\/wp-json\/wp\/v2\/pages"}],"about":[{"href":"https:\/\/amplitudmodulada.com.ar\/index.php\/wp-json\/wp\/v2\/types\/page"}],"author":[{"embeddable":true,"href":"https:\/\/amplitudmodulada.com.ar\/index.php\/wp-json\/wp\/v2\/users\/1"}],"replies":[{"embeddable":true,"href":"https:\/\/amplitudmodulada.com.ar\/index.php\/wp-json\/wp\/v2\/comments?post=733"}],"version-history":[{"count":2,"href":"https:\/\/amplitudmodulada.com.ar\/index.php\/wp-json\/wp\/v2\/pages\/733\/revisions"}],"predecessor-version":[{"id":736,"href":"https:\/\/amplitudmodulada.com.ar\/index.php\/wp-json\/wp\/v2\/pages\/733\/revisions\/736"}],"wp:attachment":[{"href":"https:\/\/amplitudmodulada.com.ar\/index.php\/wp-json\/wp\/v2\/media?parent=733"}],"curies":[{"name":"wp","href":"https:\/\/api.w.org\/{rel}","templated":true}]}}