{"id":7432,"date":"2025-06-11T08:11:38","date_gmt":"2025-06-11T11:11:38","guid":{"rendered":"https:\/\/amplitudmodulada.com.ar\/?page_id=7432"},"modified":"2025-06-11T08:40:19","modified_gmt":"2025-06-11T11:40:19","slug":"noticia13695","status":"publish","type":"page","link":"https:\/\/amplitudmodulada.com.ar\/index.php\/noticia13695\/","title":{"rendered":"Deja de emitir AM 1160 Radio La M\u00e1s Santiague\u00f1a"},"content":{"rendered":"\n<figure class=\"wp-block-image size-full\"><img loading=\"lazy\" decoding=\"async\" width=\"184\" height=\"90\" src=\"http:\/\/amplitudmodulada.com.ar\/wp-content\/uploads\/2025\/06\/1160-e1749642012935.png\" alt=\"\" class=\"wp-image-7437\"\/><\/figure>\n\n\n\n<p>Seg\u00fan destaca este mi\u00e9rcoles 9 de abril el sitio de Facebook Argentina en AM y FM, AM 1160 Radio La M\u00e1s Santiague\u00f1a, emisora con estudios en Gregorio de Laferrere, partido de La Matanza, ha dejado de salir al aire en los \u00faltimos d\u00edas.<\/p>\n\n\n\n<p>Argentina en AM y FM recuerda que Radio La M\u00e1s Santiague\u00f1a comenz\u00f3 a emitir el 31 de enero de 2013 y que a lo largo de su corta historia a pasado por distintos puntos del dial.<\/p>\n\n\n\n<p>Asimismo, en la p\u00e1gina web de la emisora, <a href=\"http:\/\/www.lamassantiague\u00f1a.com\" data-type=\"link\" data-id=\"www.lamassantiague\u00f1a.com\" target=\"_blank\" rel=\"noreferrer noopener\">www.lamassantiague\u00f1a.com<\/a>, tambi\u00e9n han desaparecido sus transmisiones en vivo.<\/p>\n\n\n\n<p>09.04.25 <\/p>\n","protected":false},"excerpt":{"rendered":"<p>Seg\u00fan destaca este mi\u00e9rcoles 9 de abril el sitio de Facebook Argentina en AM y FM, AM 1160 Radio La M\u00e1s Santiague\u00f1a, emisora con estudios en Gregorio de Laferrere, partido de La Matanza, ha dejado de salir al aire en los \u00faltimos d\u00edas. Argentina en AM y FM recuerda que Radio La M\u00e1s Santiague\u00f1a comenz\u00f3 &hellip; <a href=\"https:\/\/amplitudmodulada.com.ar\/index.php\/noticia13695\/\" class=\"more-link\">Continu\u00e1 leyendo <span class=\"screen-reader-text\">Deja de emitir AM 1160 Radio La M\u00e1s Santiague\u00f1a<\/span><\/a><\/p>\n","protected":false},"author":1,"featured_media":0,"parent":0,"menu_order":0,"comment_status":"closed","ping_status":"closed","template":"","meta":{"footnotes":""},"class_list":["post-7432","page","type-page","status-publish","hentry"],"_links":{"self":[{"href":"https:\/\/amplitudmodulada.com.ar\/index.php\/wp-json\/wp\/v2\/pages\/7432","targetHints":{"allow":["GET"]}}],"collection":[{"href":"https:\/\/amplitudmodulada.com.ar\/index.php\/wp-json\/wp\/v2\/pages"}],"about":[{"href":"https:\/\/amplitudmodulada.com.ar\/index.php\/wp-json\/wp\/v2\/types\/page"}],"author":[{"embeddable":true,"href":"https:\/\/amplitudmodulada.com.ar\/index.php\/wp-json\/wp\/v2\/users\/1"}],"replies":[{"embeddable":true,"href":"https:\/\/amplitudmodulada.com.ar\/index.php\/wp-json\/wp\/v2\/comments?post=7432"}],"version-history":[{"count":3,"href":"https:\/\/amplitudmodulada.com.ar\/index.php\/wp-json\/wp\/v2\/pages\/7432\/revisions"}],"predecessor-version":[{"id":7438,"href":"https:\/\/amplitudmodulada.com.ar\/index.php\/wp-json\/wp\/v2\/pages\/7432\/revisions\/7438"}],"wp:attachment":[{"href":"https:\/\/amplitudmodulada.com.ar\/index.php\/wp-json\/wp\/v2\/media?parent=7432"}],"curies":[{"name":"wp","href":"https:\/\/api.w.org\/{rel}","templated":true}]}}