{"id":7441,"date":"2025-06-11T20:36:24","date_gmt":"2025-06-11T23:36:24","guid":{"rendered":"https:\/\/amplitudmodulada.com.ar\/?page_id=7441"},"modified":"2025-06-11T20:49:22","modified_gmt":"2025-06-11T23:49:22","slug":"noticia13696","status":"publish","type":"page","link":"https:\/\/amplitudmodulada.com.ar\/index.php\/noticia13696\/","title":{"rendered":"Destacan la consolidaci\u00f3n de El Destape Radio como una de las radios m\u00e1s escuchadas del pa\u00eds"},"content":{"rendered":"\n<figure class=\"wp-block-image size-full\"><img loading=\"lazy\" decoding=\"async\" width=\"110\" height=\"110\" src=\"http:\/\/amplitudmodulada.com.ar\/wp-content\/uploads\/2024\/11\/1070-e1730586473284.png\" alt=\"\" class=\"wp-image-4542\"\/><\/figure>\n\n\n\n<p>En su edici\u00f3n de este mi\u00e9rcoles 9 de abril, el portal El Destape Web destac\u00f3 la consolidaci\u00f3n de LR1 El Destape Radio como una de las radios m\u00e1s escuchadas del pa\u00eds.<\/p>\n\n\n\n<p>Seg\u00fan la \u00faltima medici\u00f3n de audiencia de Kantar Ibope Media, El Destape Radio se ubic\u00f3 en el quinto lugar entre las emisoras de Amplitud Modulada m\u00e1s escuchadas, detr\u00e1s de LR6 Radio Mitre, LRL202 Radio 10, LS5 Radio Rivadavia y LR5 Radio La Red.<\/p>\n\n\n\n<p>El Destape Radio se incorpor\u00f3 a las mediciones de Kantar Ibope Media en diciembre del a\u00f1o pasado.<\/p>\n\n\n\n<p>En ese marco, la franja comprendida entre las 10.00 y las 12.00 horas, en la que se emite el programa &#8220;El Pase&#8221; con Roberto Navarro, ocupa el tercer lugar, solo superada por Radio Mitre y Radio 10.<\/p>\n\n\n\n<p>La emisora que dirige Roberto Navarro integra un grupo de medios que comprende el portal El Destape Web y la emisora de Frecuencia Modulada Re, que sale al aire en 107.5 Mhz.<\/p>\n\n\n\n<p>Adem\u00e1s, El Destape Radio se emite en formato audiovisual a trav\u00e9s de YouTube y del canal 20 de Telecentro.<\/p>\n\n\n\n<p>Fuente: <a href=\"http:\/\/www.eldestapeweb.com\" data-type=\"link\" data-id=\"www.eldestapeweb.com\" target=\"_blank\" rel=\"noreferrer noopener\">www.eldestapeweb.com<\/a> | Ciudad Aut\u00f3noma de Buenos Aires | 09.04.25<\/p>\n","protected":false},"excerpt":{"rendered":"<p>En su edici\u00f3n de este mi\u00e9rcoles 9 de abril, el portal El Destape Web destac\u00f3 la consolidaci\u00f3n de LR1 El Destape Radio como una de las radios m\u00e1s escuchadas del pa\u00eds. Seg\u00fan la \u00faltima medici\u00f3n de audiencia de Kantar Ibope Media, El Destape Radio se ubic\u00f3 en el quinto lugar entre las emisoras de Amplitud &hellip; <a href=\"https:\/\/amplitudmodulada.com.ar\/index.php\/noticia13696\/\" class=\"more-link\">Continu\u00e1 leyendo <span class=\"screen-reader-text\">Destacan la consolidaci\u00f3n de El Destape Radio como una de las radios m\u00e1s escuchadas del pa\u00eds<\/span><\/a><\/p>\n","protected":false},"author":1,"featured_media":0,"parent":0,"menu_order":0,"comment_status":"closed","ping_status":"closed","template":"","meta":{"footnotes":""},"class_list":["post-7441","page","type-page","status-publish","hentry"],"_links":{"self":[{"href":"https:\/\/amplitudmodulada.com.ar\/index.php\/wp-json\/wp\/v2\/pages\/7441","targetHints":{"allow":["GET"]}}],"collection":[{"href":"https:\/\/amplitudmodulada.com.ar\/index.php\/wp-json\/wp\/v2\/pages"}],"about":[{"href":"https:\/\/amplitudmodulada.com.ar\/index.php\/wp-json\/wp\/v2\/types\/page"}],"author":[{"embeddable":true,"href":"https:\/\/amplitudmodulada.com.ar\/index.php\/wp-json\/wp\/v2\/users\/1"}],"replies":[{"embeddable":true,"href":"https:\/\/amplitudmodulada.com.ar\/index.php\/wp-json\/wp\/v2\/comments?post=7441"}],"version-history":[{"count":2,"href":"https:\/\/amplitudmodulada.com.ar\/index.php\/wp-json\/wp\/v2\/pages\/7441\/revisions"}],"predecessor-version":[{"id":7444,"href":"https:\/\/amplitudmodulada.com.ar\/index.php\/wp-json\/wp\/v2\/pages\/7441\/revisions\/7444"}],"wp:attachment":[{"href":"https:\/\/amplitudmodulada.com.ar\/index.php\/wp-json\/wp\/v2\/media?parent=7441"}],"curies":[{"name":"wp","href":"https:\/\/api.w.org\/{rel}","templated":true}]}}