{"id":7447,"date":"2025-06-12T08:11:11","date_gmt":"2025-06-12T11:11:11","guid":{"rendered":"https:\/\/amplitudmodulada.com.ar\/?page_id=7447"},"modified":"2025-06-12T08:23:15","modified_gmt":"2025-06-12T11:23:15","slug":"noticia13697","status":"publish","type":"page","link":"https:\/\/amplitudmodulada.com.ar\/index.php\/noticia13697\/","title":{"rendered":"Radio Con Vos celebr\u00f3 sus diez a\u00f1os en el aire"},"content":{"rendered":"\n<figure class=\"wp-block-image size-full\"><img loading=\"lazy\" decoding=\"async\" width=\"162\" height=\"80\" src=\"http:\/\/amplitudmodulada.com.ar\/wp-content\/uploads\/2024\/04\/convos-e1714156853845.png\" alt=\"\" class=\"wp-image-1792\"\/><\/figure>\n\n\n\n<p>M\u00e1s de tres mil quinientas personas se reunieron ayer martes en el C Art Media para celebrar los diez a\u00f1os en el aire de la emisora de Frecuencia Modulada Radio Con Vos.<\/p>\n\n\n\n<p>El evento incluy\u00f3 un &#8220;Super Pase&#8221; en vivo, protagonizado por voces hist\u00f3ricas de la radio, como Ernesto Tenembaum, Romina Manguel, Reynaldo Sietecase, Alejandro Bercovich, Mar\u00eda O&#8217;Donnell, Diego Iglesias e Iv\u00e1n Schargrodsky, que analizaron la actualidad y recordaron momentos clave de la emisora.<\/p>\n\n\n\n<p>El conductor del encuentro fue Lalo Mir, que guio el evento entre homenajes y novedades.<\/p>\n\n\n\n<p>Uno de los anuncios m\u00e1s esperados fue la incorporaci\u00f3n de Ignacio Gir\u00f3n y Tamara Pettinato en la franja de las 20.00 a las 22.00 horas y de Diego Iglesias, que estar\u00e1 junto Juli\u00e1n Marini los s\u00e1bados de 9.00 a 12.00 horas.<\/p>\n\n\n\n<p>El momento m\u00e1s emotivo de la noche fue el homenaje al periodista Marcelo Zlotogwiazda, una de las figuras m\u00e1s queridas de la radio y fallecido en octubre de 2019.<\/p>\n\n\n\n<p>La noche cerr\u00f3 con un show musical de La Bersuit.<\/p>\n\n\n\n<p>Radio Con Vos sale al aire en 89.9 Mhz.<\/p>\n\n\n\n<p>Fuente: <a href=\"http:\/\/www.radioconvos.com.ar\" data-type=\"link\" data-id=\"www.radioconvos.com.ar\" target=\"_blank\" rel=\"noreferrer noopener\">www.radioconvos.com.ar<\/a> | Ciudad Aut\u00f3noma de Buenos Aires | 10.04.25<\/p>\n","protected":false},"excerpt":{"rendered":"<p>M\u00e1s de tres mil quinientas personas se reunieron ayer martes en el C Art Media para celebrar los diez a\u00f1os en el aire de la emisora de Frecuencia Modulada Radio Con Vos. El evento incluy\u00f3 un &#8220;Super Pase&#8221; en vivo, protagonizado por voces hist\u00f3ricas de la radio, como Ernesto Tenembaum, Romina Manguel, Reynaldo Sietecase, Alejandro &hellip; <a href=\"https:\/\/amplitudmodulada.com.ar\/index.php\/noticia13697\/\" class=\"more-link\">Continu\u00e1 leyendo <span class=\"screen-reader-text\">Radio Con Vos celebr\u00f3 sus diez a\u00f1os en el aire<\/span><\/a><\/p>\n","protected":false},"author":1,"featured_media":0,"parent":0,"menu_order":0,"comment_status":"closed","ping_status":"closed","template":"","meta":{"footnotes":""},"class_list":["post-7447","page","type-page","status-publish","hentry"],"_links":{"self":[{"href":"https:\/\/amplitudmodulada.com.ar\/index.php\/wp-json\/wp\/v2\/pages\/7447","targetHints":{"allow":["GET"]}}],"collection":[{"href":"https:\/\/amplitudmodulada.com.ar\/index.php\/wp-json\/wp\/v2\/pages"}],"about":[{"href":"https:\/\/amplitudmodulada.com.ar\/index.php\/wp-json\/wp\/v2\/types\/page"}],"author":[{"embeddable":true,"href":"https:\/\/amplitudmodulada.com.ar\/index.php\/wp-json\/wp\/v2\/users\/1"}],"replies":[{"embeddable":true,"href":"https:\/\/amplitudmodulada.com.ar\/index.php\/wp-json\/wp\/v2\/comments?post=7447"}],"version-history":[{"count":2,"href":"https:\/\/amplitudmodulada.com.ar\/index.php\/wp-json\/wp\/v2\/pages\/7447\/revisions"}],"predecessor-version":[{"id":7450,"href":"https:\/\/amplitudmodulada.com.ar\/index.php\/wp-json\/wp\/v2\/pages\/7447\/revisions\/7450"}],"wp:attachment":[{"href":"https:\/\/amplitudmodulada.com.ar\/index.php\/wp-json\/wp\/v2\/media?parent=7447"}],"curies":[{"name":"wp","href":"https:\/\/api.w.org\/{rel}","templated":true}]}}