{"id":746,"date":"2024-02-11T13:19:10","date_gmt":"2024-02-11T16:19:10","guid":{"rendered":"https:\/\/amplitudmodulada.com.ar\/?page_id=746"},"modified":"2024-02-11T13:26:59","modified_gmt":"2024-02-11T16:26:59","slug":"noticia12866","status":"publish","type":"page","link":"https:\/\/amplitudmodulada.com.ar\/index.php\/noticia12866\/","title":{"rendered":"El periodista Pablo Montagna es desvinculado de Radio Rivadavia"},"content":{"rendered":"\n<figure class=\"wp-block-image size-full\"><img loading=\"lazy\" decoding=\"async\" width=\"174\" height=\"60\" src=\"http:\/\/amplitudmodulada.com.ar\/wp-content\/uploads\/2024\/01\/630-e1704586384620.png\" alt=\"\" class=\"wp-image-115\"\/><\/figure>\n\n\n\n<p>El periodista de espect\u00e1culos Pablo Montagna no continuar\u00e1 en LS5 Radio Rivadavia, emisora en la que todos los domingos conduc\u00eda el programa &#8220;Pasa Montagna&#8221;.<\/p>\n\n\n\n<p>&#8220;El pasado viernes se decidi\u00f3 hacer un cambio de programaci\u00f3n de \u00faltimo momento para los domingos. La misma ser\u00e1 de m\u00e1s actualidad y los programas ser\u00e1n de esa l\u00ednea. La del s\u00e1bado ya estaba cerrada y firmada, se decidi\u00f3 levantarme&#8221;, escribi\u00f3 el periodista en la red social X.<\/p>\n\n\n\n<p>En ese sentido, agreg\u00f3 que &#8220;estoy sin radio para este a\u00f1o cuando ya ten\u00eda todo arreglado para hacer la quinta temporada de Pasa Montagna y ser columnista de Nelson Castro (no lo ser\u00e9 porque no hay plata para ofrecerme, o sea no es que no acept\u00e9 lo que me ofrecieron)&#8221;.<\/p>\n\n\n\n<p>30.01.24<\/p>\n","protected":false},"excerpt":{"rendered":"<p>El periodista de espect\u00e1culos Pablo Montagna no continuar\u00e1 en LS5 Radio Rivadavia, emisora en la que todos los domingos conduc\u00eda el programa &#8220;Pasa Montagna&#8221;. &#8220;El pasado viernes se decidi\u00f3 hacer un cambio de programaci\u00f3n de \u00faltimo momento para los domingos. La misma ser\u00e1 de m\u00e1s actualidad y los programas ser\u00e1n de esa l\u00ednea. La del &hellip; <a href=\"https:\/\/amplitudmodulada.com.ar\/index.php\/noticia12866\/\" class=\"more-link\">Continu\u00e1 leyendo <span class=\"screen-reader-text\">El periodista Pablo Montagna es desvinculado de Radio Rivadavia<\/span><\/a><\/p>\n","protected":false},"author":1,"featured_media":0,"parent":0,"menu_order":0,"comment_status":"closed","ping_status":"closed","template":"","meta":{"footnotes":""},"class_list":["post-746","page","type-page","status-publish","hentry"],"_links":{"self":[{"href":"https:\/\/amplitudmodulada.com.ar\/index.php\/wp-json\/wp\/v2\/pages\/746","targetHints":{"allow":["GET"]}}],"collection":[{"href":"https:\/\/amplitudmodulada.com.ar\/index.php\/wp-json\/wp\/v2\/pages"}],"about":[{"href":"https:\/\/amplitudmodulada.com.ar\/index.php\/wp-json\/wp\/v2\/types\/page"}],"author":[{"embeddable":true,"href":"https:\/\/amplitudmodulada.com.ar\/index.php\/wp-json\/wp\/v2\/users\/1"}],"replies":[{"embeddable":true,"href":"https:\/\/amplitudmodulada.com.ar\/index.php\/wp-json\/wp\/v2\/comments?post=746"}],"version-history":[{"count":2,"href":"https:\/\/amplitudmodulada.com.ar\/index.php\/wp-json\/wp\/v2\/pages\/746\/revisions"}],"predecessor-version":[{"id":749,"href":"https:\/\/amplitudmodulada.com.ar\/index.php\/wp-json\/wp\/v2\/pages\/746\/revisions\/749"}],"wp:attachment":[{"href":"https:\/\/amplitudmodulada.com.ar\/index.php\/wp-json\/wp\/v2\/media?parent=746"}],"curies":[{"name":"wp","href":"https:\/\/api.w.org\/{rel}","templated":true}]}}