{"id":7471,"date":"2025-06-14T19:16:22","date_gmt":"2025-06-14T22:16:22","guid":{"rendered":"https:\/\/amplitudmodulada.com.ar\/?page_id=7471"},"modified":"2025-06-14T19:22:03","modified_gmt":"2025-06-14T22:22:03","slug":"noticia13700","status":"publish","type":"page","link":"https:\/\/amplitudmodulada.com.ar\/index.php\/noticia13700\/","title":{"rendered":"Destacan que Radio 10 es la emisora que tiene el mayor tiempo de escucha"},"content":{"rendered":"\n<figure class=\"wp-block-image size-full\"><img loading=\"lazy\" decoding=\"async\" width=\"126\" height=\"80\" src=\"http:\/\/amplitudmodulada.com.ar\/wp-content\/uploads\/2024\/01\/710-e1704587121920.png\" alt=\"\" class=\"wp-image-122\"\/><\/figure>\n\n\n\n<p>LRL202 Radio 10 destac\u00f3 este jueves que, de acuerdo a las \u00faltimas mediciones de audiencia realizadas por Kantar Ibope Media, es la emisora de Amplitud Modulada con mayor tiempo de escucha, con 3.39 horas.<\/p>\n\n\n\n<p>Con respecto al share, una de las variables que mide la audiencia, Radio 10 creci\u00f3 con respecto a la \u00faltima medici\u00f3n al alcanzar el 17,22%.<\/p>\n\n\n\n<p>De esta manera, estir\u00f3 la diferencia con LS5 Radio Rivadavia y LR5 Radio La Red a m\u00e1s de cinco puntos.<\/p>\n\n\n\n<p>En ese marco, la emisora destac\u00f3 que los ciclos que conducen Carlos Polimeni, Liliana L\u00f3pez Foresi, el sacerdote Juan Carlos Molina y Antonio Novas se encuentran primeros en su franja horaria.<\/p>\n\n\n\n<p>Fuente: <a href=\"http:\/\/www.radio10.com.ar\" data-type=\"link\" data-id=\"www.radio10.com.ar\" target=\"_blank\" rel=\"noreferrer noopener\">www.radio10.com.ar<\/a> | Ciudad Aut\u00f3noma de Buenos Aires | 10.04.25<\/p>\n","protected":false},"excerpt":{"rendered":"<p>LRL202 Radio 10 destac\u00f3 este jueves que, de acuerdo a las \u00faltimas mediciones de audiencia realizadas por Kantar Ibope Media, es la emisora de Amplitud Modulada con mayor tiempo de escucha, con 3.39 horas. Con respecto al share, una de las variables que mide la audiencia, Radio 10 creci\u00f3 con respecto a la \u00faltima medici\u00f3n &hellip; <a href=\"https:\/\/amplitudmodulada.com.ar\/index.php\/noticia13700\/\" class=\"more-link\">Continu\u00e1 leyendo <span class=\"screen-reader-text\">Destacan que Radio 10 es la emisora que tiene el mayor tiempo de escucha<\/span><\/a><\/p>\n","protected":false},"author":1,"featured_media":0,"parent":0,"menu_order":0,"comment_status":"closed","ping_status":"closed","template":"","meta":{"footnotes":""},"class_list":["post-7471","page","type-page","status-publish","hentry"],"_links":{"self":[{"href":"https:\/\/amplitudmodulada.com.ar\/index.php\/wp-json\/wp\/v2\/pages\/7471","targetHints":{"allow":["GET"]}}],"collection":[{"href":"https:\/\/amplitudmodulada.com.ar\/index.php\/wp-json\/wp\/v2\/pages"}],"about":[{"href":"https:\/\/amplitudmodulada.com.ar\/index.php\/wp-json\/wp\/v2\/types\/page"}],"author":[{"embeddable":true,"href":"https:\/\/amplitudmodulada.com.ar\/index.php\/wp-json\/wp\/v2\/users\/1"}],"replies":[{"embeddable":true,"href":"https:\/\/amplitudmodulada.com.ar\/index.php\/wp-json\/wp\/v2\/comments?post=7471"}],"version-history":[{"count":2,"href":"https:\/\/amplitudmodulada.com.ar\/index.php\/wp-json\/wp\/v2\/pages\/7471\/revisions"}],"predecessor-version":[{"id":7474,"href":"https:\/\/amplitudmodulada.com.ar\/index.php\/wp-json\/wp\/v2\/pages\/7471\/revisions\/7474"}],"wp:attachment":[{"href":"https:\/\/amplitudmodulada.com.ar\/index.php\/wp-json\/wp\/v2\/media?parent=7471"}],"curies":[{"name":"wp","href":"https:\/\/api.w.org\/{rel}","templated":true}]}}