{"id":752,"date":"2024-02-12T13:05:59","date_gmt":"2024-02-12T16:05:59","guid":{"rendered":"https:\/\/amplitudmodulada.com.ar\/?page_id=752"},"modified":"2024-02-12T17:25:51","modified_gmt":"2024-02-12T20:25:51","slug":"noticia12867","status":"publish","type":"page","link":"https:\/\/amplitudmodulada.com.ar\/index.php\/noticia12867\/","title":{"rendered":"Uni\u00f3n por la Patria reclama que se revierta la intervenci\u00f3n del Ente Nacional de Comunicaciones"},"content":{"rendered":"\n<figure class=\"wp-block-image size-full is-resized\"><img decoding=\"async\" src=\"http:\/\/amplitudmodulada.com.ar\/wp-content\/uploads\/2024\/01\/uxp.png\" alt=\"\" class=\"wp-image-505\" style=\"width:91px;height:auto\"\/><\/figure>\n\n\n\n<p>Un grupo de diputados nacionales del bloque de Uni\u00f3n por la Patria reclam\u00f3 que se revierta la intervenci\u00f3n del Ente Nacional de Comunicaciones dispuesta en el d\u00eda de ayer por el Gobierno Nacional.<\/p>\n\n\n\n<p>La medida del Poder Ejecutivo, tomada a trav\u00e9s del Decreto 89\/2024, dispuso intervenir dicho organismo por ciento ochenta d\u00edas y designar como interventor a Juan Mart\u00edn Ozores, consultor y ex empleado de Movistar.<\/p>\n\n\n\n<p>&#8220;El presidente interviene el ENACOM para desregular y favorecer a las grandes empresas del sector a espaldas del pueblo argentino&#8221;, advierte el grupo de los legisladores, encabezados por Pablo Carro.<\/p>\n\n\n\n<p>Los diputados pidieron el respeto e inmediato cumplimiento de la legislaci\u00f3n vigente respecto de la conformaci\u00f3n del directorio del Ente Nacional de Comunicaciones como organismo colegiado de aplicaci\u00f3n de las leyes 26.522 y 27.078.<\/p>\n\n\n\n<p>El decreto encomienda a los interventores relevar el estado de situaci\u00f3n del ente y proponer modificaciones regulatorias y administrativas,<\/p>\n\n\n\n<p>&#8220;Creo que hay intenciones ocultas con este accionar, creo que el Presidente quiere eliminar la representaci\u00f3n opositora en el ENACOM y as\u00ed poder avanzar en favorecer a las grandes empresas del sector, a espaldas del pueblo argentino&#8221;, se\u00f1al\u00f3 el diputado Pablo Carro.<\/p>\n\n\n\n<p>Fuente: <a href=\"http:\/\/www.pagina12.com.ar\" data-type=\"link\" data-id=\"www.pagina12.com.ar\" target=\"_blank\" rel=\"noreferrer noopener\">www.pagina12.com.ar<\/a> | Ciudad Aut\u00f3noma de Buenos Aires | 30.01.24<\/p>\n","protected":false},"excerpt":{"rendered":"<p>Un grupo de diputados nacionales del bloque de Uni\u00f3n por la Patria reclam\u00f3 que se revierta la intervenci\u00f3n del Ente Nacional de Comunicaciones dispuesta en el d\u00eda de ayer por el Gobierno Nacional. La medida del Poder Ejecutivo, tomada a trav\u00e9s del Decreto 89\/2024, dispuso intervenir dicho organismo por ciento ochenta d\u00edas y designar como &hellip; <a href=\"https:\/\/amplitudmodulada.com.ar\/index.php\/noticia12867\/\" class=\"more-link\">Continu\u00e1 leyendo <span class=\"screen-reader-text\">Uni\u00f3n por la Patria reclama que se revierta la intervenci\u00f3n del Ente Nacional de Comunicaciones<\/span><\/a><\/p>\n","protected":false},"author":1,"featured_media":0,"parent":0,"menu_order":0,"comment_status":"closed","ping_status":"closed","template":"","meta":{"footnotes":""},"class_list":["post-752","page","type-page","status-publish","hentry"],"_links":{"self":[{"href":"https:\/\/amplitudmodulada.com.ar\/index.php\/wp-json\/wp\/v2\/pages\/752","targetHints":{"allow":["GET"]}}],"collection":[{"href":"https:\/\/amplitudmodulada.com.ar\/index.php\/wp-json\/wp\/v2\/pages"}],"about":[{"href":"https:\/\/amplitudmodulada.com.ar\/index.php\/wp-json\/wp\/v2\/types\/page"}],"author":[{"embeddable":true,"href":"https:\/\/amplitudmodulada.com.ar\/index.php\/wp-json\/wp\/v2\/users\/1"}],"replies":[{"embeddable":true,"href":"https:\/\/amplitudmodulada.com.ar\/index.php\/wp-json\/wp\/v2\/comments?post=752"}],"version-history":[{"count":3,"href":"https:\/\/amplitudmodulada.com.ar\/index.php\/wp-json\/wp\/v2\/pages\/752\/revisions"}],"predecessor-version":[{"id":757,"href":"https:\/\/amplitudmodulada.com.ar\/index.php\/wp-json\/wp\/v2\/pages\/752\/revisions\/757"}],"wp:attachment":[{"href":"https:\/\/amplitudmodulada.com.ar\/index.php\/wp-json\/wp\/v2\/media?parent=752"}],"curies":[{"name":"wp","href":"https:\/\/api.w.org\/{rel}","templated":true}]}}