{"id":7520,"date":"2025-06-15T20:26:08","date_gmt":"2025-06-15T23:26:08","guid":{"rendered":"https:\/\/amplitudmodulada.com.ar\/?page_id=7520"},"modified":"2025-06-15T20:34:21","modified_gmt":"2025-06-15T23:34:21","slug":"noticia13708","status":"publish","type":"page","link":"https:\/\/amplitudmodulada.com.ar\/index.php\/noticia13708\/","title":{"rendered":"Interrumpe sus emisiones AM 1010 Onda Latina"},"content":{"rendered":"\n<figure class=\"wp-block-image size-full\"><img loading=\"lazy\" decoding=\"async\" width=\"150\" height=\"100\" src=\"http:\/\/amplitudmodulada.com.ar\/wp-content\/uploads\/2025\/06\/1010-e1750030035838.png\" alt=\"\" class=\"wp-image-7523\"\/><\/figure>\n\n\n\n<p>Seg\u00fan destaca este martes 15 de abril el sitio de Facebook Argentina en AM y FM, en los \u00faltimos d\u00edas ha interrumpido sus emisiones habituales AM 1010 Onda Latina, emisora con estudios en la Ciudad Aut\u00f3noma de Buenos Aires.<\/p>\n\n\n\n<p>Asimismo, Argentina en AM y FM destaca que AM 680 Radio Magna, emisora con estudios en Villa Martelli, partido de Vicente L\u00f3pez, tambi\u00e9n interrumpi\u00f3 sus emisiones, apenas un d\u00eda despu\u00e9s de haber vuelto al aire.<\/p>\n\n\n\n<p>Otras emisoras que permanecen inactivas desde hace bastante tiempo son AM 1440 Radio Impacto de Tapiales, partido de La Matanza, LRI213 Radio El Sol de la Ciudad de Buenos Aires, AM 1000 Radio Sinton\u00eda de Jos\u00e9 C. Paz, y AM 1530 La Voz del Futuro de Parque Independencia, partido de Merlo.<\/p>\n\n\n\n<p>15.04.25<\/p>\n","protected":false},"excerpt":{"rendered":"<p>Seg\u00fan destaca este martes 15 de abril el sitio de Facebook Argentina en AM y FM, en los \u00faltimos d\u00edas ha interrumpido sus emisiones habituales AM 1010 Onda Latina, emisora con estudios en la Ciudad Aut\u00f3noma de Buenos Aires. Asimismo, Argentina en AM y FM destaca que AM 680 Radio Magna, emisora con estudios en &hellip; <a href=\"https:\/\/amplitudmodulada.com.ar\/index.php\/noticia13708\/\" class=\"more-link\">Continu\u00e1 leyendo <span class=\"screen-reader-text\">Interrumpe sus emisiones AM 1010 Onda Latina<\/span><\/a><\/p>\n","protected":false},"author":1,"featured_media":0,"parent":0,"menu_order":0,"comment_status":"closed","ping_status":"closed","template":"","meta":{"footnotes":""},"class_list":["post-7520","page","type-page","status-publish","hentry"],"_links":{"self":[{"href":"https:\/\/amplitudmodulada.com.ar\/index.php\/wp-json\/wp\/v2\/pages\/7520","targetHints":{"allow":["GET"]}}],"collection":[{"href":"https:\/\/amplitudmodulada.com.ar\/index.php\/wp-json\/wp\/v2\/pages"}],"about":[{"href":"https:\/\/amplitudmodulada.com.ar\/index.php\/wp-json\/wp\/v2\/types\/page"}],"author":[{"embeddable":true,"href":"https:\/\/amplitudmodulada.com.ar\/index.php\/wp-json\/wp\/v2\/users\/1"}],"replies":[{"embeddable":true,"href":"https:\/\/amplitudmodulada.com.ar\/index.php\/wp-json\/wp\/v2\/comments?post=7520"}],"version-history":[{"count":2,"href":"https:\/\/amplitudmodulada.com.ar\/index.php\/wp-json\/wp\/v2\/pages\/7520\/revisions"}],"predecessor-version":[{"id":7524,"href":"https:\/\/amplitudmodulada.com.ar\/index.php\/wp-json\/wp\/v2\/pages\/7520\/revisions\/7524"}],"wp:attachment":[{"href":"https:\/\/amplitudmodulada.com.ar\/index.php\/wp-json\/wp\/v2\/media?parent=7520"}],"curies":[{"name":"wp","href":"https:\/\/api.w.org\/{rel}","templated":true}]}}