{"id":7627,"date":"2025-06-20T16:44:40","date_gmt":"2025-06-20T19:44:40","guid":{"rendered":"https:\/\/amplitudmodulada.com.ar\/?page_id=7627"},"modified":"2025-06-20T16:50:39","modified_gmt":"2025-06-20T19:50:39","slug":"noticia13724","status":"publish","type":"page","link":"https:\/\/amplitudmodulada.com.ar\/index.php\/noticia13724\/","title":{"rendered":"Radio Rivadavia cumpli\u00f3 noventa y siete a\u00f1os en el aire"},"content":{"rendered":"\n<figure class=\"wp-block-image size-full\"><img loading=\"lazy\" decoding=\"async\" width=\"174\" height=\"60\" src=\"http:\/\/amplitudmodulada.com.ar\/wp-content\/uploads\/2024\/01\/630-e1704586384620.png\" alt=\"\" class=\"wp-image-115\"\/><\/figure>\n\n\n\n<p>LS5 Radio Rivadavia cumpli\u00f3 este jueves 24 de abril noventa y siete a\u00f1os en el aire y lo celebr\u00f3 con una programaci\u00f3n especial, que cont\u00f3 con la presencia del presidente Javier Milei.<\/p>\n\n\n\n<p>&#8220;Felices noventa y siete a\u00f1os, apostando d\u00eda a d\u00eda con ganas y compromiso para seguir siendo la radio m\u00e1s importante del pa\u00eds&#8221;, se\u00f1al\u00f3 el mensaje institucional que son\u00f3 en las pautas publicitarias, junto a recuerdos destacados y los saludos de los oyentes.<\/p>\n\n\n\n<p>Asimismo, la periodista Cristina P\u00e9rez dialog\u00f3 con el primer mandatario en el ciclo &#8220;Cristina Sin Vueltas&#8221;, que se emite de lunes a viernes de 12.00 a 15.00 horas, mientras que el resto de los ciclos se vieron atravesados como siempre por los temas de actualidad y la conexi\u00f3n con los oyentes.<\/p>\n\n\n\n<p>Fuente: <a href=\"http:\/\/www.noticiasargentinas.com\" data-type=\"link\" data-id=\"www.noticiasargentinas.com\" target=\"_blank\" rel=\"noreferrer noopener\">www.noticiasargentinas.com<\/a> | Ciudad Aut\u00f3noma de Buenos Aires | 24.04.25<\/p>\n","protected":false},"excerpt":{"rendered":"<p>LS5 Radio Rivadavia cumpli\u00f3 este jueves 24 de abril noventa y siete a\u00f1os en el aire y lo celebr\u00f3 con una programaci\u00f3n especial, que cont\u00f3 con la presencia del presidente Javier Milei. &#8220;Felices noventa y siete a\u00f1os, apostando d\u00eda a d\u00eda con ganas y compromiso para seguir siendo la radio m\u00e1s importante del pa\u00eds&#8221;, se\u00f1al\u00f3 &hellip; <a href=\"https:\/\/amplitudmodulada.com.ar\/index.php\/noticia13724\/\" class=\"more-link\">Continu\u00e1 leyendo <span class=\"screen-reader-text\">Radio Rivadavia cumpli\u00f3 noventa y siete a\u00f1os en el aire<\/span><\/a><\/p>\n","protected":false},"author":1,"featured_media":0,"parent":0,"menu_order":0,"comment_status":"closed","ping_status":"closed","template":"","meta":{"footnotes":""},"class_list":["post-7627","page","type-page","status-publish","hentry"],"_links":{"self":[{"href":"https:\/\/amplitudmodulada.com.ar\/index.php\/wp-json\/wp\/v2\/pages\/7627","targetHints":{"allow":["GET"]}}],"collection":[{"href":"https:\/\/amplitudmodulada.com.ar\/index.php\/wp-json\/wp\/v2\/pages"}],"about":[{"href":"https:\/\/amplitudmodulada.com.ar\/index.php\/wp-json\/wp\/v2\/types\/page"}],"author":[{"embeddable":true,"href":"https:\/\/amplitudmodulada.com.ar\/index.php\/wp-json\/wp\/v2\/users\/1"}],"replies":[{"embeddable":true,"href":"https:\/\/amplitudmodulada.com.ar\/index.php\/wp-json\/wp\/v2\/comments?post=7627"}],"version-history":[{"count":2,"href":"https:\/\/amplitudmodulada.com.ar\/index.php\/wp-json\/wp\/v2\/pages\/7627\/revisions"}],"predecessor-version":[{"id":7630,"href":"https:\/\/amplitudmodulada.com.ar\/index.php\/wp-json\/wp\/v2\/pages\/7627\/revisions\/7630"}],"wp:attachment":[{"href":"https:\/\/amplitudmodulada.com.ar\/index.php\/wp-json\/wp\/v2\/media?parent=7627"}],"curies":[{"name":"wp","href":"https:\/\/api.w.org\/{rel}","templated":true}]}}