{"id":7853,"date":"2025-07-09T17:02:09","date_gmt":"2025-07-09T20:02:09","guid":{"rendered":"https:\/\/amplitudmodulada.com.ar\/?page_id=7853"},"modified":"2025-07-09T17:10:05","modified_gmt":"2025-07-09T20:10:05","slug":"noticia13758","status":"publish","type":"page","link":"https:\/\/amplitudmodulada.com.ar\/index.php\/noticia13758\/","title":{"rendered":"Radio 10 emitir\u00e1 un programa homenaje a Jos\u00e9 Pepe Mujica"},"content":{"rendered":"\n<figure class=\"wp-block-image size-full\"><img loading=\"lazy\" decoding=\"async\" width=\"126\" height=\"80\" src=\"http:\/\/amplitudmodulada.com.ar\/wp-content\/uploads\/2024\/01\/710-e1704587121920.png\" alt=\"\" class=\"wp-image-122\"\/><\/figure>\n\n\n\n<p>LRL202 Radio 10 emitir\u00e1 este s\u00e1bado 17 de mayo, de17.00 a 18.00 horas un programa homenaje al ex presidente de Uruguay Jos\u00e9 Pepe Mujica, fallecido este martes a los 89 a\u00f1os.<\/p>\n\n\n\n<p>El pol\u00edtico uruguayo fallecido form\u00f3 parte de la programaci\u00f3n de Radio 10, donde fue columnista del programa &#8220;Ma\u00f1ana Sylvestre&#8221;, que conduce el periodista Gustavo Sylvestre y que sale al aire de lunes a viernes de 6.00 a 10.00 horas.<\/p>\n\n\n\n<p>El programa especial podr\u00e1 escucharse tambi\u00e9n por la aplicaci\u00f3n de Radio 10 para tel\u00e9fonos celulares y por el canal de YouTube de la emisora.<\/p>\n\n\n\n<p>Fuente: <a href=\"http:\/\/www.radio10.com.ar\" data-type=\"link\" data-id=\"www.radio10.com.ar\" target=\"_blank\" rel=\"noreferrer noopener\">www.radio10.com.ar<\/a> | Ciudad Aut\u00f3noma de Buenos Aires | 14.05.25 <\/p>\n\n\n\n<p><\/p>\n","protected":false},"excerpt":{"rendered":"<p>LRL202 Radio 10 emitir\u00e1 este s\u00e1bado 17 de mayo, de17.00 a 18.00 horas un programa homenaje al ex presidente de Uruguay Jos\u00e9 Pepe Mujica, fallecido este martes a los 89 a\u00f1os. El pol\u00edtico uruguayo fallecido form\u00f3 parte de la programaci\u00f3n de Radio 10, donde fue columnista del programa &#8220;Ma\u00f1ana Sylvestre&#8221;, que conduce el periodista Gustavo &hellip; <a href=\"https:\/\/amplitudmodulada.com.ar\/index.php\/noticia13758\/\" class=\"more-link\">Continu\u00e1 leyendo <span class=\"screen-reader-text\">Radio 10 emitir\u00e1 un programa homenaje a Jos\u00e9 Pepe Mujica<\/span><\/a><\/p>\n","protected":false},"author":1,"featured_media":0,"parent":0,"menu_order":0,"comment_status":"closed","ping_status":"closed","template":"","meta":{"footnotes":""},"class_list":["post-7853","page","type-page","status-publish","hentry"],"_links":{"self":[{"href":"https:\/\/amplitudmodulada.com.ar\/index.php\/wp-json\/wp\/v2\/pages\/7853","targetHints":{"allow":["GET"]}}],"collection":[{"href":"https:\/\/amplitudmodulada.com.ar\/index.php\/wp-json\/wp\/v2\/pages"}],"about":[{"href":"https:\/\/amplitudmodulada.com.ar\/index.php\/wp-json\/wp\/v2\/types\/page"}],"author":[{"embeddable":true,"href":"https:\/\/amplitudmodulada.com.ar\/index.php\/wp-json\/wp\/v2\/users\/1"}],"replies":[{"embeddable":true,"href":"https:\/\/amplitudmodulada.com.ar\/index.php\/wp-json\/wp\/v2\/comments?post=7853"}],"version-history":[{"count":2,"href":"https:\/\/amplitudmodulada.com.ar\/index.php\/wp-json\/wp\/v2\/pages\/7853\/revisions"}],"predecessor-version":[{"id":7856,"href":"https:\/\/amplitudmodulada.com.ar\/index.php\/wp-json\/wp\/v2\/pages\/7853\/revisions\/7856"}],"wp:attachment":[{"href":"https:\/\/amplitudmodulada.com.ar\/index.php\/wp-json\/wp\/v2\/media?parent=7853"}],"curies":[{"name":"wp","href":"https:\/\/api.w.org\/{rel}","templated":true}]}}