{"id":7909,"date":"2025-07-12T19:29:52","date_gmt":"2025-07-12T22:29:52","guid":{"rendered":"https:\/\/amplitudmodulada.com.ar\/?page_id=7909"},"modified":"2025-07-12T19:36:16","modified_gmt":"2025-07-12T22:36:16","slug":"noticia13766","status":"publish","type":"page","link":"https:\/\/amplitudmodulada.com.ar\/index.php\/noticia13766\/","title":{"rendered":"Cadena 3 confirm\u00f3 que transmitir\u00e1 el Mundial de Clubes"},"content":{"rendered":"\n<figure class=\"wp-block-image size-full\"><img loading=\"lazy\" decoding=\"async\" width=\"169\" height=\"55\" src=\"http:\/\/amplitudmodulada.com.ar\/wp-content\/uploads\/2024\/02\/cadena3-e1709142729643.png\" alt=\"\" class=\"wp-image-1072\"\/><\/figure>\n\n\n\n<p>Cadena 3 Argentina confirm\u00f3 que transmitir\u00e1 el Mundial de Clubes 2025, evento que disputar\u00e1 en distintas ciudades de Estados Unidos entre el 14 de junio y el 13 de julio.<\/p>\n\n\n\n<p>En el mismo competir\u00e1n treinta y dos equipos de todo el planeta, entre ellos Boca Juniors, River Plate y el Inter de Miami de Leonel Messi.<\/p>\n\n\n\n<p>Asimismo, Cadena 3 confirm\u00f3 tambi\u00e9n que adquiri\u00f3 los derechos de transmisi\u00f3n de la Copa del Mundo que se disputar\u00e1 el a\u00f1o pr\u00f3ximo en M\u00e9xico, Estados Unidos y Canad\u00e1 y que por primera vez contar\u00e1 con la participaci\u00f3n de cuarenta y ocho equipos.<\/p>\n\n\n\n<p>Tambi\u00e9n adquiri\u00f3 los derechos de transmisi\u00f3n del Mundial Sub-20, que se disputar\u00e1 en septiembre pr\u00f3ximo en Chile.<\/p>\n\n\n\n<p>Fuente: <a href=\"http:\/\/www.cadena3.com\" data-type=\"link\" data-id=\"www.cadena3.com\" target=\"_blank\" rel=\"noreferrer noopener\">www.cadena3.com<\/a> | Ciudad Aut\u00f3noma de Buenos Aires | 19.05.25<\/p>\n","protected":false},"excerpt":{"rendered":"<p>Cadena 3 Argentina confirm\u00f3 que transmitir\u00e1 el Mundial de Clubes 2025, evento que disputar\u00e1 en distintas ciudades de Estados Unidos entre el 14 de junio y el 13 de julio. En el mismo competir\u00e1n treinta y dos equipos de todo el planeta, entre ellos Boca Juniors, River Plate y el Inter de Miami de Leonel &hellip; <a href=\"https:\/\/amplitudmodulada.com.ar\/index.php\/noticia13766\/\" class=\"more-link\">Continu\u00e1 leyendo <span class=\"screen-reader-text\">Cadena 3 confirm\u00f3 que transmitir\u00e1 el Mundial de Clubes<\/span><\/a><\/p>\n","protected":false},"author":1,"featured_media":0,"parent":0,"menu_order":0,"comment_status":"closed","ping_status":"closed","template":"","meta":{"footnotes":""},"class_list":["post-7909","page","type-page","status-publish","hentry"],"_links":{"self":[{"href":"https:\/\/amplitudmodulada.com.ar\/index.php\/wp-json\/wp\/v2\/pages\/7909","targetHints":{"allow":["GET"]}}],"collection":[{"href":"https:\/\/amplitudmodulada.com.ar\/index.php\/wp-json\/wp\/v2\/pages"}],"about":[{"href":"https:\/\/amplitudmodulada.com.ar\/index.php\/wp-json\/wp\/v2\/types\/page"}],"author":[{"embeddable":true,"href":"https:\/\/amplitudmodulada.com.ar\/index.php\/wp-json\/wp\/v2\/users\/1"}],"replies":[{"embeddable":true,"href":"https:\/\/amplitudmodulada.com.ar\/index.php\/wp-json\/wp\/v2\/comments?post=7909"}],"version-history":[{"count":2,"href":"https:\/\/amplitudmodulada.com.ar\/index.php\/wp-json\/wp\/v2\/pages\/7909\/revisions"}],"predecessor-version":[{"id":7912,"href":"https:\/\/amplitudmodulada.com.ar\/index.php\/wp-json\/wp\/v2\/pages\/7909\/revisions\/7912"}],"wp:attachment":[{"href":"https:\/\/amplitudmodulada.com.ar\/index.php\/wp-json\/wp\/v2\/media?parent=7909"}],"curies":[{"name":"wp","href":"https:\/\/api.w.org\/{rel}","templated":true}]}}